{"id":5353,"date":"2023-09-29T13:31:26","date_gmt":"2023-09-29T13:31:26","guid":{"rendered":"https:\/\/deltacultura.designkarussell.com\/ficha-tecnica\/"},"modified":"2023-12-13T12:35:14","modified_gmt":"2023-12-13T12:35:14","slug":"ficha-tecnica","status":"publish","type":"page","link":"https:\/\/www.deltacultura.org\/pt-pt\/ficha-tecnica\/","title":{"rendered":"Ficha T\u00e9cnica"},"content":{"rendered":"\t\t<div data-elementor-type=\"wp-page\" data-elementor-id=\"5353\" class=\"elementor elementor-5353 elementor-5335\" data-elementor-post-type=\"page\">\n\t\t\t\t\t\t<section class=\"elementor-section elementor-top-section elementor-element elementor-element-69070c5 elementor-section-boxed elementor-section-height-default elementor-section-height-default\" data-id=\"69070c5\" data-element_type=\"section\">\n\t\t\t\t\t\t<div class=\"elementor-container elementor-column-gap-default\">\n\t\t\t\t\t<div class=\"elementor-column elementor-col-100 elementor-top-column elementor-element elementor-element-c113e42\" data-id=\"c113e42\" data-element_type=\"column\">\n\t\t\t<div class=\"elementor-widget-wrap elementor-element-populated\">\n\t\t\t\t\t\t<div class=\"elementor-element elementor-element-0513837 elementor-widget elementor-widget-heading\" data-id=\"0513837\" data-element_type=\"widget\" data-widget_type=\"heading.default\">\n\t\t\t\t<div class=\"elementor-widget-container\">\n\t\t\t\t\t<h2 class=\"elementor-heading-title elementor-size-default\">Ficha T\u00e9cnica<\/h2>\t\t\t\t<\/div>\n\t\t\t\t<\/div>\n\t\t\t\t<div class=\"elementor-element elementor-element-8faef65 elementor-widget elementor-widget-text-editor\" data-id=\"8faef65\" data-element_type=\"widget\" data-widget_type=\"text-editor.default\">\n\t\t\t\t<div class=\"elementor-widget-container\">\n\t\t\t\t\t\t\t\t\t<p>Deltacultura.org is the website of Delta Culture Associations \u2013 Association for Intercultural Communication, based in Vienna, Delta Cultura \u2013 Cabo Verde Tarrafal based in Germany and Delta Cultura (i.Gr.) based in Bonn.<\/p><p><strong>Delta Cultura Cabo Verde<\/strong><\/p><p class=\"helpo_contacts_widget_address\">Delta Cultura Cabo Verde<br \/>Vila do Tarrafal, &#8211; Ilha Santiago<br \/>Cabo Verde<\/p><p>Telefon:\u00a0<a href=\"tel:+23826627 01\" data-da-link-item=\"true\" data-da-id=\"188\" data-da-next=\"189\" data-da-prev=\"187\" data-da-focused=\"false\" data-da-down=\"189\" data-da-up=\"187\">+238 266 27 01<\/a><br \/>Email:\u00a0<a href=\"mailto:office@deltacultura.org\" data-da-link-item=\"true\" data-da-id=\"189\" data-da-next=\"190\" data-da-prev=\"188\" data-da-focused=\"false\" data-da-down=\"199\" data-da-up=\"188\">office@deltacultura.org<\/a><\/p><p><strong><span style=\"color: var( --e-global-color-text );\">Delta Cultura Germany<\/span><\/strong><\/p><p class=\"helpo_contacts_widget_address\">Delta Cultura &#8211; Verein f\u00fcr interkulturelle Kommunikation e.V.<br \/>c\/o Vanessa Farhang<br \/>Hainstr. 50<br \/>53121 Bonn<\/p><p>Telefon:\u00a0<a href=\"tel:+4917643594111\" data-da-link-item=\"true\" data-da-id=\"194\" data-da-next=\"195\" data-da-prev=\"193\" data-da-focused=\"false\" data-da-down=\"195\" data-da-right=\"198\" data-da-up=\"193\" data-da-left=\"192\">+49-17643594111<\/a><br \/>Email:\u00a0<a href=\"mailto:officede@deltacultura.org\" data-da-link-item=\"true\" data-da-id=\"195\" data-da-next=\"196\" data-da-prev=\"194\" data-da-focused=\"false\" data-da-up=\"194\">officede@deltacultura.org<\/a><\/p><p><strong>Delta Cultura Austria<\/strong><\/p><p class=\"helpo_contacts_widget_address\">Delta Cultura Austria \u2013 Verein f\u00fcr interkulturelle Kommunikation<br \/>c\/o DI Liz Zimmermann<br \/>Gallitzinstra\u00dfe 94 A<br \/>1160 Wien<\/p><p>Telefon:\u00a0<a href=\"tel:+436505563342\" data-da-link-item=\"true\" data-da-id=\"191\" data-da-next=\"192\" data-da-prev=\"190\" data-da-focused=\"false\" data-da-down=\"192\" data-da-right=\"197\" data-da-up=\"190\">+43 650 556 33 42<\/a><br \/>Email:\u00a0<a href=\"mailto:officewien@deltacultura.org\" data-da-link-item=\"true\" data-da-id=\"192\" data-da-next=\"193\" data-da-prev=\"191\" data-da-focused=\"false\" data-da-right=\"194\" data-da-down=\"216\" data-da-up=\"191\">officewien@deltacultura.org<\/a><\/p><p><strong>Delta Cultura Switzerland<\/strong><\/p><p class=\"helpo_contacts_widget_address\">Delta Cultura Schweiz<br \/>c\/o Natalina Wegenstein<br \/>Mattenstrasse 6<br \/>6020 Emmenbr\u00fccke<\/p><p>Telefon:\u00a0<a href=\"tel:+41784059517\" data-da-link-item=\"true\" data-da-id=\"197\" data-da-next=\"198\" data-da-prev=\"196\" data-da-focused=\"false\" data-da-down=\"198\" data-da-up=\"196\" data-da-left=\"191\">+41 78 405 95 17<\/a><br \/>Email:\u00a0<a href=\"mailto:natalina@deltacultura.org\" data-da-link-item=\"true\" data-da-id=\"198\" data-da-next=\"199\" data-da-prev=\"197\" data-da-focused=\"false\" data-da-up=\"197\" data-da-left=\"194\">natalina@deltacultura.org<\/a><\/p><p>Respons\u00e1vel pelo conte\u00fado, no contexto da legisla\u00e7\u00e3o de imprensa:\u2028<br \/>Florian Wegenstein\u2028<br \/>\u2028Vila do Tarrafal<br \/>\u2028Ilha Santiago\u2028<br \/>Cabo Verde<br \/>Notes:<\/p><p>\u2028For editorial contributions, which are identified by name, the responsibility lies in terms of copyright law with the author or the author. For editorial contributions, which are identified by name, the responsibility lies in terms of copyright law with the author or the author<\/p>\t\t\t\t\t\t\t\t<\/div>\n\t\t\t\t<\/div>\n\t\t\t\t\t<\/div>\n\t\t<\/div>\n\t\t\t\t\t<\/div>\n\t\t<\/section>\n\t\t\t\t<\/div>\n\t\t","protected":false},"excerpt":{"rendered":"<p>Ficha T\u00e9cnica Deltacultura.org is the website of Delta Culture Associations \u2013 Association for Intercultural Communication, based in Vienna, Delta Cultura \u2013 Cabo Verde Tarrafal based in Germany and Delta Cultura (i.Gr.) based in Bonn. Delta Cultura Cabo Verde Delta Cultura Cabo VerdeVila do Tarrafal, &#8211; Ilha SantiagoCabo Verde Telefon:\u00a0+238 266 27 01Email:\u00a0office@deltacultura.org Delta Cultura Germany [&hellip;]<\/p>\n","protected":false},"author":1,"featured_media":8083,"parent":0,"menu_order":0,"comment_status":"closed","ping_status":"closed","template":"","meta":{"inline_featured_image":false,"footnotes":""},"class_list":["post-5353","page","type-page","status-publish","has-post-thumbnail","hentry"],"yoast_head":"<!-- This site is optimized with the Yoast SEO plugin v26.7 - https:\/\/yoast.com\/wordpress\/plugins\/seo\/ -->\n<title>Ficha T\u00e9cnica - Elimina pobreza atrav\u00e9s da Educa\u00e7\u00e3o<\/title>\n<meta name=\"robots\" content=\"index, follow, max-snippet:-1, max-image-preview:large, max-video-preview:-1\" \/>\n<link rel=\"canonical\" href=\"https:\/\/www.deltacultura.org\/pt-pt\/ficha-tecnica\/\" \/>\n<meta property=\"og:locale\" content=\"pt_PT\" \/>\n<meta property=\"og:type\" content=\"article\" \/>\n<meta property=\"og:title\" content=\"Ficha T\u00e9cnica - Elimina pobreza atrav\u00e9s da Educa\u00e7\u00e3o\" \/>\n<meta property=\"og:description\" content=\"Ficha T\u00e9cnica Deltacultura.org is the website of Delta Culture Associations \u2013 Association for Intercultural Communication, based in Vienna, Delta Cultura \u2013 Cabo Verde Tarrafal based in Germany and Delta Cultura (i.Gr.) based in Bonn. Delta Cultura Cabo Verde Delta Cultura Cabo VerdeVila do Tarrafal, &#8211; Ilha SantiagoCabo Verde Telefon:\u00a0+238 266 27 01Email:\u00a0office@deltacultura.org Delta Cultura Germany [&hellip;]\" \/>\n<meta property=\"og:url\" content=\"https:\/\/www.deltacultura.org\/pt-pt\/ficha-tecnica\/\" \/>\n<meta property=\"og:site_name\" content=\"Elimina pobreza atrav\u00e9s da Educa\u00e7\u00e3o\" \/>\n<meta property=\"article:publisher\" content=\"https:\/\/www.facebook.com\/deltacultura\" \/>\n<meta property=\"article:modified_time\" content=\"2023-12-13T12:35:14+00:00\" \/>\n<meta property=\"og:image\" content=\"https:\/\/www.deltacultura.org\/wp-content\/uploads\/2023\/12\/titelbild.jpg\" \/>\n\t<meta property=\"og:image:width\" content=\"1920\" \/>\n\t<meta property=\"og:image:height\" content=\"1280\" \/>\n\t<meta property=\"og:image:type\" content=\"image\/jpeg\" \/>\n<meta name=\"twitter:card\" content=\"summary_large_image\" \/>\n<meta name=\"twitter:site\" content=\"@deltacultura\" \/>\n<meta name=\"twitter:label1\" content=\"Tempo estimado de leitura\" \/>\n\t<meta name=\"twitter:data1\" content=\"2 minutos\" \/>\n<script type=\"application\/ld+json\" class=\"yoast-schema-graph\">{\"@context\":\"https:\/\/schema.org\",\"@graph\":[{\"@type\":\"WebPage\",\"@id\":\"https:\/\/www.deltacultura.org\/pt-pt\/ficha-tecnica\/\",\"url\":\"https:\/\/www.deltacultura.org\/pt-pt\/ficha-tecnica\/\",\"name\":\"Ficha T\u00e9cnica - Elimina pobreza atrav\u00e9s da Educa\u00e7\u00e3o\",\"isPartOf\":{\"@id\":\"https:\/\/www.deltacultura.org\/pt-pt\/#website\"},\"primaryImageOfPage\":{\"@id\":\"https:\/\/www.deltacultura.org\/pt-pt\/ficha-tecnica\/#primaryimage\"},\"image\":{\"@id\":\"https:\/\/www.deltacultura.org\/pt-pt\/ficha-tecnica\/#primaryimage\"},\"thumbnailUrl\":\"https:\/\/www.deltacultura.org\/wp-content\/uploads\/2023\/12\/titelbild.jpg\",\"datePublished\":\"2023-09-29T13:31:26+00:00\",\"dateModified\":\"2023-12-13T12:35:14+00:00\",\"breadcrumb\":{\"@id\":\"https:\/\/www.deltacultura.org\/pt-pt\/ficha-tecnica\/#breadcrumb\"},\"inLanguage\":\"pt-PT\",\"potentialAction\":[{\"@type\":\"ReadAction\",\"target\":[\"https:\/\/www.deltacultura.org\/pt-pt\/ficha-tecnica\/\"]}]},{\"@type\":\"ImageObject\",\"inLanguage\":\"pt-PT\",\"@id\":\"https:\/\/www.deltacultura.org\/pt-pt\/ficha-tecnica\/#primaryimage\",\"url\":\"https:\/\/www.deltacultura.org\/wp-content\/uploads\/2023\/12\/titelbild.jpg\",\"contentUrl\":\"https:\/\/www.deltacultura.org\/wp-content\/uploads\/2023\/12\/titelbild.jpg\",\"width\":1920,\"height\":1280},{\"@type\":\"BreadcrumbList\",\"@id\":\"https:\/\/www.deltacultura.org\/pt-pt\/ficha-tecnica\/#breadcrumb\",\"itemListElement\":[{\"@type\":\"ListItem\",\"position\":1,\"name\":\"Startseite\",\"item\":\"https:\/\/www.deltacultura.org\/pt-pt\/\"},{\"@type\":\"ListItem\",\"position\":2,\"name\":\"Ficha T\u00e9cnica\"}]},{\"@type\":\"WebSite\",\"@id\":\"https:\/\/www.deltacultura.org\/pt-pt\/#website\",\"url\":\"https:\/\/www.deltacultura.org\/pt-pt\/\",\"name\":\"Delta Cultura\",\"description\":\"\",\"publisher\":{\"@id\":\"https:\/\/www.deltacultura.org\/pt-pt\/#organization\"},\"potentialAction\":[{\"@type\":\"SearchAction\",\"target\":{\"@type\":\"EntryPoint\",\"urlTemplate\":\"https:\/\/www.deltacultura.org\/pt-pt\/?s={search_term_string}\"},\"query-input\":{\"@type\":\"PropertyValueSpecification\",\"valueRequired\":true,\"valueName\":\"search_term_string\"}}],\"inLanguage\":\"pt-PT\"},{\"@type\":\"Organization\",\"@id\":\"https:\/\/www.deltacultura.org\/pt-pt\/#organization\",\"name\":\"Delta Cultura\",\"url\":\"https:\/\/www.deltacultura.org\/pt-pt\/\",\"logo\":{\"@type\":\"ImageObject\",\"inLanguage\":\"pt-PT\",\"@id\":\"https:\/\/www.deltacultura.org\/pt-pt\/#\/schema\/logo\/image\/\",\"url\":\"https:\/\/www.deltacultura.org\/wp-content\/uploads\/2023\/11\/Blanco_DeltaCultura.png\",\"contentUrl\":\"https:\/\/www.deltacultura.org\/wp-content\/uploads\/2023\/11\/Blanco_DeltaCultura.png\",\"width\":487,\"height\":160,\"caption\":\"Delta Cultura\"},\"image\":{\"@id\":\"https:\/\/www.deltacultura.org\/pt-pt\/#\/schema\/logo\/image\/\"},\"sameAs\":[\"https:\/\/www.facebook.com\/deltacultura\",\"https:\/\/x.com\/deltacultura\",\"https:\/\/www.instagram.com\/deltacultura\/\",\"https:\/\/www.youtube.com\/channel\/UC4_XsNAaqBgn3R_31jXuwvQ\"]}]}<\/script>\n<!-- \/ Yoast SEO plugin. -->","yoast_head_json":{"title":"Ficha T\u00e9cnica - Elimina pobreza atrav\u00e9s da Educa\u00e7\u00e3o","robots":{"index":"index","follow":"follow","max-snippet":"max-snippet:-1","max-image-preview":"max-image-preview:large","max-video-preview":"max-video-preview:-1"},"canonical":"https:\/\/www.deltacultura.org\/pt-pt\/ficha-tecnica\/","og_locale":"pt_PT","og_type":"article","og_title":"Ficha T\u00e9cnica - Elimina pobreza atrav\u00e9s da Educa\u00e7\u00e3o","og_description":"Ficha T\u00e9cnica Deltacultura.org is the website of Delta Culture Associations \u2013 Association for Intercultural Communication, based in Vienna, Delta Cultura \u2013 Cabo Verde Tarrafal based in Germany and Delta Cultura (i.Gr.) based in Bonn. Delta Cultura Cabo Verde Delta Cultura Cabo VerdeVila do Tarrafal, &#8211; Ilha SantiagoCabo Verde Telefon:\u00a0+238 266 27 01Email:\u00a0office@deltacultura.org Delta Cultura Germany [&hellip;]","og_url":"https:\/\/www.deltacultura.org\/pt-pt\/ficha-tecnica\/","og_site_name":"Elimina pobreza atrav\u00e9s da Educa\u00e7\u00e3o","article_publisher":"https:\/\/www.facebook.com\/deltacultura","article_modified_time":"2023-12-13T12:35:14+00:00","og_image":[{"width":1920,"height":1280,"url":"https:\/\/www.deltacultura.org\/wp-content\/uploads\/2023\/12\/titelbild.jpg","type":"image\/jpeg"}],"twitter_card":"summary_large_image","twitter_site":"@deltacultura","twitter_misc":{"Tempo estimado de leitura":"2 minutos"},"schema":{"@context":"https:\/\/schema.org","@graph":[{"@type":"WebPage","@id":"https:\/\/www.deltacultura.org\/pt-pt\/ficha-tecnica\/","url":"https:\/\/www.deltacultura.org\/pt-pt\/ficha-tecnica\/","name":"Ficha T\u00e9cnica - Elimina pobreza atrav\u00e9s da Educa\u00e7\u00e3o","isPartOf":{"@id":"https:\/\/www.deltacultura.org\/pt-pt\/#website"},"primaryImageOfPage":{"@id":"https:\/\/www.deltacultura.org\/pt-pt\/ficha-tecnica\/#primaryimage"},"image":{"@id":"https:\/\/www.deltacultura.org\/pt-pt\/ficha-tecnica\/#primaryimage"},"thumbnailUrl":"https:\/\/www.deltacultura.org\/wp-content\/uploads\/2023\/12\/titelbild.jpg","datePublished":"2023-09-29T13:31:26+00:00","dateModified":"2023-12-13T12:35:14+00:00","breadcrumb":{"@id":"https:\/\/www.deltacultura.org\/pt-pt\/ficha-tecnica\/#breadcrumb"},"inLanguage":"pt-PT","potentialAction":[{"@type":"ReadAction","target":["https:\/\/www.deltacultura.org\/pt-pt\/ficha-tecnica\/"]}]},{"@type":"ImageObject","inLanguage":"pt-PT","@id":"https:\/\/www.deltacultura.org\/pt-pt\/ficha-tecnica\/#primaryimage","url":"https:\/\/www.deltacultura.org\/wp-content\/uploads\/2023\/12\/titelbild.jpg","contentUrl":"https:\/\/www.deltacultura.org\/wp-content\/uploads\/2023\/12\/titelbild.jpg","width":1920,"height":1280},{"@type":"BreadcrumbList","@id":"https:\/\/www.deltacultura.org\/pt-pt\/ficha-tecnica\/#breadcrumb","itemListElement":[{"@type":"ListItem","position":1,"name":"Startseite","item":"https:\/\/www.deltacultura.org\/pt-pt\/"},{"@type":"ListItem","position":2,"name":"Ficha T\u00e9cnica"}]},{"@type":"WebSite","@id":"https:\/\/www.deltacultura.org\/pt-pt\/#website","url":"https:\/\/www.deltacultura.org\/pt-pt\/","name":"Delta Cultura","description":"","publisher":{"@id":"https:\/\/www.deltacultura.org\/pt-pt\/#organization"},"potentialAction":[{"@type":"SearchAction","target":{"@type":"EntryPoint","urlTemplate":"https:\/\/www.deltacultura.org\/pt-pt\/?s={search_term_string}"},"query-input":{"@type":"PropertyValueSpecification","valueRequired":true,"valueName":"search_term_string"}}],"inLanguage":"pt-PT"},{"@type":"Organization","@id":"https:\/\/www.deltacultura.org\/pt-pt\/#organization","name":"Delta Cultura","url":"https:\/\/www.deltacultura.org\/pt-pt\/","logo":{"@type":"ImageObject","inLanguage":"pt-PT","@id":"https:\/\/www.deltacultura.org\/pt-pt\/#\/schema\/logo\/image\/","url":"https:\/\/www.deltacultura.org\/wp-content\/uploads\/2023\/11\/Blanco_DeltaCultura.png","contentUrl":"https:\/\/www.deltacultura.org\/wp-content\/uploads\/2023\/11\/Blanco_DeltaCultura.png","width":487,"height":160,"caption":"Delta Cultura"},"image":{"@id":"https:\/\/www.deltacultura.org\/pt-pt\/#\/schema\/logo\/image\/"},"sameAs":["https:\/\/www.facebook.com\/deltacultura","https:\/\/x.com\/deltacultura","https:\/\/www.instagram.com\/deltacultura\/","https:\/\/www.youtube.com\/channel\/UC4_XsNAaqBgn3R_31jXuwvQ"]}]}},"_links":{"self":[{"href":"https:\/\/www.deltacultura.org\/pt-pt\/wp-json\/wp\/v2\/pages\/5353","targetHints":{"allow":["GET"]}}],"collection":[{"href":"https:\/\/www.deltacultura.org\/pt-pt\/wp-json\/wp\/v2\/pages"}],"about":[{"href":"https:\/\/www.deltacultura.org\/pt-pt\/wp-json\/wp\/v2\/types\/page"}],"author":[{"embeddable":true,"href":"https:\/\/www.deltacultura.org\/pt-pt\/wp-json\/wp\/v2\/users\/1"}],"replies":[{"embeddable":true,"href":"https:\/\/www.deltacultura.org\/pt-pt\/wp-json\/wp\/v2\/comments?post=5353"}],"version-history":[{"count":0,"href":"https:\/\/www.deltacultura.org\/pt-pt\/wp-json\/wp\/v2\/pages\/5353\/revisions"}],"wp:featuredmedia":[{"embeddable":true,"href":"https:\/\/www.deltacultura.org\/pt-pt\/wp-json\/wp\/v2\/media\/8083"}],"wp:attachment":[{"href":"https:\/\/www.deltacultura.org\/pt-pt\/wp-json\/wp\/v2\/media?parent=5353"}],"curies":[{"name":"wp","href":"https:\/\/api.w.org\/{rel}","templated":true}]}}