{"id":5360,"date":"2023-09-29T13:34:52","date_gmt":"2023-09-29T13:34:52","guid":{"rendered":"https:\/\/deltacultura.designkarussell.com\/privacy-policy\/"},"modified":"2023-09-29T13:51:38","modified_gmt":"2023-09-29T13:51:38","slug":"privacy-policy","status":"publish","type":"page","link":"https:\/\/www.deltacultura.org\/pt-pt\/privacy-policy\/","title":{"rendered":"Privacy Policy"},"content":{"rendered":"\t\t<div data-elementor-type=\"wp-page\" data-elementor-id=\"5360\" class=\"elementor elementor-5360 elementor-5340\" data-elementor-post-type=\"page\">\n\t\t\t\t\t\t<section class=\"elementor-section elementor-top-section elementor-element elementor-element-4939568 elementor-section-boxed elementor-section-height-default elementor-section-height-default\" data-id=\"4939568\" data-element_type=\"section\">\n\t\t\t\t\t\t<div class=\"elementor-container elementor-column-gap-default\">\n\t\t\t\t\t<div class=\"elementor-column elementor-col-100 elementor-top-column elementor-element elementor-element-5d309ac\" data-id=\"5d309ac\" data-element_type=\"column\">\n\t\t\t<div class=\"elementor-widget-wrap elementor-element-populated\">\n\t\t\t\t\t\t<div class=\"elementor-element elementor-element-c557ee5 elementor-widget elementor-widget-heading\" data-id=\"c557ee5\" data-element_type=\"widget\" data-widget_type=\"heading.default\">\n\t\t\t\t<div class=\"elementor-widget-container\">\n\t\t\t\t\t<h2 class=\"elementor-heading-title elementor-size-default\">Prote\u00e7\u00e3o de dados<\/h2>\t\t\t\t<\/div>\n\t\t\t\t<\/div>\n\t\t\t\t\t<\/div>\n\t\t<\/div>\n\t\t\t\t\t<\/div>\n\t\t<\/section>\n\t\t\t\t<section class=\"elementor-section elementor-top-section elementor-element elementor-element-83da16c elementor-section-boxed elementor-section-height-default elementor-section-height-default\" data-id=\"83da16c\" data-element_type=\"section\">\n\t\t\t\t\t\t<div class=\"elementor-container elementor-column-gap-default\">\n\t\t\t\t\t<div class=\"elementor-column elementor-col-100 elementor-top-column elementor-element elementor-element-fb2a2e3\" data-id=\"fb2a2e3\" data-element_type=\"column\">\n\t\t\t<div class=\"elementor-widget-wrap elementor-element-populated\">\n\t\t\t\t\t\t<div class=\"elementor-element elementor-element-75133ec elementor-widget elementor-widget-text-editor\" data-id=\"75133ec\" data-element_type=\"widget\" data-widget_type=\"text-editor.default\">\n\t\t\t\t<div class=\"elementor-widget-container\">\n\t\t\t\t\t\t\t\t\t<p>O processamento \u00e9 feito em conformidade com todos os dados relevantes regulamenta\u00e7\u00e3o da lei de prote\u00e7\u00e3o, em particular as exig\u00eancias do alem\u00e3o Federal Data Protection Act (BDSG) eo alem\u00e3o Teleservices Data Protection Act (TDDSG). Todos os dados coletados ser\u00e3o mantidos confidenciais e n\u00e3o divulgados a terceiros.<\/p><p>Utiliza\u00e7\u00e3o de Dados<br \/>N\u00f3s armazenar e utilizar, em geral, n\u00e3o existem dados pessoais exclusivamente para o processamento de um contato (nome e e-mail).\u2028Os dados que s\u00e3o armazenados: nome, endere\u00e7o de e-mail<\/p><p>Divulga\u00e7\u00e3o de Dados<br \/>Em nenhum caso vamos dar mais informa\u00e7\u00f5es, incluindo e-mail para terceiros.<\/p><p>Quadro jur\u00eddico<br \/>A recolha e tratamento de dados pessoais se realiza exclusivamente no contexto das leis Federal Data Protection Act (Lei), de Informa\u00e7\u00e3o e Telecomunica\u00e7\u00f5es Data Protection Act (TDDSG) em vez.<\/p><p>Cookies<br \/>Os cookies podem ser usados \u200b\u200bpara armazenar as configura\u00e7\u00f5es pessoais no nosso site ou para coletar estat\u00edsticas sobre a utiliza\u00e7\u00e3o deste site. Um cookie \u00e9 um elemento de dados que o nosso site envia para o seu navegador, que pode armazenar em seu sistema.<\/p><p>O que acontece com seus dados quando voc\u00ea visitar o nosso site?<br \/>Voc\u00ea pode visitar nosso site a qualquer momento, sem dar informa\u00e7\u00f5es sobre a sua pessoa. Para melhorar a qualidade do nosso site, mas salvar os dados sobre o acesso \u00e0 p\u00e1ginas individuais (por exemplo, o Google Analytics, Clicky ou similar). Este armazenamento de dados \u00e9 feita, no entanto, em geral, sem refer\u00eancia a indiv\u00edduos, ou seja Os dados s\u00e3o coletados de forma an\u00f4nima e n\u00e3o permitem conclus\u00f5es sobre a sua identidade.<\/p><p>Por motivos de seguran\u00e7a, os seguintes registros s\u00e3o armazenados:<\/p><p>1.Primeiro Nome de dom\u00ednio ou endere\u00e7o IP do computador que solicitou<br \/>2.Segundo Nome do lado chamado<br \/>3.Terceiro Indica\u00e7\u00e3o se download foi bem sucedido<br \/>4.Data e hora de acesso<br \/>5.Quantidade de dados transmitidos durante a liga\u00e7\u00e3o<br \/>6.Nome do seu Internet Service Provider<br \/>Newsletter e enviar e-mails<br \/>Voc\u00ea pode se cadastrar no nosso boletim informativo com o seu endere\u00e7o de e-mail, ou use o nosso feeds RSS para manter-se atualizado.<\/p><p>\u2028N\u00f3s garantimos que n\u00e3o vamos usar qualquer e-mail comercial e enviar seus dados para quaisquer outros fins ou divulgados a terceiros.<\/p><p>Em caso de altera\u00e7\u00f5es importantes para a nossa oferta, n\u00f3s nos reservamos o direito de informar voc\u00ea sobre isso por e-mail.<\/p>\t\t\t\t\t\t\t\t<\/div>\n\t\t\t\t<\/div>\n\t\t\t\t\t<\/div>\n\t\t<\/div>\n\t\t\t\t\t<\/div>\n\t\t<\/section>\n\t\t\t\t<\/div>\n\t\t","protected":false},"excerpt":{"rendered":"<p>Prote\u00e7\u00e3o de dados O processamento \u00e9 feito em conformidade com todos os dados relevantes regulamenta\u00e7\u00e3o da lei de prote\u00e7\u00e3o, em particular as exig\u00eancias do alem\u00e3o Federal Data Protection Act (BDSG) eo alem\u00e3o Teleservices Data Protection Act (TDDSG). Todos os dados coletados ser\u00e3o mantidos confidenciais e n\u00e3o divulgados a terceiros. Utiliza\u00e7\u00e3o de DadosN\u00f3s armazenar e utilizar, [&hellip;]<\/p>\n","protected":false},"author":1,"featured_media":0,"parent":0,"menu_order":0,"comment_status":"closed","ping_status":"closed","template":"","meta":{"inline_featured_image":false,"footnotes":""},"class_list":["post-5360","page","type-page","status-publish","hentry"],"yoast_head":"<!-- This site is optimized with the Yoast SEO plugin v26.7 - https:\/\/yoast.com\/wordpress\/plugins\/seo\/ -->\n<title>Privacy Policy - Elimina pobreza atrav\u00e9s da Educa\u00e7\u00e3o<\/title>\n<meta name=\"robots\" content=\"index, follow, max-snippet:-1, max-image-preview:large, max-video-preview:-1\" \/>\n<link rel=\"canonical\" href=\"https:\/\/www.deltacultura.org\/pt-pt\/privacy-policy\/\" \/>\n<meta property=\"og:locale\" content=\"pt_PT\" \/>\n<meta property=\"og:type\" content=\"article\" \/>\n<meta property=\"og:title\" content=\"Privacy Policy - Elimina pobreza atrav\u00e9s da Educa\u00e7\u00e3o\" \/>\n<meta property=\"og:description\" content=\"Prote\u00e7\u00e3o de dados O processamento \u00e9 feito em conformidade com todos os dados relevantes regulamenta\u00e7\u00e3o da lei de prote\u00e7\u00e3o, em particular as exig\u00eancias do alem\u00e3o Federal Data Protection Act (BDSG) eo alem\u00e3o Teleservices Data Protection Act (TDDSG). Todos os dados coletados ser\u00e3o mantidos confidenciais e n\u00e3o divulgados a terceiros. Utiliza\u00e7\u00e3o de DadosN\u00f3s armazenar e utilizar, [&hellip;]\" \/>\n<meta property=\"og:url\" content=\"https:\/\/www.deltacultura.org\/pt-pt\/privacy-policy\/\" \/>\n<meta property=\"og:site_name\" content=\"Elimina pobreza atrav\u00e9s da Educa\u00e7\u00e3o\" \/>\n<meta property=\"article:publisher\" content=\"https:\/\/www.facebook.com\/deltacultura\" \/>\n<meta property=\"article:modified_time\" content=\"2023-09-29T13:51:38+00:00\" \/>\n<meta name=\"twitter:card\" content=\"summary_large_image\" \/>\n<meta name=\"twitter:site\" content=\"@deltacultura\" \/>\n<meta name=\"twitter:label1\" content=\"Tempo estimado de leitura\" \/>\n\t<meta name=\"twitter:data1\" content=\"2 minutos\" \/>\n<script type=\"application\/ld+json\" class=\"yoast-schema-graph\">{\"@context\":\"https:\/\/schema.org\",\"@graph\":[{\"@type\":\"WebPage\",\"@id\":\"https:\/\/www.deltacultura.org\/pt-pt\/privacy-policy\/\",\"url\":\"https:\/\/www.deltacultura.org\/pt-pt\/privacy-policy\/\",\"name\":\"Privacy Policy - Elimina pobreza atrav\u00e9s da Educa\u00e7\u00e3o\",\"isPartOf\":{\"@id\":\"https:\/\/www.deltacultura.org\/pt-pt\/#website\"},\"datePublished\":\"2023-09-29T13:34:52+00:00\",\"dateModified\":\"2023-09-29T13:51:38+00:00\",\"breadcrumb\":{\"@id\":\"https:\/\/www.deltacultura.org\/pt-pt\/privacy-policy\/#breadcrumb\"},\"inLanguage\":\"pt-PT\",\"potentialAction\":[{\"@type\":\"ReadAction\",\"target\":[\"https:\/\/www.deltacultura.org\/pt-pt\/privacy-policy\/\"]}]},{\"@type\":\"BreadcrumbList\",\"@id\":\"https:\/\/www.deltacultura.org\/pt-pt\/privacy-policy\/#breadcrumb\",\"itemListElement\":[{\"@type\":\"ListItem\",\"position\":1,\"name\":\"Startseite\",\"item\":\"https:\/\/www.deltacultura.org\/pt-pt\/\"},{\"@type\":\"ListItem\",\"position\":2,\"name\":\"Privacy Policy\"}]},{\"@type\":\"WebSite\",\"@id\":\"https:\/\/www.deltacultura.org\/pt-pt\/#website\",\"url\":\"https:\/\/www.deltacultura.org\/pt-pt\/\",\"name\":\"Delta Cultura\",\"description\":\"\",\"publisher\":{\"@id\":\"https:\/\/www.deltacultura.org\/pt-pt\/#organization\"},\"potentialAction\":[{\"@type\":\"SearchAction\",\"target\":{\"@type\":\"EntryPoint\",\"urlTemplate\":\"https:\/\/www.deltacultura.org\/pt-pt\/?s={search_term_string}\"},\"query-input\":{\"@type\":\"PropertyValueSpecification\",\"valueRequired\":true,\"valueName\":\"search_term_string\"}}],\"inLanguage\":\"pt-PT\"},{\"@type\":\"Organization\",\"@id\":\"https:\/\/www.deltacultura.org\/pt-pt\/#organization\",\"name\":\"Delta Cultura\",\"url\":\"https:\/\/www.deltacultura.org\/pt-pt\/\",\"logo\":{\"@type\":\"ImageObject\",\"inLanguage\":\"pt-PT\",\"@id\":\"https:\/\/www.deltacultura.org\/pt-pt\/#\/schema\/logo\/image\/\",\"url\":\"https:\/\/www.deltacultura.org\/wp-content\/uploads\/2023\/11\/Blanco_DeltaCultura.png\",\"contentUrl\":\"https:\/\/www.deltacultura.org\/wp-content\/uploads\/2023\/11\/Blanco_DeltaCultura.png\",\"width\":487,\"height\":160,\"caption\":\"Delta Cultura\"},\"image\":{\"@id\":\"https:\/\/www.deltacultura.org\/pt-pt\/#\/schema\/logo\/image\/\"},\"sameAs\":[\"https:\/\/www.facebook.com\/deltacultura\",\"https:\/\/x.com\/deltacultura\",\"https:\/\/www.instagram.com\/deltacultura\/\",\"https:\/\/www.youtube.com\/channel\/UC4_XsNAaqBgn3R_31jXuwvQ\"]}]}<\/script>\n<!-- \/ Yoast SEO plugin. -->","yoast_head_json":{"title":"Privacy Policy - Elimina pobreza atrav\u00e9s da Educa\u00e7\u00e3o","robots":{"index":"index","follow":"follow","max-snippet":"max-snippet:-1","max-image-preview":"max-image-preview:large","max-video-preview":"max-video-preview:-1"},"canonical":"https:\/\/www.deltacultura.org\/pt-pt\/privacy-policy\/","og_locale":"pt_PT","og_type":"article","og_title":"Privacy Policy - Elimina pobreza atrav\u00e9s da Educa\u00e7\u00e3o","og_description":"Prote\u00e7\u00e3o de dados O processamento \u00e9 feito em conformidade com todos os dados relevantes regulamenta\u00e7\u00e3o da lei de prote\u00e7\u00e3o, em particular as exig\u00eancias do alem\u00e3o Federal Data Protection Act (BDSG) eo alem\u00e3o Teleservices Data Protection Act (TDDSG). Todos os dados coletados ser\u00e3o mantidos confidenciais e n\u00e3o divulgados a terceiros. Utiliza\u00e7\u00e3o de DadosN\u00f3s armazenar e utilizar, [&hellip;]","og_url":"https:\/\/www.deltacultura.org\/pt-pt\/privacy-policy\/","og_site_name":"Elimina pobreza atrav\u00e9s da Educa\u00e7\u00e3o","article_publisher":"https:\/\/www.facebook.com\/deltacultura","article_modified_time":"2023-09-29T13:51:38+00:00","twitter_card":"summary_large_image","twitter_site":"@deltacultura","twitter_misc":{"Tempo estimado de leitura":"2 minutos"},"schema":{"@context":"https:\/\/schema.org","@graph":[{"@type":"WebPage","@id":"https:\/\/www.deltacultura.org\/pt-pt\/privacy-policy\/","url":"https:\/\/www.deltacultura.org\/pt-pt\/privacy-policy\/","name":"Privacy Policy - Elimina pobreza atrav\u00e9s da Educa\u00e7\u00e3o","isPartOf":{"@id":"https:\/\/www.deltacultura.org\/pt-pt\/#website"},"datePublished":"2023-09-29T13:34:52+00:00","dateModified":"2023-09-29T13:51:38+00:00","breadcrumb":{"@id":"https:\/\/www.deltacultura.org\/pt-pt\/privacy-policy\/#breadcrumb"},"inLanguage":"pt-PT","potentialAction":[{"@type":"ReadAction","target":["https:\/\/www.deltacultura.org\/pt-pt\/privacy-policy\/"]}]},{"@type":"BreadcrumbList","@id":"https:\/\/www.deltacultura.org\/pt-pt\/privacy-policy\/#breadcrumb","itemListElement":[{"@type":"ListItem","position":1,"name":"Startseite","item":"https:\/\/www.deltacultura.org\/pt-pt\/"},{"@type":"ListItem","position":2,"name":"Privacy Policy"}]},{"@type":"WebSite","@id":"https:\/\/www.deltacultura.org\/pt-pt\/#website","url":"https:\/\/www.deltacultura.org\/pt-pt\/","name":"Delta Cultura","description":"","publisher":{"@id":"https:\/\/www.deltacultura.org\/pt-pt\/#organization"},"potentialAction":[{"@type":"SearchAction","target":{"@type":"EntryPoint","urlTemplate":"https:\/\/www.deltacultura.org\/pt-pt\/?s={search_term_string}"},"query-input":{"@type":"PropertyValueSpecification","valueRequired":true,"valueName":"search_term_string"}}],"inLanguage":"pt-PT"},{"@type":"Organization","@id":"https:\/\/www.deltacultura.org\/pt-pt\/#organization","name":"Delta Cultura","url":"https:\/\/www.deltacultura.org\/pt-pt\/","logo":{"@type":"ImageObject","inLanguage":"pt-PT","@id":"https:\/\/www.deltacultura.org\/pt-pt\/#\/schema\/logo\/image\/","url":"https:\/\/www.deltacultura.org\/wp-content\/uploads\/2023\/11\/Blanco_DeltaCultura.png","contentUrl":"https:\/\/www.deltacultura.org\/wp-content\/uploads\/2023\/11\/Blanco_DeltaCultura.png","width":487,"height":160,"caption":"Delta Cultura"},"image":{"@id":"https:\/\/www.deltacultura.org\/pt-pt\/#\/schema\/logo\/image\/"},"sameAs":["https:\/\/www.facebook.com\/deltacultura","https:\/\/x.com\/deltacultura","https:\/\/www.instagram.com\/deltacultura\/","https:\/\/www.youtube.com\/channel\/UC4_XsNAaqBgn3R_31jXuwvQ"]}]}},"_links":{"self":[{"href":"https:\/\/www.deltacultura.org\/pt-pt\/wp-json\/wp\/v2\/pages\/5360","targetHints":{"allow":["GET"]}}],"collection":[{"href":"https:\/\/www.deltacultura.org\/pt-pt\/wp-json\/wp\/v2\/pages"}],"about":[{"href":"https:\/\/www.deltacultura.org\/pt-pt\/wp-json\/wp\/v2\/types\/page"}],"author":[{"embeddable":true,"href":"https:\/\/www.deltacultura.org\/pt-pt\/wp-json\/wp\/v2\/users\/1"}],"replies":[{"embeddable":true,"href":"https:\/\/www.deltacultura.org\/pt-pt\/wp-json\/wp\/v2\/comments?post=5360"}],"version-history":[{"count":0,"href":"https:\/\/www.deltacultura.org\/pt-pt\/wp-json\/wp\/v2\/pages\/5360\/revisions"}],"wp:attachment":[{"href":"https:\/\/www.deltacultura.org\/pt-pt\/wp-json\/wp\/v2\/media?parent=5360"}],"curies":[{"name":"wp","href":"https:\/\/api.w.org\/{rel}","templated":true}]}}