{"id":5672,"date":"2023-05-08T09:56:46","date_gmt":"2023-05-08T09:56:46","guid":{"rendered":"https:\/\/deltacultura.designkarussell.com\/centro-educacional\/"},"modified":"2023-11-30T11:08:04","modified_gmt":"2023-11-30T11:08:04","slug":"centro-educacional","status":"publish","type":"page","link":"https:\/\/www.deltacultura.org\/pt-pt\/centro-educacional\/","title":{"rendered":"Centro de Educa\u00e7\u00e3o"},"content":{"rendered":"\t\t<div data-elementor-type=\"wp-page\" data-elementor-id=\"5672\" class=\"elementor elementor-5672 elementor-2233\" data-elementor-post-type=\"page\">\n\t\t\t\t\t\t<section class=\"elementor-section elementor-top-section elementor-element elementor-element-583cb6d elementor-section-stretched helpo_no_bg_on_responsive elementor-section-boxed elementor-section-height-default elementor-section-height-default elementor-invisible\" data-id=\"583cb6d\" data-element_type=\"section\" data-settings=\"{&quot;stretch_section&quot;:&quot;section-stretched&quot;,&quot;background_background&quot;:&quot;gradient&quot;,&quot;animation&quot;:&quot;fadeIn&quot;}\">\n\t\t\t\t\t\t<div class=\"elementor-container elementor-column-gap-default\">\n\t\t\t\t\t<div class=\"elementor-column elementor-col-50 elementor-top-column elementor-element elementor-element-900c156 elementor-hidden-mobile\" data-id=\"900c156\" data-element_type=\"column\">\n\t\t\t<div class=\"elementor-widget-wrap elementor-element-populated\">\n\t\t\t\t\t\t<div class=\"elementor-element elementor-element-58cab32 elementor-hidden-tablet elementor-hidden-phone elementor-widget elementor-widget-helpo_image\" data-id=\"58cab32\" data-element_type=\"widget\" data-widget_type=\"helpo_image.default\">\n\t\t\t\t<div class=\"elementor-widget-container\">\n\t\t\t\t\t\n        <div class=\"helpo_image_widget\">\n            <div class=\"helpo_image_container helpo_bg_image_position_center_center\">\n                <img decoding=\"async\" class=\"helpo_image_widget_main_image\" src=\"https:\/\/www.deltacultura.org\/wp-content\/uploads\/2023\/09\/IMG_5983.jpg\" alt=\"\" \/>\n\n                                    <img fetchpriority=\"high\" decoding=\"async\" class=\"helpo_image_widget_bg\" src=\"https:\/\/www.deltacultura.org\/wp-content\/uploads\/2020\/03\/about_layout-reverse.png\" alt=\"\" width=\"690\" height=\"690\" \/>\n                                <\/div>\n        <\/div>\n        \t\t\t\t<\/div>\n\t\t\t\t<\/div>\n\t\t\t\t\t<\/div>\n\t\t<\/div>\n\t\t\t\t<div class=\"elementor-column elementor-col-50 elementor-top-column elementor-element elementor-element-c3b460f\" data-id=\"c3b460f\" data-element_type=\"column\">\n\t\t\t<div class=\"elementor-widget-wrap elementor-element-populated\">\n\t\t\t\t\t\t<div class=\"elementor-element elementor-element-635c0a8 elementor-widget elementor-widget-helpo_heading\" data-id=\"635c0a8\" data-element_type=\"widget\" data-widget_type=\"helpo_heading.default\">\n\t\t\t\t<div class=\"elementor-widget-container\">\n\t\t\t\t\t\n        <div class=\"helpo_heading_widget\">\n                                <div class=\"helpo_up_heading\">desde 2005<\/div>\n                                    <h2 class=\"helpo_heading\">\n\n                    O Centro de Educa\u00e7\u00e3o                          <span>do Tarrafal<\/span>\n                                        <\/h2>\n                        <\/div>\n        \t\t\t\t<\/div>\n\t\t\t\t<\/div>\n\t\t\t\t<div class=\"elementor-element elementor-element-77b109a elementor-widget elementor-widget-text-editor\" data-id=\"77b109a\" data-element_type=\"widget\" data-widget_type=\"text-editor.default\">\n\t\t\t\t<div class=\"elementor-widget-container\">\n\t\t\t\t\t\t\t\t\t<p><strong>A Delta Cultura Cabo Verde construiu o Centro de Educa\u00e7\u00e3o em 2005.<\/strong><\/p><p>Desde ent\u00e3o, temos oferecido uma ampla variedade de ofertas educacionais. Um desenvolvimento vibrante que n\u00e3o estar\u00e1 completo at\u00e9 que a vis\u00e3o da Delta Cultura \u2013 a elimina\u00e7\u00e3o da pobreza atrav\u00e9s da educa\u00e7\u00e3o \u2013 seja implementada. Estamos todos a trabalhar nesse sentido!<\/p>\t\t\t\t\t\t\t\t<\/div>\n\t\t\t\t<\/div>\n\t\t\t\t\t<\/div>\n\t\t<\/div>\n\t\t\t\t\t<\/div>\n\t\t<\/section>\n\t\t\t\t<section class=\"elementor-section elementor-top-section elementor-element elementor-element-6296d41 elementor-section-stretched helpo_no_bg_on_responsive elementor-section-boxed elementor-section-height-default elementor-section-height-default elementor-invisible\" data-id=\"6296d41\" data-element_type=\"section\" data-settings=\"{&quot;stretch_section&quot;:&quot;section-stretched&quot;,&quot;background_background&quot;:&quot;gradient&quot;,&quot;animation&quot;:&quot;fadeIn&quot;}\">\n\t\t\t\t\t\t<div class=\"elementor-container elementor-column-gap-default\">\n\t\t\t\t\t<div class=\"elementor-column elementor-col-50 elementor-top-column elementor-element elementor-element-ab3d5fb\" data-id=\"ab3d5fb\" data-element_type=\"column\">\n\t\t\t<div class=\"elementor-widget-wrap elementor-element-populated\">\n\t\t\t\t\t\t<div class=\"elementor-element elementor-element-e5fae85 helpo_additional_font elementor-hidden-desktop elementor-widget elementor-widget-text-editor\" data-id=\"e5fae85\" data-element_type=\"widget\" data-widget_type=\"text-editor.default\">\n\t\t\t\t<div class=\"elementor-widget-container\">\n\t\t\t\t\t\t\t\t\t<p>Origem<\/p>\t\t\t\t\t\t\t\t<\/div>\n\t\t\t\t<\/div>\n\t\t\t\t<div class=\"elementor-element elementor-element-6287759 elementor-widget elementor-widget-text-editor\" data-id=\"6287759\" data-element_type=\"widget\" data-widget_type=\"text-editor.default\">\n\t\t\t\t<div class=\"elementor-widget-container\">\n\t\t\t\t\t\t\t\t\t<ul><li class=\"p1\"><span class=\"s1\"><i>O<\/i><b><i> Centro foi inaugurado em 8 de outubro de 2005, ap\u00f3s um per\u00edodo de constru\u00e7\u00e3o de 9 meses.<\/i><\/b><\/span><\/li><li class=\"p1\"><span class=\"s1\"><b><i>De outubro de 2005 a mar\u00e7o de 2007, estiveram <\/i><\/b><\/span><span class=\"s1\"><b><i>em andamento cursos de forma\u00e7\u00e3o de carpinteiros e costureiras, cursos de inform\u00e1tica e l\u00ednguas, bem como treinos<\/i><\/b><\/span> <span class=\"s1\"><b><i>de futebol.<\/i><\/b><\/span><\/li><li class=\"p1\"><span class=\"s1\"><b><i>Desde 2007, as crian\u00e7as e jovens da escola de futebol t\u00eam sido o principal p\u00fablico-alvo. O futebol \u00e9 usado para o desenvolvimento social.<\/i><\/b><\/span><\/li><li class=\"p1\"><span class=\"s1\"><b><i>Em 2013, o centro educativo foi ampliado para incluir o Centro Tarrafal Football for Hope. Financiado pela FIFA, al\u00e9m dos 7 edif\u00edcios existentes, foram <\/i><\/b><\/span><span class=\"s1\"><b><i>constru\u00eddos um campo de relva artificial 40\u00d720 e outro edif\u00edcio com sala\/biblioteca inform\u00e1tica e sala polivalente.<\/i><\/b><\/span><\/li><\/ul>\t\t\t\t\t\t\t\t<\/div>\n\t\t\t\t<\/div>\n\t\t\t\t\t<\/div>\n\t\t<\/div>\n\t\t\t\t<div class=\"elementor-column elementor-col-50 elementor-top-column elementor-element elementor-element-fbb0cfa elementor-hidden-tablet elementor-hidden-phone\" data-id=\"fbb0cfa\" data-element_type=\"column\">\n\t\t\t<div class=\"elementor-widget-wrap elementor-element-populated\">\n\t\t\t\t\t\t<div class=\"elementor-element elementor-element-39b52d4 helpo_additional_font elementor-widget elementor-widget-text-editor\" data-id=\"39b52d4\" data-element_type=\"widget\" data-widget_type=\"text-editor.default\">\n\t\t\t\t<div class=\"elementor-widget-container\">\n\t\t\t\t\t\t\t\t\t<p>Origem<\/p>\t\t\t\t\t\t\t\t<\/div>\n\t\t\t\t<\/div>\n\t\t\t\t\t<\/div>\n\t\t<\/div>\n\t\t\t\t\t<\/div>\n\t\t<\/section>\n\t\t\t\t<section class=\"elementor-section elementor-top-section elementor-element elementor-element-3d6d4f8 elementor-section-stretched elementor-section-full_width elementor-section-height-default elementor-section-height-default\" data-id=\"3d6d4f8\" data-element_type=\"section\" data-settings=\"{&quot;stretch_section&quot;:&quot;section-stretched&quot;,&quot;animation&quot;:&quot;none&quot;}\">\n\t\t\t\t\t\t<div class=\"elementor-container elementor-column-gap-default\">\n\t\t\t\t\t<div class=\"elementor-column elementor-col-50 elementor-top-column elementor-element elementor-element-e55ea76 elementor-invisible\" data-id=\"e55ea76\" data-element_type=\"column\" data-settings=\"{&quot;background_background&quot;:&quot;classic&quot;,&quot;animation&quot;:&quot;fadeInLeft&quot;}\">\n\t\t\t<div class=\"elementor-widget-wrap elementor-element-populated\">\n\t\t\t\t\t<div class=\"elementor-background-overlay\"><\/div>\n\t\t\t\t\t\t<div class=\"elementor-element elementor-element-b9ff08c elementor-widget elementor-widget-helpo_linked_item\" data-id=\"b9ff08c\" data-element_type=\"widget\" data-widget_type=\"helpo_linked_item.default\">\n\t\t\t\t<div class=\"elementor-widget-container\">\n\t\t\t\t\t\n        <div class=\"helpo_linked_item_widget\">\n            <div class=\"helpo_linked_item\">\n                                    <div class=\"helpo_linked_item_wrapper\">\n                                        <img decoding=\"async\" class=\"helpo_bg_image\" src=\"\" alt=\"Background Image\" \/>\n                    <div class=\"helpo_overlay\"><\/div>\n                                            <span class=\"helpo_linked_item_title\">Objetivos e Condi\u00e7\u00f5es estruturais criados<\/span>\n                                                <p class=\"helpo_linked_item_text\">A cria\u00e7\u00e3o e melhoria de perspetivas de futuro para crian\u00e7as e jovens.<\/p>\n                                                <div class=\"helpo_button_container\">\n                            <a class=\"helpo_button helpo_button--primary\" href=\"https:\/\/www.deltacultura.org\/bildungszentrum\/ziele-rahmenbedingungen\/\" >Mais Informa\u00e7\u00f5es<\/a>\n                        <\/div>\n                                            <\/div>\n                                <\/div>\n        <\/div>\n        \t\t\t\t<\/div>\n\t\t\t\t<\/div>\n\t\t\t\t\t<\/div>\n\t\t<\/div>\n\t\t\t\t<div class=\"elementor-column elementor-col-50 elementor-top-column elementor-element elementor-element-d8d5090 elementor-invisible\" data-id=\"d8d5090\" data-element_type=\"column\" data-settings=\"{&quot;background_background&quot;:&quot;classic&quot;,&quot;animation&quot;:&quot;fadeInRight&quot;}\">\n\t\t\t<div class=\"elementor-widget-wrap elementor-element-populated\">\n\t\t\t\t\t<div class=\"elementor-background-overlay\"><\/div>\n\t\t\t\t\t\t<div class=\"elementor-element elementor-element-208cce8 elementor-widget elementor-widget-helpo_linked_item\" data-id=\"208cce8\" data-element_type=\"widget\" data-widget_type=\"helpo_linked_item.default\">\n\t\t\t\t<div class=\"elementor-widget-container\">\n\t\t\t\t\t\n        <div class=\"helpo_linked_item_widget\">\n            <div class=\"helpo_linked_item\">\n                                    <div class=\"helpo_linked_item_wrapper\">\n                                        <img decoding=\"async\" class=\"helpo_bg_image\" src=\"\" alt=\"Background Image\" \/>\n                    <div class=\"helpo_overlay\"><\/div>\n                                            <span class=\"helpo_linked_item_title\">Nossas <br>\nAtividades<\/span>\n                                                <p class=\"helpo_linked_item_text\">As atividades e programas est\u00e3o igualmente dispon\u00edveis para todas as crian\u00e7as e jovens<\/p>\n                                                <div class=\"helpo_button_container\">\n                            <a class=\"helpo_button helpo_button--primary\" href=\"https:\/\/www.deltacultura.org\/bildungszentrum\/aktivitaeten\/\" >Mais Informa\u00e7\u00f5es<\/a>\n                        <\/div>\n                                            <\/div>\n                                <\/div>\n        <\/div>\n        \t\t\t\t<\/div>\n\t\t\t\t<\/div>\n\t\t\t\t\t<\/div>\n\t\t<\/div>\n\t\t\t\t\t<\/div>\n\t\t<\/section>\n\t\t\t\t<section class=\"elementor-section elementor-top-section elementor-element elementor-element-bc499e5 elementor-section-stretched elementor-section-full_width elementor-section-height-default elementor-section-height-default elementor-invisible\" data-id=\"bc499e5\" data-element_type=\"section\" data-settings=\"{&quot;stretch_section&quot;:&quot;section-stretched&quot;,&quot;animation&quot;:&quot;fadeInUp&quot;}\">\n\t\t\t\t\t\t<div class=\"elementor-container elementor-column-gap-default\">\n\t\t\t\t\t<div class=\"elementor-column elementor-col-100 elementor-top-column elementor-element elementor-element-9c2e61f\" data-id=\"9c2e61f\" data-element_type=\"column\" data-settings=\"{&quot;background_background&quot;:&quot;classic&quot;}\">\n\t\t\t<div class=\"elementor-widget-wrap elementor-element-populated\">\n\t\t\t\t\t<div class=\"elementor-background-overlay\"><\/div>\n\t\t\t\t\t\t<div class=\"elementor-element elementor-element-db191db elementor-widget elementor-widget-helpo_linked_item\" data-id=\"db191db\" data-element_type=\"widget\" data-widget_type=\"helpo_linked_item.default\">\n\t\t\t\t<div class=\"elementor-widget-container\">\n\t\t\t\t\t\n        <div class=\"helpo_linked_item_widget\">\n            <div class=\"helpo_linked_item\">\n                                    <div class=\"helpo_linked_item_wrapper\">\n                                        <img decoding=\"async\" class=\"helpo_bg_image\" src=\"\" alt=\"Background Image\" \/>\n                    <div class=\"helpo_overlay\"><\/div>\n                                            <span class=\"helpo_linked_item_title\">Relat\u00f3rios Anuais<\/span>\n                                                <p class=\"helpo_linked_item_text\">Relat\u00f3rios detalhados de cada ano no nosso Centro de Educa\u00e7\u00e3o no Tarrafal<\/p>\n                                                <div class=\"helpo_button_container\">\n                            <a class=\"helpo_button helpo_button--primary\" href=\"https:\/\/www.deltacultura.org\/bildungszentrum\/jahresberichte\/\" >Mais Informa\u00e7\u00f5es<\/a>\n                        <\/div>\n                                            <\/div>\n                                <\/div>\n        <\/div>\n        \t\t\t\t<\/div>\n\t\t\t\t<\/div>\n\t\t\t\t\t<\/div>\n\t\t<\/div>\n\t\t\t\t\t<\/div>\n\t\t<\/section>\n\t\t\t\t<\/div>\n\t\t","protected":false},"excerpt":{"rendered":"<p>A Delta Cultura Cabo Verde construiu o Centro de Educa\u00e7\u00e3o em 2005. Desde ent\u00e3o, temos oferecido uma ampla variedade de ofertas educacionais. Um desenvolvimento vibrante que n\u00e3o estar\u00e1 completo at\u00e9 que a vis\u00e3o da Delta Cultura \u2013 a elimina\u00e7\u00e3o da pobreza atrav\u00e9s da educa\u00e7\u00e3o \u2013 seja implementada. Estamos todos a trabalhar nesse sentido! Origem O [&hellip;]<\/p>\n","protected":false},"author":1,"featured_media":4860,"parent":0,"menu_order":0,"comment_status":"closed","ping_status":"closed","template":"","meta":{"inline_featured_image":false,"footnotes":""},"class_list":["post-5672","page","type-page","status-publish","has-post-thumbnail","hentry"],"yoast_head":"<!-- This site is optimized with the Yoast SEO plugin v26.7 - https:\/\/yoast.com\/wordpress\/plugins\/seo\/ -->\n<title>Centro de Educa\u00e7\u00e3o - Elimina pobreza atrav\u00e9s da Educa\u00e7\u00e3o<\/title>\n<meta name=\"robots\" content=\"index, follow, max-snippet:-1, max-image-preview:large, max-video-preview:-1\" \/>\n<link rel=\"canonical\" href=\"https:\/\/www.deltacultura.org\/pt-pt\/centro-educacional\/\" \/>\n<meta property=\"og:locale\" content=\"pt_PT\" \/>\n<meta property=\"og:type\" content=\"article\" \/>\n<meta property=\"og:title\" content=\"Centro de Educa\u00e7\u00e3o - Elimina pobreza atrav\u00e9s da Educa\u00e7\u00e3o\" \/>\n<meta property=\"og:description\" content=\"A Delta Cultura Cabo Verde construiu o Centro de Educa\u00e7\u00e3o em 2005. Desde ent\u00e3o, temos oferecido uma ampla variedade de ofertas educacionais. Um desenvolvimento vibrante que n\u00e3o estar\u00e1 completo at\u00e9 que a vis\u00e3o da Delta Cultura \u2013 a elimina\u00e7\u00e3o da pobreza atrav\u00e9s da educa\u00e7\u00e3o \u2013 seja implementada. Estamos todos a trabalhar nesse sentido! Origem O [&hellip;]\" \/>\n<meta property=\"og:url\" content=\"https:\/\/www.deltacultura.org\/pt-pt\/centro-educacional\/\" \/>\n<meta property=\"og:site_name\" content=\"Elimina pobreza atrav\u00e9s da Educa\u00e7\u00e3o\" \/>\n<meta property=\"article:publisher\" content=\"https:\/\/www.facebook.com\/deltacultura\" \/>\n<meta property=\"article:modified_time\" content=\"2023-11-30T11:08:04+00:00\" \/>\n<meta property=\"og:image\" content=\"https:\/\/www.deltacultura.org\/wp-content\/uploads\/2023\/07\/zentrum_von_oben-1.jpg\" \/>\n\t<meta property=\"og:image:width\" content=\"1920\" \/>\n\t<meta property=\"og:image:height\" content=\"1080\" \/>\n\t<meta property=\"og:image:type\" content=\"image\/jpeg\" \/>\n<meta name=\"twitter:card\" content=\"summary_large_image\" \/>\n<meta name=\"twitter:site\" content=\"@deltacultura\" \/>\n<meta name=\"twitter:label1\" content=\"Tempo estimado de leitura\" \/>\n\t<meta name=\"twitter:data1\" content=\"3 minutos\" \/>\n<script type=\"application\/ld+json\" class=\"yoast-schema-graph\">{\"@context\":\"https:\/\/schema.org\",\"@graph\":[{\"@type\":\"WebPage\",\"@id\":\"https:\/\/www.deltacultura.org\/pt-pt\/centro-educacional\/\",\"url\":\"https:\/\/www.deltacultura.org\/pt-pt\/centro-educacional\/\",\"name\":\"Centro de Educa\u00e7\u00e3o - Elimina pobreza atrav\u00e9s da Educa\u00e7\u00e3o\",\"isPartOf\":{\"@id\":\"https:\/\/www.deltacultura.org\/pt-pt\/#website\"},\"primaryImageOfPage\":{\"@id\":\"https:\/\/www.deltacultura.org\/pt-pt\/centro-educacional\/#primaryimage\"},\"image\":{\"@id\":\"https:\/\/www.deltacultura.org\/pt-pt\/centro-educacional\/#primaryimage\"},\"thumbnailUrl\":\"https:\/\/www.deltacultura.org\/wp-content\/uploads\/2023\/07\/zentrum_von_oben-1.jpg\",\"datePublished\":\"2023-05-08T09:56:46+00:00\",\"dateModified\":\"2023-11-30T11:08:04+00:00\",\"breadcrumb\":{\"@id\":\"https:\/\/www.deltacultura.org\/pt-pt\/centro-educacional\/#breadcrumb\"},\"inLanguage\":\"pt-PT\",\"potentialAction\":[{\"@type\":\"ReadAction\",\"target\":[\"https:\/\/www.deltacultura.org\/pt-pt\/centro-educacional\/\"]}]},{\"@type\":\"ImageObject\",\"inLanguage\":\"pt-PT\",\"@id\":\"https:\/\/www.deltacultura.org\/pt-pt\/centro-educacional\/#primaryimage\",\"url\":\"https:\/\/www.deltacultura.org\/wp-content\/uploads\/2023\/07\/zentrum_von_oben-1.jpg\",\"contentUrl\":\"https:\/\/www.deltacultura.org\/wp-content\/uploads\/2023\/07\/zentrum_von_oben-1.jpg\",\"width\":1920,\"height\":1080},{\"@type\":\"BreadcrumbList\",\"@id\":\"https:\/\/www.deltacultura.org\/pt-pt\/centro-educacional\/#breadcrumb\",\"itemListElement\":[{\"@type\":\"ListItem\",\"position\":1,\"name\":\"Startseite\",\"item\":\"https:\/\/www.deltacultura.org\/pt-pt\/\"},{\"@type\":\"ListItem\",\"position\":2,\"name\":\"Centro de Educa\u00e7\u00e3o\"}]},{\"@type\":\"WebSite\",\"@id\":\"https:\/\/www.deltacultura.org\/pt-pt\/#website\",\"url\":\"https:\/\/www.deltacultura.org\/pt-pt\/\",\"name\":\"Delta Cultura\",\"description\":\"\",\"publisher\":{\"@id\":\"https:\/\/www.deltacultura.org\/pt-pt\/#organization\"},\"potentialAction\":[{\"@type\":\"SearchAction\",\"target\":{\"@type\":\"EntryPoint\",\"urlTemplate\":\"https:\/\/www.deltacultura.org\/pt-pt\/?s={search_term_string}\"},\"query-input\":{\"@type\":\"PropertyValueSpecification\",\"valueRequired\":true,\"valueName\":\"search_term_string\"}}],\"inLanguage\":\"pt-PT\"},{\"@type\":\"Organization\",\"@id\":\"https:\/\/www.deltacultura.org\/pt-pt\/#organization\",\"name\":\"Delta Cultura\",\"url\":\"https:\/\/www.deltacultura.org\/pt-pt\/\",\"logo\":{\"@type\":\"ImageObject\",\"inLanguage\":\"pt-PT\",\"@id\":\"https:\/\/www.deltacultura.org\/pt-pt\/#\/schema\/logo\/image\/\",\"url\":\"https:\/\/www.deltacultura.org\/wp-content\/uploads\/2023\/11\/Blanco_DeltaCultura.png\",\"contentUrl\":\"https:\/\/www.deltacultura.org\/wp-content\/uploads\/2023\/11\/Blanco_DeltaCultura.png\",\"width\":487,\"height\":160,\"caption\":\"Delta Cultura\"},\"image\":{\"@id\":\"https:\/\/www.deltacultura.org\/pt-pt\/#\/schema\/logo\/image\/\"},\"sameAs\":[\"https:\/\/www.facebook.com\/deltacultura\",\"https:\/\/x.com\/deltacultura\",\"https:\/\/www.instagram.com\/deltacultura\/\",\"https:\/\/www.youtube.com\/channel\/UC4_XsNAaqBgn3R_31jXuwvQ\"]}]}<\/script>\n<!-- \/ Yoast SEO plugin. -->","yoast_head_json":{"title":"Centro de Educa\u00e7\u00e3o - Elimina pobreza atrav\u00e9s da Educa\u00e7\u00e3o","robots":{"index":"index","follow":"follow","max-snippet":"max-snippet:-1","max-image-preview":"max-image-preview:large","max-video-preview":"max-video-preview:-1"},"canonical":"https:\/\/www.deltacultura.org\/pt-pt\/centro-educacional\/","og_locale":"pt_PT","og_type":"article","og_title":"Centro de Educa\u00e7\u00e3o - Elimina pobreza atrav\u00e9s da Educa\u00e7\u00e3o","og_description":"A Delta Cultura Cabo Verde construiu o Centro de Educa\u00e7\u00e3o em 2005. Desde ent\u00e3o, temos oferecido uma ampla variedade de ofertas educacionais. Um desenvolvimento vibrante que n\u00e3o estar\u00e1 completo at\u00e9 que a vis\u00e3o da Delta Cultura \u2013 a elimina\u00e7\u00e3o da pobreza atrav\u00e9s da educa\u00e7\u00e3o \u2013 seja implementada. Estamos todos a trabalhar nesse sentido! Origem O [&hellip;]","og_url":"https:\/\/www.deltacultura.org\/pt-pt\/centro-educacional\/","og_site_name":"Elimina pobreza atrav\u00e9s da Educa\u00e7\u00e3o","article_publisher":"https:\/\/www.facebook.com\/deltacultura","article_modified_time":"2023-11-30T11:08:04+00:00","og_image":[{"width":1920,"height":1080,"url":"https:\/\/www.deltacultura.org\/wp-content\/uploads\/2023\/07\/zentrum_von_oben-1.jpg","type":"image\/jpeg"}],"twitter_card":"summary_large_image","twitter_site":"@deltacultura","twitter_misc":{"Tempo estimado de leitura":"3 minutos"},"schema":{"@context":"https:\/\/schema.org","@graph":[{"@type":"WebPage","@id":"https:\/\/www.deltacultura.org\/pt-pt\/centro-educacional\/","url":"https:\/\/www.deltacultura.org\/pt-pt\/centro-educacional\/","name":"Centro de Educa\u00e7\u00e3o - Elimina pobreza atrav\u00e9s da Educa\u00e7\u00e3o","isPartOf":{"@id":"https:\/\/www.deltacultura.org\/pt-pt\/#website"},"primaryImageOfPage":{"@id":"https:\/\/www.deltacultura.org\/pt-pt\/centro-educacional\/#primaryimage"},"image":{"@id":"https:\/\/www.deltacultura.org\/pt-pt\/centro-educacional\/#primaryimage"},"thumbnailUrl":"https:\/\/www.deltacultura.org\/wp-content\/uploads\/2023\/07\/zentrum_von_oben-1.jpg","datePublished":"2023-05-08T09:56:46+00:00","dateModified":"2023-11-30T11:08:04+00:00","breadcrumb":{"@id":"https:\/\/www.deltacultura.org\/pt-pt\/centro-educacional\/#breadcrumb"},"inLanguage":"pt-PT","potentialAction":[{"@type":"ReadAction","target":["https:\/\/www.deltacultura.org\/pt-pt\/centro-educacional\/"]}]},{"@type":"ImageObject","inLanguage":"pt-PT","@id":"https:\/\/www.deltacultura.org\/pt-pt\/centro-educacional\/#primaryimage","url":"https:\/\/www.deltacultura.org\/wp-content\/uploads\/2023\/07\/zentrum_von_oben-1.jpg","contentUrl":"https:\/\/www.deltacultura.org\/wp-content\/uploads\/2023\/07\/zentrum_von_oben-1.jpg","width":1920,"height":1080},{"@type":"BreadcrumbList","@id":"https:\/\/www.deltacultura.org\/pt-pt\/centro-educacional\/#breadcrumb","itemListElement":[{"@type":"ListItem","position":1,"name":"Startseite","item":"https:\/\/www.deltacultura.org\/pt-pt\/"},{"@type":"ListItem","position":2,"name":"Centro de Educa\u00e7\u00e3o"}]},{"@type":"WebSite","@id":"https:\/\/www.deltacultura.org\/pt-pt\/#website","url":"https:\/\/www.deltacultura.org\/pt-pt\/","name":"Delta Cultura","description":"","publisher":{"@id":"https:\/\/www.deltacultura.org\/pt-pt\/#organization"},"potentialAction":[{"@type":"SearchAction","target":{"@type":"EntryPoint","urlTemplate":"https:\/\/www.deltacultura.org\/pt-pt\/?s={search_term_string}"},"query-input":{"@type":"PropertyValueSpecification","valueRequired":true,"valueName":"search_term_string"}}],"inLanguage":"pt-PT"},{"@type":"Organization","@id":"https:\/\/www.deltacultura.org\/pt-pt\/#organization","name":"Delta Cultura","url":"https:\/\/www.deltacultura.org\/pt-pt\/","logo":{"@type":"ImageObject","inLanguage":"pt-PT","@id":"https:\/\/www.deltacultura.org\/pt-pt\/#\/schema\/logo\/image\/","url":"https:\/\/www.deltacultura.org\/wp-content\/uploads\/2023\/11\/Blanco_DeltaCultura.png","contentUrl":"https:\/\/www.deltacultura.org\/wp-content\/uploads\/2023\/11\/Blanco_DeltaCultura.png","width":487,"height":160,"caption":"Delta Cultura"},"image":{"@id":"https:\/\/www.deltacultura.org\/pt-pt\/#\/schema\/logo\/image\/"},"sameAs":["https:\/\/www.facebook.com\/deltacultura","https:\/\/x.com\/deltacultura","https:\/\/www.instagram.com\/deltacultura\/","https:\/\/www.youtube.com\/channel\/UC4_XsNAaqBgn3R_31jXuwvQ"]}]}},"_links":{"self":[{"href":"https:\/\/www.deltacultura.org\/pt-pt\/wp-json\/wp\/v2\/pages\/5672","targetHints":{"allow":["GET"]}}],"collection":[{"href":"https:\/\/www.deltacultura.org\/pt-pt\/wp-json\/wp\/v2\/pages"}],"about":[{"href":"https:\/\/www.deltacultura.org\/pt-pt\/wp-json\/wp\/v2\/types\/page"}],"author":[{"embeddable":true,"href":"https:\/\/www.deltacultura.org\/pt-pt\/wp-json\/wp\/v2\/users\/1"}],"replies":[{"embeddable":true,"href":"https:\/\/www.deltacultura.org\/pt-pt\/wp-json\/wp\/v2\/comments?post=5672"}],"version-history":[{"count":0,"href":"https:\/\/www.deltacultura.org\/pt-pt\/wp-json\/wp\/v2\/pages\/5672\/revisions"}],"wp:featuredmedia":[{"embeddable":true,"href":"https:\/\/www.deltacultura.org\/pt-pt\/wp-json\/wp\/v2\/media\/4860"}],"wp:attachment":[{"href":"https:\/\/www.deltacultura.org\/pt-pt\/wp-json\/wp\/v2\/media?parent=5672"}],"curies":[{"name":"wp","href":"https:\/\/api.w.org\/{rel}","templated":true}]}}