{"id":5739,"date":"2023-05-08T10:00:23","date_gmt":"2023-05-08T10:00:23","guid":{"rendered":"https:\/\/deltacultura.designkarussell.com\/sobre-nos\/"},"modified":"2023-11-30T11:19:49","modified_gmt":"2023-11-30T11:19:49","slug":"sobre-nos","status":"publish","type":"page","link":"https:\/\/www.deltacultura.org\/pt-pt\/sobre-nos\/","title":{"rendered":"Sobre N\u00f3s"},"content":{"rendered":"\t\t<div data-elementor-type=\"wp-page\" data-elementor-id=\"5739\" class=\"elementor elementor-5739 elementor-2242\" data-elementor-post-type=\"page\">\n\t\t\t\t\t\t<section class=\"elementor-section elementor-top-section elementor-element elementor-element-dec2858 elementor-section-stretched helpo_no_bg_on_responsive elementor-section-boxed elementor-section-height-default elementor-section-height-default elementor-invisible\" data-id=\"dec2858\" data-element_type=\"section\" data-settings=\"{&quot;stretch_section&quot;:&quot;section-stretched&quot;,&quot;background_background&quot;:&quot;gradient&quot;,&quot;animation&quot;:&quot;fadeIn&quot;}\">\n\t\t\t\t\t\t<div class=\"elementor-container elementor-column-gap-default\">\n\t\t\t\t\t<div class=\"elementor-column elementor-col-50 elementor-top-column elementor-element elementor-element-c669e2d\" data-id=\"c669e2d\" data-element_type=\"column\">\n\t\t\t<div class=\"elementor-widget-wrap elementor-element-populated\">\n\t\t\t\t\t\t<div class=\"elementor-element elementor-element-9d97f30 elementor-hidden-tablet elementor-hidden-mobile elementor-widget elementor-widget-helpo_image\" data-id=\"9d97f30\" data-element_type=\"widget\" data-widget_type=\"helpo_image.default\">\n\t\t\t\t<div class=\"elementor-widget-container\">\n\t\t\t\t\t\n        <div class=\"helpo_image_widget\">\n            <div class=\"helpo_image_container helpo_bg_image_position_center_center\">\n                <img decoding=\"async\" class=\"helpo_image_widget_main_image\" src=\"https:\/\/www.deltacultura.org\/wp-content\/uploads\/2023\/09\/gilson_mariolaine_1-scaled.jpg\" alt=\"\" \/>\n\n                                    <img fetchpriority=\"high\" decoding=\"async\" class=\"helpo_image_widget_bg\" src=\"https:\/\/www.deltacultura.org\/wp-content\/uploads\/2020\/03\/about_layout-reverse.png\" alt=\"\" width=\"690\" height=\"690\" \/>\n                                <\/div>\n        <\/div>\n        \t\t\t\t<\/div>\n\t\t\t\t<\/div>\n\t\t\t\t\t<\/div>\n\t\t<\/div>\n\t\t\t\t<div class=\"elementor-column elementor-col-50 elementor-top-column elementor-element elementor-element-839cf5c\" data-id=\"839cf5c\" data-element_type=\"column\">\n\t\t\t<div class=\"elementor-widget-wrap elementor-element-populated\">\n\t\t\t\t\t\t<div class=\"elementor-element elementor-element-67bf823 elementor-widget elementor-widget-helpo_heading\" data-id=\"67bf823\" data-element_type=\"widget\" data-widget_type=\"helpo_heading.default\">\n\t\t\t\t<div class=\"elementor-widget-container\">\n\t\t\t\t\t\n        <div class=\"helpo_heading_widget\">\n                                <div class=\"helpo_up_heading\">Sobre n\u00f3s<\/div>\n                                    <h2 class=\"helpo_heading\">\n\n                    Delta                          <span>Cultura<\/span>\n                                        <\/h2>\n                        <\/div>\n        \t\t\t\t<\/div>\n\t\t\t\t<\/div>\n\t\t\t\t<div class=\"elementor-element elementor-element-a92fb49 elementor-widget elementor-widget-text-editor\" data-id=\"a92fb49\" data-element_type=\"widget\" data-widget_type=\"text-editor.default\">\n\t\t\t\t<div class=\"elementor-widget-container\">\n\t\t\t\t\t\t\t\t\t<p class=\"p1\">A Delta Cultura \u00e9 composta por quatro associa\u00e7\u00f5es independentes.<\/p><p class=\"p1\">A Delta Cultura Cabo Verde financiou e geriu com sucesso o centro educativo desde 2005. As associa\u00e7\u00f5es parceiras europeias na \u00c1ustria, Alemanha e Su\u00ed\u00e7a desempenham um papel importante nesta hist\u00f3ria de sucesso \u2013 especialmente quando se trata de financiamento.<\/p>\t\t\t\t\t\t\t\t<\/div>\n\t\t\t\t<\/div>\n\t\t\t\t\t<\/div>\n\t\t<\/div>\n\t\t\t\t\t<\/div>\n\t\t<\/section>\n\t\t\t\t<section class=\"elementor-section elementor-top-section elementor-element elementor-element-4735dc5 elementor-section-stretched elementor-section-full_width elementor-section-height-default elementor-section-height-default\" data-id=\"4735dc5\" data-element_type=\"section\" data-settings=\"{&quot;stretch_section&quot;:&quot;section-stretched&quot;,&quot;animation&quot;:&quot;none&quot;}\">\n\t\t\t\t\t\t<div class=\"elementor-container elementor-column-gap-default\">\n\t\t\t\t\t<div class=\"elementor-column elementor-col-50 elementor-top-column elementor-element elementor-element-9e42b24 elementor-invisible\" data-id=\"9e42b24\" data-element_type=\"column\" data-settings=\"{&quot;background_background&quot;:&quot;classic&quot;,&quot;animation&quot;:&quot;fadeInLeft&quot;}\">\n\t\t\t<div class=\"elementor-widget-wrap elementor-element-populated\">\n\t\t\t\t\t<div class=\"elementor-background-overlay\"><\/div>\n\t\t\t\t\t\t<div class=\"elementor-element elementor-element-ab62f6e elementor-widget elementor-widget-helpo_linked_item\" data-id=\"ab62f6e\" data-element_type=\"widget\" data-widget_type=\"helpo_linked_item.default\">\n\t\t\t\t<div class=\"elementor-widget-container\">\n\t\t\t\t\t\n        <div class=\"helpo_linked_item_widget\">\n            <div class=\"helpo_linked_item\">\n                                    <div class=\"helpo_linked_item_wrapper\">\n                                        <img decoding=\"async\" class=\"helpo_bg_image\" src=\"\" alt=\"Background Image\" \/>\n                    <div class=\"helpo_overlay\"><\/div>\n                                            <span class=\"helpo_linked_item_title\">Vis\u00e3o e Miss\u00e3o<\/span>\n                                                <p class=\"helpo_linked_item_text\">Aqui encontra a vis\u00e3o que nos guia e a miss\u00e3o que \u00e9 a base do nosso trabalho. A educa\u00e7\u00e3o como chave para eliminar da pobreza.<\/p>\n                                                <div class=\"helpo_button_container\">\n                            <a class=\"helpo_button helpo_button--primary\" href=\"https:\/\/www.deltacultura.org\/ueber-uns\/unsere-vision-mission\/\" >Mais informcao<\/a>\n                        <\/div>\n                                            <\/div>\n                                <\/div>\n        <\/div>\n        \t\t\t\t<\/div>\n\t\t\t\t<\/div>\n\t\t\t\t\t<\/div>\n\t\t<\/div>\n\t\t\t\t<div class=\"elementor-column elementor-col-50 elementor-top-column elementor-element elementor-element-c89451f elementor-invisible\" data-id=\"c89451f\" data-element_type=\"column\" data-settings=\"{&quot;background_background&quot;:&quot;classic&quot;,&quot;animation&quot;:&quot;fadeInRight&quot;}\">\n\t\t\t<div class=\"elementor-widget-wrap elementor-element-populated\">\n\t\t\t\t\t<div class=\"elementor-background-overlay\"><\/div>\n\t\t\t\t\t\t<div class=\"elementor-element elementor-element-15c7d2e elementor-widget elementor-widget-helpo_linked_item\" data-id=\"15c7d2e\" data-element_type=\"widget\" data-widget_type=\"helpo_linked_item.default\">\n\t\t\t\t<div class=\"elementor-widget-container\">\n\t\t\t\t\t\n        <div class=\"helpo_linked_item_widget\">\n            <div class=\"helpo_linked_item\">\n                                    <div class=\"helpo_linked_item_wrapper\">\n                                        <img decoding=\"async\" class=\"helpo_bg_image\" src=\"\" alt=\"Background Image\" \/>\n                    <div class=\"helpo_overlay\"><\/div>\n                                            <span class=\"helpo_linked_item_title\">A Equipa<\/span>\n                                                <p class=\"helpo_linked_item_text\">As pessoas que apoiam a Delta Cultura.\nConhe\u00e7a a equipa\n<\/p>\n                                                <div class=\"helpo_button_container\">\n                            <a class=\"helpo_button helpo_button--primary\" href=\"https:\/\/www.deltacultura.org\/ueber-uns\/das-team\/\" >Mais informcao<\/a>\n                        <\/div>\n                                            <\/div>\n                                <\/div>\n        <\/div>\n        \t\t\t\t<\/div>\n\t\t\t\t<\/div>\n\t\t\t\t\t<\/div>\n\t\t<\/div>\n\t\t\t\t\t<\/div>\n\t\t<\/section>\n\t\t\t\t<section class=\"elementor-section elementor-top-section elementor-element elementor-element-121bc56 elementor-section-stretched elementor-section-full_width elementor-section-height-default elementor-section-height-default\" data-id=\"121bc56\" data-element_type=\"section\" data-settings=\"{&quot;stretch_section&quot;:&quot;section-stretched&quot;,&quot;animation&quot;:&quot;none&quot;}\">\n\t\t\t\t\t\t<div class=\"elementor-container elementor-column-gap-default\">\n\t\t\t\t\t<div class=\"elementor-column elementor-col-50 elementor-top-column elementor-element elementor-element-2c42a51 elementor-invisible\" data-id=\"2c42a51\" data-element_type=\"column\" data-settings=\"{&quot;background_background&quot;:&quot;classic&quot;,&quot;animation&quot;:&quot;fadeInLeft&quot;}\">\n\t\t\t<div class=\"elementor-widget-wrap elementor-element-populated\">\n\t\t\t\t\t<div class=\"elementor-background-overlay\"><\/div>\n\t\t\t\t\t\t<div class=\"elementor-element elementor-element-49b48ae elementor-widget elementor-widget-helpo_linked_item\" data-id=\"49b48ae\" data-element_type=\"widget\" data-widget_type=\"helpo_linked_item.default\">\n\t\t\t\t<div class=\"elementor-widget-container\">\n\t\t\t\t\t\n        <div class=\"helpo_linked_item_widget\">\n            <div class=\"helpo_linked_item\">\n                                    <div class=\"helpo_linked_item_wrapper\">\n                                        <img decoding=\"async\" class=\"helpo_bg_image\" src=\"\" alt=\"Background Image\" \/>\n                    <div class=\"helpo_overlay\"><\/div>\n                                            <span class=\"helpo_linked_item_title\">Hist\u00f3ria da Associa\u00e7\u00e3o<\/span>\n                                                <p class=\"helpo_linked_item_text\">Como tudo aconteceu. De seis bolas de futebol a um centro educacional com \u00e1rea de 14.000 m\u00b2 e diversas ofertas.<\/p>\n                                                <div class=\"helpo_button_container\">\n                            <a class=\"helpo_button helpo_button--primary\" href=\"https:\/\/www.deltacultura.org\/ueber-uns\/vereinsgeschichte\/\" >Mais informcao<\/a>\n                        <\/div>\n                                            <\/div>\n                                <\/div>\n        <\/div>\n        \t\t\t\t<\/div>\n\t\t\t\t<\/div>\n\t\t\t\t\t<\/div>\n\t\t<\/div>\n\t\t\t\t<div class=\"elementor-column elementor-col-50 elementor-top-column elementor-element elementor-element-0a85fcd elementor-invisible\" data-id=\"0a85fcd\" data-element_type=\"column\" data-settings=\"{&quot;background_background&quot;:&quot;classic&quot;,&quot;animation&quot;:&quot;fadeInRight&quot;}\">\n\t\t\t<div class=\"elementor-widget-wrap elementor-element-populated\">\n\t\t\t\t\t<div class=\"elementor-background-overlay\"><\/div>\n\t\t\t\t\t\t<div class=\"elementor-element elementor-element-01ba968 elementor-widget elementor-widget-helpo_linked_item\" data-id=\"01ba968\" data-element_type=\"widget\" data-widget_type=\"helpo_linked_item.default\">\n\t\t\t\t<div class=\"elementor-widget-container\">\n\t\t\t\t\t\n        <div class=\"helpo_linked_item_widget\">\n            <div class=\"helpo_linked_item\">\n                                    <div class=\"helpo_linked_item_wrapper\">\n                                        <img decoding=\"async\" class=\"helpo_bg_image\" src=\"\" alt=\"Background Image\" \/>\n                    <div class=\"helpo_overlay\"><\/div>\n                                            <span class=\"helpo_linked_item_title\">Documentos<\/span>\n                                                <p class=\"helpo_linked_item_text\">Aqui pode encontrar os estatutos e relat\u00f3rios financeiros das diversas associa\u00e7\u00f5es regionais da Delta Cultura. A transpar\u00eancia \u00e9 importante para n\u00f3s.\n<\/p>\n                                                <div class=\"helpo_button_container\">\n                            <a class=\"helpo_button helpo_button--primary\" href=\"#\" >Mais informcao<\/a>\n                        <\/div>\n                                            <\/div>\n                                <\/div>\n        <\/div>\n        \t\t\t\t<\/div>\n\t\t\t\t<\/div>\n\t\t\t\t\t<\/div>\n\t\t<\/div>\n\t\t\t\t\t<\/div>\n\t\t<\/section>\n\t\t\t\t<\/div>\n\t\t","protected":false},"excerpt":{"rendered":"<p>A Delta Cultura \u00e9 composta por quatro associa\u00e7\u00f5es independentes. A Delta Cultura Cabo Verde financiou e geriu com sucesso o centro educativo desde 2005. As associa\u00e7\u00f5es parceiras europeias na \u00c1ustria, Alemanha e Su\u00ed\u00e7a desempenham um papel importante nesta hist\u00f3ria de sucesso \u2013 especialmente quando se trata de financiamento.<\/p>\n","protected":false},"author":1,"featured_media":6733,"parent":0,"menu_order":0,"comment_status":"closed","ping_status":"closed","template":"","meta":{"inline_featured_image":false,"footnotes":""},"class_list":["post-5739","page","type-page","status-publish","has-post-thumbnail","hentry"],"yoast_head":"<!-- This site is optimized with the Yoast SEO plugin v26.7 - https:\/\/yoast.com\/wordpress\/plugins\/seo\/ -->\n<title>Sobre N\u00f3s - Elimina pobreza atrav\u00e9s da Educa\u00e7\u00e3o<\/title>\n<meta name=\"robots\" content=\"index, follow, max-snippet:-1, max-image-preview:large, max-video-preview:-1\" \/>\n<link rel=\"canonical\" href=\"https:\/\/www.deltacultura.org\/pt-pt\/sobre-nos\/\" \/>\n<meta property=\"og:locale\" content=\"pt_PT\" \/>\n<meta property=\"og:type\" content=\"article\" \/>\n<meta property=\"og:title\" content=\"Sobre N\u00f3s - Elimina pobreza atrav\u00e9s da Educa\u00e7\u00e3o\" \/>\n<meta property=\"og:description\" content=\"A Delta Cultura \u00e9 composta por quatro associa\u00e7\u00f5es independentes. A Delta Cultura Cabo Verde financiou e geriu com sucesso o centro educativo desde 2005. As associa\u00e7\u00f5es parceiras europeias na \u00c1ustria, Alemanha e Su\u00ed\u00e7a desempenham um papel importante nesta hist\u00f3ria de sucesso \u2013 especialmente quando se trata de financiamento.\" \/>\n<meta property=\"og:url\" content=\"https:\/\/www.deltacultura.org\/pt-pt\/sobre-nos\/\" \/>\n<meta property=\"og:site_name\" content=\"Elimina pobreza atrav\u00e9s da Educa\u00e7\u00e3o\" \/>\n<meta property=\"article:publisher\" content=\"https:\/\/www.facebook.com\/deltacultura\" \/>\n<meta property=\"article:modified_time\" content=\"2023-11-30T11:19:49+00:00\" \/>\n<meta property=\"og:image\" content=\"https:\/\/www.deltacultura.org\/wp-content\/uploads\/2023\/11\/IMG_9192-scaled-1.jpg\" \/>\n\t<meta property=\"og:image:width\" content=\"2560\" \/>\n\t<meta property=\"og:image:height\" content=\"1707\" \/>\n\t<meta property=\"og:image:type\" content=\"image\/jpeg\" \/>\n<meta name=\"twitter:card\" content=\"summary_large_image\" \/>\n<meta name=\"twitter:site\" content=\"@deltacultura\" \/>\n<meta name=\"twitter:label1\" content=\"Tempo estimado de leitura\" \/>\n\t<meta name=\"twitter:data1\" content=\"2 minutos\" \/>\n<script type=\"application\/ld+json\" class=\"yoast-schema-graph\">{\"@context\":\"https:\/\/schema.org\",\"@graph\":[{\"@type\":\"WebPage\",\"@id\":\"https:\/\/www.deltacultura.org\/pt-pt\/sobre-nos\/\",\"url\":\"https:\/\/www.deltacultura.org\/pt-pt\/sobre-nos\/\",\"name\":\"Sobre N\u00f3s - Elimina pobreza atrav\u00e9s da Educa\u00e7\u00e3o\",\"isPartOf\":{\"@id\":\"https:\/\/www.deltacultura.org\/pt-pt\/#website\"},\"primaryImageOfPage\":{\"@id\":\"https:\/\/www.deltacultura.org\/pt-pt\/sobre-nos\/#primaryimage\"},\"image\":{\"@id\":\"https:\/\/www.deltacultura.org\/pt-pt\/sobre-nos\/#primaryimage\"},\"thumbnailUrl\":\"https:\/\/www.deltacultura.org\/wp-content\/uploads\/2023\/11\/IMG_9192-scaled-1.jpg\",\"datePublished\":\"2023-05-08T10:00:23+00:00\",\"dateModified\":\"2023-11-30T11:19:49+00:00\",\"breadcrumb\":{\"@id\":\"https:\/\/www.deltacultura.org\/pt-pt\/sobre-nos\/#breadcrumb\"},\"inLanguage\":\"pt-PT\",\"potentialAction\":[{\"@type\":\"ReadAction\",\"target\":[\"https:\/\/www.deltacultura.org\/pt-pt\/sobre-nos\/\"]}]},{\"@type\":\"ImageObject\",\"inLanguage\":\"pt-PT\",\"@id\":\"https:\/\/www.deltacultura.org\/pt-pt\/sobre-nos\/#primaryimage\",\"url\":\"https:\/\/www.deltacultura.org\/wp-content\/uploads\/2023\/11\/IMG_9192-scaled-1.jpg\",\"contentUrl\":\"https:\/\/www.deltacultura.org\/wp-content\/uploads\/2023\/11\/IMG_9192-scaled-1.jpg\",\"width\":2560,\"height\":1707},{\"@type\":\"BreadcrumbList\",\"@id\":\"https:\/\/www.deltacultura.org\/pt-pt\/sobre-nos\/#breadcrumb\",\"itemListElement\":[{\"@type\":\"ListItem\",\"position\":1,\"name\":\"Startseite\",\"item\":\"https:\/\/www.deltacultura.org\/pt-pt\/\"},{\"@type\":\"ListItem\",\"position\":2,\"name\":\"Sobre N\u00f3s\"}]},{\"@type\":\"WebSite\",\"@id\":\"https:\/\/www.deltacultura.org\/pt-pt\/#website\",\"url\":\"https:\/\/www.deltacultura.org\/pt-pt\/\",\"name\":\"Delta Cultura\",\"description\":\"\",\"publisher\":{\"@id\":\"https:\/\/www.deltacultura.org\/pt-pt\/#organization\"},\"potentialAction\":[{\"@type\":\"SearchAction\",\"target\":{\"@type\":\"EntryPoint\",\"urlTemplate\":\"https:\/\/www.deltacultura.org\/pt-pt\/?s={search_term_string}\"},\"query-input\":{\"@type\":\"PropertyValueSpecification\",\"valueRequired\":true,\"valueName\":\"search_term_string\"}}],\"inLanguage\":\"pt-PT\"},{\"@type\":\"Organization\",\"@id\":\"https:\/\/www.deltacultura.org\/pt-pt\/#organization\",\"name\":\"Delta Cultura\",\"url\":\"https:\/\/www.deltacultura.org\/pt-pt\/\",\"logo\":{\"@type\":\"ImageObject\",\"inLanguage\":\"pt-PT\",\"@id\":\"https:\/\/www.deltacultura.org\/pt-pt\/#\/schema\/logo\/image\/\",\"url\":\"https:\/\/www.deltacultura.org\/wp-content\/uploads\/2023\/11\/Blanco_DeltaCultura.png\",\"contentUrl\":\"https:\/\/www.deltacultura.org\/wp-content\/uploads\/2023\/11\/Blanco_DeltaCultura.png\",\"width\":487,\"height\":160,\"caption\":\"Delta Cultura\"},\"image\":{\"@id\":\"https:\/\/www.deltacultura.org\/pt-pt\/#\/schema\/logo\/image\/\"},\"sameAs\":[\"https:\/\/www.facebook.com\/deltacultura\",\"https:\/\/x.com\/deltacultura\",\"https:\/\/www.instagram.com\/deltacultura\/\",\"https:\/\/www.youtube.com\/channel\/UC4_XsNAaqBgn3R_31jXuwvQ\"]}]}<\/script>\n<!-- \/ Yoast SEO plugin. -->","yoast_head_json":{"title":"Sobre N\u00f3s - Elimina pobreza atrav\u00e9s da Educa\u00e7\u00e3o","robots":{"index":"index","follow":"follow","max-snippet":"max-snippet:-1","max-image-preview":"max-image-preview:large","max-video-preview":"max-video-preview:-1"},"canonical":"https:\/\/www.deltacultura.org\/pt-pt\/sobre-nos\/","og_locale":"pt_PT","og_type":"article","og_title":"Sobre N\u00f3s - Elimina pobreza atrav\u00e9s da Educa\u00e7\u00e3o","og_description":"A Delta Cultura \u00e9 composta por quatro associa\u00e7\u00f5es independentes. A Delta Cultura Cabo Verde financiou e geriu com sucesso o centro educativo desde 2005. As associa\u00e7\u00f5es parceiras europeias na \u00c1ustria, Alemanha e Su\u00ed\u00e7a desempenham um papel importante nesta hist\u00f3ria de sucesso \u2013 especialmente quando se trata de financiamento.","og_url":"https:\/\/www.deltacultura.org\/pt-pt\/sobre-nos\/","og_site_name":"Elimina pobreza atrav\u00e9s da Educa\u00e7\u00e3o","article_publisher":"https:\/\/www.facebook.com\/deltacultura","article_modified_time":"2023-11-30T11:19:49+00:00","og_image":[{"width":2560,"height":1707,"url":"https:\/\/www.deltacultura.org\/wp-content\/uploads\/2023\/11\/IMG_9192-scaled-1.jpg","type":"image\/jpeg"}],"twitter_card":"summary_large_image","twitter_site":"@deltacultura","twitter_misc":{"Tempo estimado de leitura":"2 minutos"},"schema":{"@context":"https:\/\/schema.org","@graph":[{"@type":"WebPage","@id":"https:\/\/www.deltacultura.org\/pt-pt\/sobre-nos\/","url":"https:\/\/www.deltacultura.org\/pt-pt\/sobre-nos\/","name":"Sobre N\u00f3s - Elimina pobreza atrav\u00e9s da Educa\u00e7\u00e3o","isPartOf":{"@id":"https:\/\/www.deltacultura.org\/pt-pt\/#website"},"primaryImageOfPage":{"@id":"https:\/\/www.deltacultura.org\/pt-pt\/sobre-nos\/#primaryimage"},"image":{"@id":"https:\/\/www.deltacultura.org\/pt-pt\/sobre-nos\/#primaryimage"},"thumbnailUrl":"https:\/\/www.deltacultura.org\/wp-content\/uploads\/2023\/11\/IMG_9192-scaled-1.jpg","datePublished":"2023-05-08T10:00:23+00:00","dateModified":"2023-11-30T11:19:49+00:00","breadcrumb":{"@id":"https:\/\/www.deltacultura.org\/pt-pt\/sobre-nos\/#breadcrumb"},"inLanguage":"pt-PT","potentialAction":[{"@type":"ReadAction","target":["https:\/\/www.deltacultura.org\/pt-pt\/sobre-nos\/"]}]},{"@type":"ImageObject","inLanguage":"pt-PT","@id":"https:\/\/www.deltacultura.org\/pt-pt\/sobre-nos\/#primaryimage","url":"https:\/\/www.deltacultura.org\/wp-content\/uploads\/2023\/11\/IMG_9192-scaled-1.jpg","contentUrl":"https:\/\/www.deltacultura.org\/wp-content\/uploads\/2023\/11\/IMG_9192-scaled-1.jpg","width":2560,"height":1707},{"@type":"BreadcrumbList","@id":"https:\/\/www.deltacultura.org\/pt-pt\/sobre-nos\/#breadcrumb","itemListElement":[{"@type":"ListItem","position":1,"name":"Startseite","item":"https:\/\/www.deltacultura.org\/pt-pt\/"},{"@type":"ListItem","position":2,"name":"Sobre N\u00f3s"}]},{"@type":"WebSite","@id":"https:\/\/www.deltacultura.org\/pt-pt\/#website","url":"https:\/\/www.deltacultura.org\/pt-pt\/","name":"Delta Cultura","description":"","publisher":{"@id":"https:\/\/www.deltacultura.org\/pt-pt\/#organization"},"potentialAction":[{"@type":"SearchAction","target":{"@type":"EntryPoint","urlTemplate":"https:\/\/www.deltacultura.org\/pt-pt\/?s={search_term_string}"},"query-input":{"@type":"PropertyValueSpecification","valueRequired":true,"valueName":"search_term_string"}}],"inLanguage":"pt-PT"},{"@type":"Organization","@id":"https:\/\/www.deltacultura.org\/pt-pt\/#organization","name":"Delta Cultura","url":"https:\/\/www.deltacultura.org\/pt-pt\/","logo":{"@type":"ImageObject","inLanguage":"pt-PT","@id":"https:\/\/www.deltacultura.org\/pt-pt\/#\/schema\/logo\/image\/","url":"https:\/\/www.deltacultura.org\/wp-content\/uploads\/2023\/11\/Blanco_DeltaCultura.png","contentUrl":"https:\/\/www.deltacultura.org\/wp-content\/uploads\/2023\/11\/Blanco_DeltaCultura.png","width":487,"height":160,"caption":"Delta Cultura"},"image":{"@id":"https:\/\/www.deltacultura.org\/pt-pt\/#\/schema\/logo\/image\/"},"sameAs":["https:\/\/www.facebook.com\/deltacultura","https:\/\/x.com\/deltacultura","https:\/\/www.instagram.com\/deltacultura\/","https:\/\/www.youtube.com\/channel\/UC4_XsNAaqBgn3R_31jXuwvQ"]}]}},"_links":{"self":[{"href":"https:\/\/www.deltacultura.org\/pt-pt\/wp-json\/wp\/v2\/pages\/5739","targetHints":{"allow":["GET"]}}],"collection":[{"href":"https:\/\/www.deltacultura.org\/pt-pt\/wp-json\/wp\/v2\/pages"}],"about":[{"href":"https:\/\/www.deltacultura.org\/pt-pt\/wp-json\/wp\/v2\/types\/page"}],"author":[{"embeddable":true,"href":"https:\/\/www.deltacultura.org\/pt-pt\/wp-json\/wp\/v2\/users\/1"}],"replies":[{"embeddable":true,"href":"https:\/\/www.deltacultura.org\/pt-pt\/wp-json\/wp\/v2\/comments?post=5739"}],"version-history":[{"count":0,"href":"https:\/\/www.deltacultura.org\/pt-pt\/wp-json\/wp\/v2\/pages\/5739\/revisions"}],"wp:featuredmedia":[{"embeddable":true,"href":"https:\/\/www.deltacultura.org\/pt-pt\/wp-json\/wp\/v2\/media\/6733"}],"wp:attachment":[{"href":"https:\/\/www.deltacultura.org\/pt-pt\/wp-json\/wp\/v2\/media?parent=5739"}],"curies":[{"name":"wp","href":"https:\/\/api.w.org\/{rel}","templated":true}]}}