{"id":5750,"date":"2023-05-08T13:19:14","date_gmt":"2023-05-08T13:19:14","guid":{"rendered":"https:\/\/deltacultura.designkarussell.com\/sobre-nos\/unsere-vision-mission\/"},"modified":"2023-11-30T11:26:01","modified_gmt":"2023-11-30T11:26:01","slug":"unsere-vision-mission","status":"publish","type":"page","link":"https:\/\/www.deltacultura.org\/pt-pt\/sobre-nos\/unsere-vision-mission\/","title":{"rendered":"A Nossa Vis\u00e3o e Miss\u00e3o"},"content":{"rendered":"\t\t<div data-elementor-type=\"wp-page\" data-elementor-id=\"5750\" class=\"elementor elementor-5750 elementor-2362\" data-elementor-post-type=\"page\">\n\t\t\t\t\t\t<section class=\"elementor-section elementor-top-section elementor-element elementor-element-b9560d0 elementor-section-stretched helpo_no_bg_on_responsive elementor-section-boxed elementor-section-height-default elementor-section-height-default elementor-invisible\" data-id=\"b9560d0\" data-element_type=\"section\" data-settings=\"{&quot;stretch_section&quot;:&quot;section-stretched&quot;,&quot;background_background&quot;:&quot;gradient&quot;,&quot;animation&quot;:&quot;fadeIn&quot;}\">\n\t\t\t\t\t\t<div class=\"elementor-container elementor-column-gap-default\">\n\t\t\t\t\t<div class=\"elementor-column elementor-col-50 elementor-top-column elementor-element elementor-element-c2df212 elementor-hidden-mobile\" data-id=\"c2df212\" data-element_type=\"column\">\n\t\t\t<div class=\"elementor-widget-wrap elementor-element-populated\">\n\t\t\t\t\t\t<div class=\"elementor-element elementor-element-ea465f2 elementor-hidden-tablet elementor-hidden-phone elementor-widget elementor-widget-helpo_image\" data-id=\"ea465f2\" data-element_type=\"widget\" data-widget_type=\"helpo_image.default\">\n\t\t\t\t<div class=\"elementor-widget-container\">\n\t\t\t\t\t\n        <div class=\"helpo_image_widget\">\n            <div class=\"helpo_image_container helpo_bg_image_position_center_center\">\n                <img decoding=\"async\" class=\"helpo_image_widget_main_image\" src=\"https:\/\/www.deltacultura.org\/wp-content\/uploads\/2023\/07\/vision-mission.jpg\" alt=\"\" \/>\n\n                                    <img fetchpriority=\"high\" decoding=\"async\" class=\"helpo_image_widget_bg\" src=\"https:\/\/www.deltacultura.org\/wp-content\/uploads\/2020\/03\/about_layout-reverse.png\" alt=\"\" width=\"690\" height=\"690\" \/>\n                                <\/div>\n        <\/div>\n        \t\t\t\t<\/div>\n\t\t\t\t<\/div>\n\t\t\t\t\t<\/div>\n\t\t<\/div>\n\t\t\t\t<div class=\"elementor-column elementor-col-50 elementor-top-column elementor-element elementor-element-2f0e8da\" data-id=\"2f0e8da\" data-element_type=\"column\">\n\t\t\t<div class=\"elementor-widget-wrap elementor-element-populated\">\n\t\t\t\t\t\t<div class=\"elementor-element elementor-element-449ccef elementor-widget elementor-widget-helpo_heading\" data-id=\"449ccef\" data-element_type=\"widget\" data-widget_type=\"helpo_heading.default\">\n\t\t\t\t<div class=\"elementor-widget-container\">\n\t\t\t\t\t\n        <div class=\"helpo_heading_widget\">\n                                <div class=\"helpo_up_heading\">Eliminar a pobreza atrav\u00e9s da educa\u00e7\u00e3o<\/div>\n                                    <h2 class=\"helpo_heading\">\n\n                    A NOSSA                          <span>VIS\u00c3O<\/span>\n                                        <\/h2>\n                        <\/div>\n        \t\t\t\t<\/div>\n\t\t\t\t<\/div>\n\t\t\t\t<div class=\"elementor-element elementor-element-4da2818 elementor-widget elementor-widget-helpo_blockquote\" data-id=\"4da2818\" data-element_type=\"widget\" data-widget_type=\"helpo_blockquote.default\">\n\t\t\t\t<div class=\"elementor-widget-container\">\n\t\t\t\t\t\n        <div class=\"helpo_blockquote_widget\">\n            <div class=\"helpo_blockquote helpo_view_type_1\">\n                Delta Cultura elimina a pobreza atrav\u00e9s da educa\u00e7\u00e3o.            <\/div>\n        <\/div>\n        \t\t\t\t<\/div>\n\t\t\t\t<\/div>\n\t\t\t\t<div class=\"elementor-element elementor-element-cc2efd4 elementor-widget elementor-widget-text-editor\" data-id=\"cc2efd4\" data-element_type=\"widget\" data-widget_type=\"text-editor.default\">\n\t\t\t\t<div class=\"elementor-widget-container\">\n\t\t\t\t\t\t\t\t\t<p class=\"p1\">Mantemos crian\u00e7as e jovens entusiasmados com a aprendizagem.<\/p><p class=\"p1\">Ao criar emo\u00e7\u00f5es que despertam a curiosidade, damos um contributo significativo para uma a\u00e7\u00e3o autodeterminante, alerta, e contribu\u00edmos para a mudan\u00e7a social.<\/p>\t\t\t\t\t\t\t\t<\/div>\n\t\t\t\t<\/div>\n\t\t\t\t\t<\/div>\n\t\t<\/div>\n\t\t\t\t\t<\/div>\n\t\t<\/section>\n\t\t\t\t<section class=\"elementor-section elementor-top-section elementor-element elementor-element-96d6233 elementor-section-stretched helpo_no_bg_on_responsive elementor-section-boxed elementor-section-height-default elementor-section-height-default elementor-invisible\" data-id=\"96d6233\" data-element_type=\"section\" data-settings=\"{&quot;stretch_section&quot;:&quot;section-stretched&quot;,&quot;background_background&quot;:&quot;gradient&quot;,&quot;animation&quot;:&quot;fadeIn&quot;}\">\n\t\t\t\t\t\t<div class=\"elementor-container elementor-column-gap-default\">\n\t\t\t\t\t<div class=\"elementor-column elementor-col-50 elementor-top-column elementor-element elementor-element-9df301f\" data-id=\"9df301f\" data-element_type=\"column\">\n\t\t\t<div class=\"elementor-widget-wrap elementor-element-populated\">\n\t\t\t\t\t\t<div class=\"elementor-element elementor-element-76ceb4f elementor-widget elementor-widget-helpo_heading\" data-id=\"76ceb4f\" data-element_type=\"widget\" data-widget_type=\"helpo_heading.default\">\n\t\t\t\t<div class=\"elementor-widget-container\">\n\t\t\t\t\t\n        <div class=\"helpo_heading_widget\">\n                                <div class=\"helpo_up_heading\">Eliminar a pobreza atrav\u00e9s da educa\u00e7\u00e3o<\/div>\n                                    <h2 class=\"helpo_heading\">\n\n                    A NOSSA                          <span>MISS\u00c3O<\/span>\n                                        <\/h2>\n                        <\/div>\n        \t\t\t\t<\/div>\n\t\t\t\t<\/div>\n\t\t\t\t<div class=\"elementor-element elementor-element-5eb5996 elementor-widget elementor-widget-helpo_blockquote\" data-id=\"5eb5996\" data-element_type=\"widget\" data-widget_type=\"helpo_blockquote.default\">\n\t\t\t\t<div class=\"elementor-widget-container\">\n\t\t\t\t\t\n        <div class=\"helpo_blockquote_widget\">\n            <div class=\"helpo_blockquote helpo_view_type_1\">\n                A principal compet\u00eancia da Delta Cultura \u00e9 a educa\u00e7\u00e3o.            <\/div>\n        <\/div>\n        \t\t\t\t<\/div>\n\t\t\t\t<\/div>\n\t\t\t\t<div class=\"elementor-element elementor-element-f68897b elementor-widget elementor-widget-text-editor\" data-id=\"f68897b\" data-element_type=\"widget\" data-widget_type=\"text-editor.default\">\n\t\t\t\t<div class=\"elementor-widget-container\">\n\t\t\t\t\t\t\t\t\t<p class=\"p1\">Desenvolvemos atividades educativas que visam criar emo\u00e7\u00f5es para o conte\u00fado did\u00e1tico. Isto permite-nos reconhecer potencial e promov\u00ea-lo.<\/p><p class=\"p1\">Para gerar emo\u00e7\u00f5es, utilizamos ferramentas como contar hist\u00f3rias, fazer perguntas, questionar valores e criar desafios.<\/p><p class=\"p1\">Formamos uma rede internacional de conhecimento, garantimos o envolvimento ativo dos nossos supervisores e fornecemos a infraestrutura necess\u00e1ria.<\/p><p class=\"p1\">Atrav\u00e9s do interc\u00e2mbio transcultural, criamos a base para a compreens\u00e3o e consci\u00eancia m\u00fatua sobre as identidades culturais e o tema da migra\u00e7\u00e3o.<\/p>\t\t\t\t\t\t\t\t<\/div>\n\t\t\t\t<\/div>\n\t\t\t\t\t<\/div>\n\t\t<\/div>\n\t\t\t\t<div class=\"elementor-column elementor-col-50 elementor-top-column elementor-element elementor-element-02c2386\" data-id=\"02c2386\" data-element_type=\"column\">\n\t\t\t<div class=\"elementor-widget-wrap elementor-element-populated\">\n\t\t\t\t\t\t<div class=\"elementor-element elementor-element-f13e2ec elementor-hidden-tablet elementor-hidden-phone elementor-widget elementor-widget-helpo_image\" data-id=\"f13e2ec\" data-element_type=\"widget\" data-widget_type=\"helpo_image.default\">\n\t\t\t\t<div class=\"elementor-widget-container\">\n\t\t\t\t\t\n        <div class=\"helpo_image_widget\">\n            <div class=\"helpo_image_container helpo_bg_image_position_center_center\">\n                <img decoding=\"async\" class=\"helpo_image_widget_main_image\" src=\"https:\/\/www.deltacultura.org\/wp-content\/uploads\/2023\/07\/jahresabschluss-1.jpg\" alt=\"\" \/>\n\n                                    <img fetchpriority=\"high\" decoding=\"async\" class=\"helpo_image_widget_bg\" src=\"https:\/\/www.deltacultura.org\/wp-content\/uploads\/2020\/03\/about_layout-reverse.png\" alt=\"\" width=\"690\" height=\"690\" \/>\n                                <\/div>\n        <\/div>\n        \t\t\t\t<\/div>\n\t\t\t\t<\/div>\n\t\t\t\t\t<\/div>\n\t\t<\/div>\n\t\t\t\t\t<\/div>\n\t\t<\/section>\n\t\t\t\t<\/div>\n\t\t","protected":false},"excerpt":{"rendered":"<p>Mantemos crian\u00e7as e jovens entusiasmados com a aprendizagem. Ao criar emo\u00e7\u00f5es que despertam a curiosidade, damos um contributo significativo para uma a\u00e7\u00e3o autodeterminante, alerta, e contribu\u00edmos para a mudan\u00e7a social. Desenvolvemos atividades educativas que visam criar emo\u00e7\u00f5es para o conte\u00fado did\u00e1tico. Isto permite-nos reconhecer potencial e promov\u00ea-lo. Para gerar emo\u00e7\u00f5es, utilizamos ferramentas como contar hist\u00f3rias, [&hellip;]<\/p>\n","protected":false},"author":1,"featured_media":4920,"parent":5739,"menu_order":0,"comment_status":"closed","ping_status":"closed","template":"","meta":{"inline_featured_image":false,"footnotes":""},"class_list":["post-5750","page","type-page","status-publish","has-post-thumbnail","hentry"],"yoast_head":"<!-- This site is optimized with the Yoast SEO plugin v26.7 - https:\/\/yoast.com\/wordpress\/plugins\/seo\/ -->\n<title>A Nossa Vis\u00e3o e Miss\u00e3o - Elimina pobreza atrav\u00e9s da Educa\u00e7\u00e3o<\/title>\n<meta name=\"robots\" content=\"index, follow, max-snippet:-1, max-image-preview:large, max-video-preview:-1\" \/>\n<link rel=\"canonical\" href=\"https:\/\/www.deltacultura.org\/pt-pt\/sobre-nos\/unsere-vision-mission\/\" \/>\n<meta property=\"og:locale\" content=\"pt_PT\" \/>\n<meta property=\"og:type\" content=\"article\" \/>\n<meta property=\"og:title\" content=\"A Nossa Vis\u00e3o e Miss\u00e3o - Elimina pobreza atrav\u00e9s da Educa\u00e7\u00e3o\" \/>\n<meta property=\"og:description\" content=\"Mantemos crian\u00e7as e jovens entusiasmados com a aprendizagem. Ao criar emo\u00e7\u00f5es que despertam a curiosidade, damos um contributo significativo para uma a\u00e7\u00e3o autodeterminante, alerta, e contribu\u00edmos para a mudan\u00e7a social. Desenvolvemos atividades educativas que visam criar emo\u00e7\u00f5es para o conte\u00fado did\u00e1tico. Isto permite-nos reconhecer potencial e promov\u00ea-lo. Para gerar emo\u00e7\u00f5es, utilizamos ferramentas como contar hist\u00f3rias, [&hellip;]\" \/>\n<meta property=\"og:url\" content=\"https:\/\/www.deltacultura.org\/pt-pt\/sobre-nos\/unsere-vision-mission\/\" \/>\n<meta property=\"og:site_name\" content=\"Elimina pobreza atrav\u00e9s da Educa\u00e7\u00e3o\" \/>\n<meta property=\"article:publisher\" content=\"https:\/\/www.facebook.com\/deltacultura\" \/>\n<meta property=\"article:modified_time\" content=\"2023-11-30T11:26:01+00:00\" \/>\n<meta property=\"og:image\" content=\"https:\/\/www.deltacultura.org\/wp-content\/uploads\/2023\/07\/vision-mission-1.jpg\" \/>\n\t<meta property=\"og:image:width\" content=\"1920\" \/>\n\t<meta property=\"og:image:height\" content=\"1280\" \/>\n\t<meta property=\"og:image:type\" content=\"image\/jpeg\" \/>\n<meta name=\"twitter:card\" content=\"summary_large_image\" \/>\n<meta name=\"twitter:site\" content=\"@deltacultura\" \/>\n<meta name=\"twitter:label1\" content=\"Tempo estimado de leitura\" \/>\n\t<meta name=\"twitter:data1\" content=\"2 minutos\" \/>\n<script type=\"application\/ld+json\" class=\"yoast-schema-graph\">{\"@context\":\"https:\/\/schema.org\",\"@graph\":[{\"@type\":\"WebPage\",\"@id\":\"https:\/\/www.deltacultura.org\/pt-pt\/sobre-nos\/unsere-vision-mission\/\",\"url\":\"https:\/\/www.deltacultura.org\/pt-pt\/sobre-nos\/unsere-vision-mission\/\",\"name\":\"A Nossa Vis\u00e3o e Miss\u00e3o - Elimina pobreza atrav\u00e9s da Educa\u00e7\u00e3o\",\"isPartOf\":{\"@id\":\"https:\/\/www.deltacultura.org\/pt-pt\/#website\"},\"primaryImageOfPage\":{\"@id\":\"https:\/\/www.deltacultura.org\/pt-pt\/sobre-nos\/unsere-vision-mission\/#primaryimage\"},\"image\":{\"@id\":\"https:\/\/www.deltacultura.org\/pt-pt\/sobre-nos\/unsere-vision-mission\/#primaryimage\"},\"thumbnailUrl\":\"https:\/\/www.deltacultura.org\/wp-content\/uploads\/2023\/07\/vision-mission-1.jpg\",\"datePublished\":\"2023-05-08T13:19:14+00:00\",\"dateModified\":\"2023-11-30T11:26:01+00:00\",\"breadcrumb\":{\"@id\":\"https:\/\/www.deltacultura.org\/pt-pt\/sobre-nos\/unsere-vision-mission\/#breadcrumb\"},\"inLanguage\":\"pt-PT\",\"potentialAction\":[{\"@type\":\"ReadAction\",\"target\":[\"https:\/\/www.deltacultura.org\/pt-pt\/sobre-nos\/unsere-vision-mission\/\"]}]},{\"@type\":\"ImageObject\",\"inLanguage\":\"pt-PT\",\"@id\":\"https:\/\/www.deltacultura.org\/pt-pt\/sobre-nos\/unsere-vision-mission\/#primaryimage\",\"url\":\"https:\/\/www.deltacultura.org\/wp-content\/uploads\/2023\/07\/vision-mission-1.jpg\",\"contentUrl\":\"https:\/\/www.deltacultura.org\/wp-content\/uploads\/2023\/07\/vision-mission-1.jpg\",\"width\":1920,\"height\":1280},{\"@type\":\"BreadcrumbList\",\"@id\":\"https:\/\/www.deltacultura.org\/pt-pt\/sobre-nos\/unsere-vision-mission\/#breadcrumb\",\"itemListElement\":[{\"@type\":\"ListItem\",\"position\":1,\"name\":\"Startseite\",\"item\":\"https:\/\/www.deltacultura.org\/pt-pt\/\"},{\"@type\":\"ListItem\",\"position\":2,\"name\":\"Sobre N\u00f3s\",\"item\":\"https:\/\/www.deltacultura.org\/pt-pt\/ueber-uns\/\"},{\"@type\":\"ListItem\",\"position\":3,\"name\":\"A Nossa Vis\u00e3o e Miss\u00e3o\"}]},{\"@type\":\"WebSite\",\"@id\":\"https:\/\/www.deltacultura.org\/pt-pt\/#website\",\"url\":\"https:\/\/www.deltacultura.org\/pt-pt\/\",\"name\":\"Delta Cultura\",\"description\":\"\",\"publisher\":{\"@id\":\"https:\/\/www.deltacultura.org\/pt-pt\/#organization\"},\"potentialAction\":[{\"@type\":\"SearchAction\",\"target\":{\"@type\":\"EntryPoint\",\"urlTemplate\":\"https:\/\/www.deltacultura.org\/pt-pt\/?s={search_term_string}\"},\"query-input\":{\"@type\":\"PropertyValueSpecification\",\"valueRequired\":true,\"valueName\":\"search_term_string\"}}],\"inLanguage\":\"pt-PT\"},{\"@type\":\"Organization\",\"@id\":\"https:\/\/www.deltacultura.org\/pt-pt\/#organization\",\"name\":\"Delta Cultura\",\"url\":\"https:\/\/www.deltacultura.org\/pt-pt\/\",\"logo\":{\"@type\":\"ImageObject\",\"inLanguage\":\"pt-PT\",\"@id\":\"https:\/\/www.deltacultura.org\/pt-pt\/#\/schema\/logo\/image\/\",\"url\":\"https:\/\/www.deltacultura.org\/wp-content\/uploads\/2023\/11\/Blanco_DeltaCultura.png\",\"contentUrl\":\"https:\/\/www.deltacultura.org\/wp-content\/uploads\/2023\/11\/Blanco_DeltaCultura.png\",\"width\":487,\"height\":160,\"caption\":\"Delta Cultura\"},\"image\":{\"@id\":\"https:\/\/www.deltacultura.org\/pt-pt\/#\/schema\/logo\/image\/\"},\"sameAs\":[\"https:\/\/www.facebook.com\/deltacultura\",\"https:\/\/x.com\/deltacultura\",\"https:\/\/www.instagram.com\/deltacultura\/\",\"https:\/\/www.youtube.com\/channel\/UC4_XsNAaqBgn3R_31jXuwvQ\"]}]}<\/script>\n<!-- \/ Yoast SEO plugin. -->","yoast_head_json":{"title":"A Nossa Vis\u00e3o e Miss\u00e3o - Elimina pobreza atrav\u00e9s da Educa\u00e7\u00e3o","robots":{"index":"index","follow":"follow","max-snippet":"max-snippet:-1","max-image-preview":"max-image-preview:large","max-video-preview":"max-video-preview:-1"},"canonical":"https:\/\/www.deltacultura.org\/pt-pt\/sobre-nos\/unsere-vision-mission\/","og_locale":"pt_PT","og_type":"article","og_title":"A Nossa Vis\u00e3o e Miss\u00e3o - Elimina pobreza atrav\u00e9s da Educa\u00e7\u00e3o","og_description":"Mantemos crian\u00e7as e jovens entusiasmados com a aprendizagem. Ao criar emo\u00e7\u00f5es que despertam a curiosidade, damos um contributo significativo para uma a\u00e7\u00e3o autodeterminante, alerta, e contribu\u00edmos para a mudan\u00e7a social. Desenvolvemos atividades educativas que visam criar emo\u00e7\u00f5es para o conte\u00fado did\u00e1tico. Isto permite-nos reconhecer potencial e promov\u00ea-lo. Para gerar emo\u00e7\u00f5es, utilizamos ferramentas como contar hist\u00f3rias, [&hellip;]","og_url":"https:\/\/www.deltacultura.org\/pt-pt\/sobre-nos\/unsere-vision-mission\/","og_site_name":"Elimina pobreza atrav\u00e9s da Educa\u00e7\u00e3o","article_publisher":"https:\/\/www.facebook.com\/deltacultura","article_modified_time":"2023-11-30T11:26:01+00:00","og_image":[{"width":1920,"height":1280,"url":"https:\/\/www.deltacultura.org\/wp-content\/uploads\/2023\/07\/vision-mission-1.jpg","type":"image\/jpeg"}],"twitter_card":"summary_large_image","twitter_site":"@deltacultura","twitter_misc":{"Tempo estimado de leitura":"2 minutos"},"schema":{"@context":"https:\/\/schema.org","@graph":[{"@type":"WebPage","@id":"https:\/\/www.deltacultura.org\/pt-pt\/sobre-nos\/unsere-vision-mission\/","url":"https:\/\/www.deltacultura.org\/pt-pt\/sobre-nos\/unsere-vision-mission\/","name":"A Nossa Vis\u00e3o e Miss\u00e3o - Elimina pobreza atrav\u00e9s da Educa\u00e7\u00e3o","isPartOf":{"@id":"https:\/\/www.deltacultura.org\/pt-pt\/#website"},"primaryImageOfPage":{"@id":"https:\/\/www.deltacultura.org\/pt-pt\/sobre-nos\/unsere-vision-mission\/#primaryimage"},"image":{"@id":"https:\/\/www.deltacultura.org\/pt-pt\/sobre-nos\/unsere-vision-mission\/#primaryimage"},"thumbnailUrl":"https:\/\/www.deltacultura.org\/wp-content\/uploads\/2023\/07\/vision-mission-1.jpg","datePublished":"2023-05-08T13:19:14+00:00","dateModified":"2023-11-30T11:26:01+00:00","breadcrumb":{"@id":"https:\/\/www.deltacultura.org\/pt-pt\/sobre-nos\/unsere-vision-mission\/#breadcrumb"},"inLanguage":"pt-PT","potentialAction":[{"@type":"ReadAction","target":["https:\/\/www.deltacultura.org\/pt-pt\/sobre-nos\/unsere-vision-mission\/"]}]},{"@type":"ImageObject","inLanguage":"pt-PT","@id":"https:\/\/www.deltacultura.org\/pt-pt\/sobre-nos\/unsere-vision-mission\/#primaryimage","url":"https:\/\/www.deltacultura.org\/wp-content\/uploads\/2023\/07\/vision-mission-1.jpg","contentUrl":"https:\/\/www.deltacultura.org\/wp-content\/uploads\/2023\/07\/vision-mission-1.jpg","width":1920,"height":1280},{"@type":"BreadcrumbList","@id":"https:\/\/www.deltacultura.org\/pt-pt\/sobre-nos\/unsere-vision-mission\/#breadcrumb","itemListElement":[{"@type":"ListItem","position":1,"name":"Startseite","item":"https:\/\/www.deltacultura.org\/pt-pt\/"},{"@type":"ListItem","position":2,"name":"Sobre N\u00f3s","item":"https:\/\/www.deltacultura.org\/pt-pt\/ueber-uns\/"},{"@type":"ListItem","position":3,"name":"A Nossa Vis\u00e3o e Miss\u00e3o"}]},{"@type":"WebSite","@id":"https:\/\/www.deltacultura.org\/pt-pt\/#website","url":"https:\/\/www.deltacultura.org\/pt-pt\/","name":"Delta Cultura","description":"","publisher":{"@id":"https:\/\/www.deltacultura.org\/pt-pt\/#organization"},"potentialAction":[{"@type":"SearchAction","target":{"@type":"EntryPoint","urlTemplate":"https:\/\/www.deltacultura.org\/pt-pt\/?s={search_term_string}"},"query-input":{"@type":"PropertyValueSpecification","valueRequired":true,"valueName":"search_term_string"}}],"inLanguage":"pt-PT"},{"@type":"Organization","@id":"https:\/\/www.deltacultura.org\/pt-pt\/#organization","name":"Delta Cultura","url":"https:\/\/www.deltacultura.org\/pt-pt\/","logo":{"@type":"ImageObject","inLanguage":"pt-PT","@id":"https:\/\/www.deltacultura.org\/pt-pt\/#\/schema\/logo\/image\/","url":"https:\/\/www.deltacultura.org\/wp-content\/uploads\/2023\/11\/Blanco_DeltaCultura.png","contentUrl":"https:\/\/www.deltacultura.org\/wp-content\/uploads\/2023\/11\/Blanco_DeltaCultura.png","width":487,"height":160,"caption":"Delta Cultura"},"image":{"@id":"https:\/\/www.deltacultura.org\/pt-pt\/#\/schema\/logo\/image\/"},"sameAs":["https:\/\/www.facebook.com\/deltacultura","https:\/\/x.com\/deltacultura","https:\/\/www.instagram.com\/deltacultura\/","https:\/\/www.youtube.com\/channel\/UC4_XsNAaqBgn3R_31jXuwvQ"]}]}},"_links":{"self":[{"href":"https:\/\/www.deltacultura.org\/pt-pt\/wp-json\/wp\/v2\/pages\/5750","targetHints":{"allow":["GET"]}}],"collection":[{"href":"https:\/\/www.deltacultura.org\/pt-pt\/wp-json\/wp\/v2\/pages"}],"about":[{"href":"https:\/\/www.deltacultura.org\/pt-pt\/wp-json\/wp\/v2\/types\/page"}],"author":[{"embeddable":true,"href":"https:\/\/www.deltacultura.org\/pt-pt\/wp-json\/wp\/v2\/users\/1"}],"replies":[{"embeddable":true,"href":"https:\/\/www.deltacultura.org\/pt-pt\/wp-json\/wp\/v2\/comments?post=5750"}],"version-history":[{"count":0,"href":"https:\/\/www.deltacultura.org\/pt-pt\/wp-json\/wp\/v2\/pages\/5750\/revisions"}],"up":[{"embeddable":true,"href":"https:\/\/www.deltacultura.org\/pt-pt\/wp-json\/wp\/v2\/pages\/5739"}],"wp:featuredmedia":[{"embeddable":true,"href":"https:\/\/www.deltacultura.org\/pt-pt\/wp-json\/wp\/v2\/media\/4920"}],"wp:attachment":[{"href":"https:\/\/www.deltacultura.org\/pt-pt\/wp-json\/wp\/v2\/media?parent=5750"}],"curies":[{"name":"wp","href":"https:\/\/api.w.org\/{rel}","templated":true}]}}