{"id":5762,"date":"2023-05-08T13:22:49","date_gmt":"2023-05-08T13:22:49","guid":{"rendered":"https:\/\/deltacultura.designkarussell.com\/sobre-nos\/documentos\/"},"modified":"2024-02-05T15:32:28","modified_gmt":"2024-02-05T15:32:28","slug":"documentos","status":"publish","type":"page","link":"https:\/\/www.deltacultura.org\/pt-pt\/sobre-nos\/documentos\/","title":{"rendered":"Documentos"},"content":{"rendered":"\t\t<div data-elementor-type=\"wp-page\" data-elementor-id=\"5762\" class=\"elementor elementor-5762 elementor-2368\" data-elementor-post-type=\"page\">\n\t\t\t\t\t\t<section class=\"elementor-section elementor-top-section elementor-element elementor-element-28238bb elementor-section-stretched elementor-section-content-middle elementor-section-boxed elementor-section-height-default elementor-section-height-default\" data-id=\"28238bb\" data-element_type=\"section\" data-settings=\"{&quot;stretch_section&quot;:&quot;section-stretched&quot;,&quot;background_background&quot;:&quot;gradient&quot;}\">\n\t\t\t\t\t\t\t<div class=\"elementor-background-overlay\"><\/div>\n\t\t\t\t\t\t\t<div class=\"elementor-container elementor-column-gap-default\">\n\t\t\t\t\t<div class=\"elementor-column elementor-col-50 elementor-top-column elementor-element elementor-element-0903b61\" data-id=\"0903b61\" data-element_type=\"column\">\n\t\t\t<div class=\"elementor-widget-wrap elementor-element-populated\">\n\t\t\t\t\t\t<div class=\"elementor-element elementor-element-498452d elementor-widget elementor-widget-helpo_heading\" data-id=\"498452d\" data-element_type=\"widget\" data-widget_type=\"helpo_heading.default\">\n\t\t\t\t<div class=\"elementor-widget-container\">\n\t\t\t\t\t\n        <div class=\"helpo_heading_widget\">\n                                <div class=\"helpo_up_heading\">Delta Cultura<\/div>\n                                    <h2 class=\"helpo_heading\">\n\n                    Documentos                         <span><\/span>\n                                        <\/h2>\n                        <\/div>\n        \t\t\t\t<\/div>\n\t\t\t\t<\/div>\n\t\t\t\t<div class=\"elementor-element elementor-element-26582ec elementor-widget elementor-widget-text-editor\" data-id=\"26582ec\" data-element_type=\"widget\" data-widget_type=\"text-editor.default\">\n\t\t\t\t<div class=\"elementor-widget-container\">\n\t\t\t\t\t\t\t\t\t<p><span style=\"font-weight: 400;\">Al\u00e9m dos <a href=\"https:\/\/www.deltacultura.org\/bildungszentrum\/jahresberichte\/\">relat\u00f3rios<\/a> anuais que a Delta Cultura Cabo Verde publica, pode encontrar aqui os estatutos das diversas associa\u00e7\u00f5es e os relat\u00f3rios financeiros anuais.<\/span><\/p>\n\t\t\t\t\t\t\t\t<\/div>\n\t\t\t\t<\/div>\n\t\t\t\t<div class=\"elementor-element elementor-element-c5aef88 elementor-widget elementor-widget-text-editor\" data-id=\"c5aef88\" data-element_type=\"widget\" data-widget_type=\"text-editor.default\">\n\t\t\t\t<div class=\"elementor-widget-container\">\n\t\t\t\t\t\t\t\t\t<p><strong>Delta Cultura Cabo Verde<\/strong><br \/><a href=\"https:\/\/www.deltacultura.org\/wp-content\/uploads\/2023\/10\/estatuto-dccv-pt.pdf\" target=\"_blank\" rel=\"noopener\">Estatutos<\/a><br \/><a href=\"https:\/\/www.deltacultura.org\/wp-content\/uploads\/2023\/10\/financial_statement_dccv_2016.pdf\" target=\"_blank\" rel=\"noopener\">Relat\u00f3rios financeiros 2016<\/a><br \/><a href=\"https:\/\/www.deltacultura.org\/wp-content\/uploads\/2023\/10\/financial_report-_dccv_2017.pdf\" target=\"_blank\" rel=\"noopener\">Relat\u00f3rios financeiros 2017<\/a><br \/><a href=\"https:\/\/www.deltacultura.org\/wp-content\/uploads\/2023\/10\/account-report-_dccv_2018_pt.pdf\" target=\"_blank\" rel=\"noopener\">Relat\u00f3rios financeiros 2018<\/a><br \/><a href=\"https:\/\/www.deltacultura.org\/wp-content\/uploads\/2023\/10\/account_report-_dccv_2019_pt.pdf\" target=\"_blank\" rel=\"noopener\">Relat\u00f3rios financeiros 2019<\/a><br \/><a href=\"https:\/\/www.deltacultura.org\/wp-content\/uploads\/2023\/10\/account_report_dccv_2020_pt.pdf\" target=\"_blank\" rel=\"noopener\">Relat\u00f3rios financeiros 2020<\/a><br \/><a href=\"https:\/\/www.deltacultura.org\/wp-content\/uploads\/2023\/10\/account_report_dccv_2021_pt.pdf\" target=\"_blank\" rel=\"noopener\">Relat\u00f3rios financeiros 2021<\/a><br \/><a href=\"https:\/\/www.deltacultura.org\/wp-content\/uploads\/2023\/10\/account_report_dccv_2022_pt.pdf\" target=\"_blank\" rel=\"noopener\">Relat\u00f3rios financeiros 2022<\/a><br \/><a href=\"https:\/\/www.deltacultura.org\/wp-content\/uploads\/2024\/02\/account_report__dccv_2023_pt.pdf\" target=\"_blank\" rel=\"noopener\">Relat\u00f3rios financeiros 2023<\/a><\/p><p><small>Os relat\u00f3rios financeiros da Delta Cultura Cabo Verde s\u00e3o publicados por um contabilista externo no in\u00edcio de cada ano. Os relat\u00f3rios est\u00e3o dispon\u00edveis apenas em ingl\u00eas ou portugu\u00eas. Os relat\u00f3rios dos anos anteriores podem ser consultados aqui. <\/small><\/p><p><strong>Delta Cultura \u00c1ustria<\/strong><br \/><a href=\"https:\/\/www.deltacultura.org\/wp-content\/uploads\/2023\/10\/Statuten_2017_03_final.pdf\" target=\"_blank\" rel=\"noopener\">Estatutos<\/a><br \/><a href=\"https:\/\/www.deltacultura.org\/wp-content\/uploads\/2023\/10\/Vereinsregisterauszug-2023.pdf\" target=\"_blank\" rel=\"noopener\">Extrato de registro de associa\u00e7\u00e3o<\/a><\/p><p><strong>Delta Cultura Alemanha<\/strong><br \/><a href=\"https:\/\/www.deltacultura.org\/wp-content\/uploads\/2023\/09\/Satzung_DeltaCultura.pdf\" target=\"_blank\" rel=\"noopener\">Estatutos<\/a><br \/><a href=\"https:\/\/www.deltacultura.org\/wp-content\/uploads\/2023\/09\/Spendenquittung_DeltaCultura.pdf\" target=\"_blank\" rel=\"noopener\">Recibo de doa\u00e7\u00e3o<\/a><\/p><p><strong>Delta Cultura Su\u00ed\u00e7a<\/strong><br \/><a href=\"https:\/\/www.deltacultura.org\/wp-content\/uploads\/2023\/09\/statuten_dc_schweiz.pdf\" target=\"_blank\" rel=\"noopener\">Estatutos<\/a><\/p>\t\t\t\t\t\t\t\t<\/div>\n\t\t\t\t<\/div>\n\t\t\t\t\t<\/div>\n\t\t<\/div>\n\t\t\t\t<div class=\"elementor-column elementor-col-50 elementor-top-column elementor-element elementor-element-ccd8254\" data-id=\"ccd8254\" data-element_type=\"column\" data-settings=\"{&quot;background_background&quot;:&quot;classic&quot;}\">\n\t\t\t<div class=\"elementor-widget-wrap elementor-element-populated\">\n\t\t\t\t\t<div class=\"elementor-background-overlay\"><\/div>\n\t\t\t\t\t\t<div class=\"elementor-element elementor-element-a222409 elementor-widget elementor-widget-image\" data-id=\"a222409\" data-element_type=\"widget\" data-widget_type=\"image.default\">\n\t\t\t\t<div class=\"elementor-widget-container\">\n\t\t\t\t\t\t\t\t\t\t\t\t\t\t\t<img fetchpriority=\"high\" decoding=\"async\" width=\"445\" height=\"593\" src=\"https:\/\/www.deltacultura.org\/wp-content\/uploads\/2023\/09\/prinzessinnen_1.jpg\" class=\"attachment-large size-large wp-image-4968\" alt=\"\" srcset=\"https:\/\/www.deltacultura.org\/wp-content\/uploads\/2023\/09\/prinzessinnen_1.jpg 445w, https:\/\/www.deltacultura.org\/wp-content\/uploads\/2023\/09\/prinzessinnen_1-225x300.jpg 225w\" sizes=\"(max-width: 445px) 100vw, 445px\" \/>\t\t\t\t\t\t\t\t\t\t\t\t\t\t\t<\/div>\n\t\t\t\t<\/div>\n\t\t\t\t\t<\/div>\n\t\t<\/div>\n\t\t\t\t\t<\/div>\n\t\t<\/section>\n\t\t\t\t<\/div>\n\t\t","protected":false},"excerpt":{"rendered":"<p>Al\u00e9m dos relat\u00f3rios anuais que a Delta Cultura Cabo Verde publica, pode encontrar aqui os estatutos das diversas associa\u00e7\u00f5es e os relat\u00f3rios financeiros anuais. Delta Cultura Cabo VerdeEstatutosRelat\u00f3rios financeiros 2016Relat\u00f3rios financeiros 2017Relat\u00f3rios financeiros 2018Relat\u00f3rios financeiros 2019Relat\u00f3rios financeiros 2020Relat\u00f3rios financeiros 2021Relat\u00f3rios financeiros 2022Relat\u00f3rios financeiros 2023 Os relat\u00f3rios financeiros da Delta Cultura Cabo Verde s\u00e3o publicados por [&hellip;]<\/p>\n","protected":false},"author":1,"featured_media":5290,"parent":5739,"menu_order":0,"comment_status":"closed","ping_status":"closed","template":"","meta":{"inline_featured_image":false,"footnotes":""},"class_list":["post-5762","page","type-page","status-publish","has-post-thumbnail","hentry"],"yoast_head":"<!-- This site is optimized with the Yoast SEO plugin v26.7 - https:\/\/yoast.com\/wordpress\/plugins\/seo\/ -->\n<title>Documentos - Elimina pobreza atrav\u00e9s da Educa\u00e7\u00e3o<\/title>\n<meta name=\"robots\" content=\"index, follow, max-snippet:-1, max-image-preview:large, max-video-preview:-1\" \/>\n<link rel=\"canonical\" href=\"https:\/\/www.deltacultura.org\/pt-pt\/sobre-nos\/documentos\/\" \/>\n<meta property=\"og:locale\" content=\"pt_PT\" \/>\n<meta property=\"og:type\" content=\"article\" \/>\n<meta property=\"og:title\" content=\"Documentos - Elimina pobreza atrav\u00e9s da Educa\u00e7\u00e3o\" \/>\n<meta property=\"og:description\" content=\"Al\u00e9m dos relat\u00f3rios anuais que a Delta Cultura Cabo Verde publica, pode encontrar aqui os estatutos das diversas associa\u00e7\u00f5es e os relat\u00f3rios financeiros anuais. Delta Cultura Cabo VerdeEstatutosRelat\u00f3rios financeiros 2016Relat\u00f3rios financeiros 2017Relat\u00f3rios financeiros 2018Relat\u00f3rios financeiros 2019Relat\u00f3rios financeiros 2020Relat\u00f3rios financeiros 2021Relat\u00f3rios financeiros 2022Relat\u00f3rios financeiros 2023 Os relat\u00f3rios financeiros da Delta Cultura Cabo Verde s\u00e3o publicados por [&hellip;]\" \/>\n<meta property=\"og:url\" content=\"https:\/\/www.deltacultura.org\/pt-pt\/sobre-nos\/documentos\/\" \/>\n<meta property=\"og:site_name\" content=\"Elimina pobreza atrav\u00e9s da Educa\u00e7\u00e3o\" \/>\n<meta property=\"article:publisher\" content=\"https:\/\/www.facebook.com\/deltacultura\" \/>\n<meta property=\"article:modified_time\" content=\"2024-02-05T15:32:28+00:00\" \/>\n<meta property=\"og:image\" content=\"https:\/\/www.deltacultura.org\/wp-content\/uploads\/2023\/09\/header-dokumente.jpg\" \/>\n\t<meta property=\"og:image:width\" content=\"1920\" \/>\n\t<meta property=\"og:image:height\" content=\"1280\" \/>\n\t<meta property=\"og:image:type\" content=\"image\/jpeg\" \/>\n<meta name=\"twitter:card\" content=\"summary_large_image\" \/>\n<meta name=\"twitter:site\" content=\"@deltacultura\" \/>\n<meta name=\"twitter:label1\" content=\"Tempo estimado de leitura\" \/>\n\t<meta name=\"twitter:data1\" content=\"1 minuto\" \/>\n<script type=\"application\/ld+json\" class=\"yoast-schema-graph\">{\"@context\":\"https:\/\/schema.org\",\"@graph\":[{\"@type\":\"WebPage\",\"@id\":\"https:\/\/www.deltacultura.org\/pt-pt\/sobre-nos\/documentos\/\",\"url\":\"https:\/\/www.deltacultura.org\/pt-pt\/sobre-nos\/documentos\/\",\"name\":\"Documentos - Elimina pobreza atrav\u00e9s da Educa\u00e7\u00e3o\",\"isPartOf\":{\"@id\":\"https:\/\/www.deltacultura.org\/pt-pt\/#website\"},\"primaryImageOfPage\":{\"@id\":\"https:\/\/www.deltacultura.org\/pt-pt\/sobre-nos\/documentos\/#primaryimage\"},\"image\":{\"@id\":\"https:\/\/www.deltacultura.org\/pt-pt\/sobre-nos\/documentos\/#primaryimage\"},\"thumbnailUrl\":\"https:\/\/www.deltacultura.org\/wp-content\/uploads\/2023\/09\/header-dokumente.jpg\",\"datePublished\":\"2023-05-08T13:22:49+00:00\",\"dateModified\":\"2024-02-05T15:32:28+00:00\",\"breadcrumb\":{\"@id\":\"https:\/\/www.deltacultura.org\/pt-pt\/sobre-nos\/documentos\/#breadcrumb\"},\"inLanguage\":\"pt-PT\",\"potentialAction\":[{\"@type\":\"ReadAction\",\"target\":[\"https:\/\/www.deltacultura.org\/pt-pt\/sobre-nos\/documentos\/\"]}]},{\"@type\":\"ImageObject\",\"inLanguage\":\"pt-PT\",\"@id\":\"https:\/\/www.deltacultura.org\/pt-pt\/sobre-nos\/documentos\/#primaryimage\",\"url\":\"https:\/\/www.deltacultura.org\/wp-content\/uploads\/2023\/09\/header-dokumente.jpg\",\"contentUrl\":\"https:\/\/www.deltacultura.org\/wp-content\/uploads\/2023\/09\/header-dokumente.jpg\",\"width\":1920,\"height\":1280},{\"@type\":\"BreadcrumbList\",\"@id\":\"https:\/\/www.deltacultura.org\/pt-pt\/sobre-nos\/documentos\/#breadcrumb\",\"itemListElement\":[{\"@type\":\"ListItem\",\"position\":1,\"name\":\"Startseite\",\"item\":\"https:\/\/www.deltacultura.org\/pt-pt\/\"},{\"@type\":\"ListItem\",\"position\":2,\"name\":\"Sobre N\u00f3s\",\"item\":\"https:\/\/www.deltacultura.org\/pt-pt\/ueber-uns\/\"},{\"@type\":\"ListItem\",\"position\":3,\"name\":\"Documentos\"}]},{\"@type\":\"WebSite\",\"@id\":\"https:\/\/www.deltacultura.org\/pt-pt\/#website\",\"url\":\"https:\/\/www.deltacultura.org\/pt-pt\/\",\"name\":\"Delta Cultura\",\"description\":\"\",\"publisher\":{\"@id\":\"https:\/\/www.deltacultura.org\/pt-pt\/#organization\"},\"potentialAction\":[{\"@type\":\"SearchAction\",\"target\":{\"@type\":\"EntryPoint\",\"urlTemplate\":\"https:\/\/www.deltacultura.org\/pt-pt\/?s={search_term_string}\"},\"query-input\":{\"@type\":\"PropertyValueSpecification\",\"valueRequired\":true,\"valueName\":\"search_term_string\"}}],\"inLanguage\":\"pt-PT\"},{\"@type\":\"Organization\",\"@id\":\"https:\/\/www.deltacultura.org\/pt-pt\/#organization\",\"name\":\"Delta Cultura\",\"url\":\"https:\/\/www.deltacultura.org\/pt-pt\/\",\"logo\":{\"@type\":\"ImageObject\",\"inLanguage\":\"pt-PT\",\"@id\":\"https:\/\/www.deltacultura.org\/pt-pt\/#\/schema\/logo\/image\/\",\"url\":\"https:\/\/www.deltacultura.org\/wp-content\/uploads\/2023\/11\/Blanco_DeltaCultura.png\",\"contentUrl\":\"https:\/\/www.deltacultura.org\/wp-content\/uploads\/2023\/11\/Blanco_DeltaCultura.png\",\"width\":487,\"height\":160,\"caption\":\"Delta Cultura\"},\"image\":{\"@id\":\"https:\/\/www.deltacultura.org\/pt-pt\/#\/schema\/logo\/image\/\"},\"sameAs\":[\"https:\/\/www.facebook.com\/deltacultura\",\"https:\/\/x.com\/deltacultura\",\"https:\/\/www.instagram.com\/deltacultura\/\",\"https:\/\/www.youtube.com\/channel\/UC4_XsNAaqBgn3R_31jXuwvQ\"]}]}<\/script>\n<!-- \/ Yoast SEO plugin. -->","yoast_head_json":{"title":"Documentos - Elimina pobreza atrav\u00e9s da Educa\u00e7\u00e3o","robots":{"index":"index","follow":"follow","max-snippet":"max-snippet:-1","max-image-preview":"max-image-preview:large","max-video-preview":"max-video-preview:-1"},"canonical":"https:\/\/www.deltacultura.org\/pt-pt\/sobre-nos\/documentos\/","og_locale":"pt_PT","og_type":"article","og_title":"Documentos - Elimina pobreza atrav\u00e9s da Educa\u00e7\u00e3o","og_description":"Al\u00e9m dos relat\u00f3rios anuais que a Delta Cultura Cabo Verde publica, pode encontrar aqui os estatutos das diversas associa\u00e7\u00f5es e os relat\u00f3rios financeiros anuais. Delta Cultura Cabo VerdeEstatutosRelat\u00f3rios financeiros 2016Relat\u00f3rios financeiros 2017Relat\u00f3rios financeiros 2018Relat\u00f3rios financeiros 2019Relat\u00f3rios financeiros 2020Relat\u00f3rios financeiros 2021Relat\u00f3rios financeiros 2022Relat\u00f3rios financeiros 2023 Os relat\u00f3rios financeiros da Delta Cultura Cabo Verde s\u00e3o publicados por [&hellip;]","og_url":"https:\/\/www.deltacultura.org\/pt-pt\/sobre-nos\/documentos\/","og_site_name":"Elimina pobreza atrav\u00e9s da Educa\u00e7\u00e3o","article_publisher":"https:\/\/www.facebook.com\/deltacultura","article_modified_time":"2024-02-05T15:32:28+00:00","og_image":[{"width":1920,"height":1280,"url":"https:\/\/www.deltacultura.org\/wp-content\/uploads\/2023\/09\/header-dokumente.jpg","type":"image\/jpeg"}],"twitter_card":"summary_large_image","twitter_site":"@deltacultura","twitter_misc":{"Tempo estimado de leitura":"1 minuto"},"schema":{"@context":"https:\/\/schema.org","@graph":[{"@type":"WebPage","@id":"https:\/\/www.deltacultura.org\/pt-pt\/sobre-nos\/documentos\/","url":"https:\/\/www.deltacultura.org\/pt-pt\/sobre-nos\/documentos\/","name":"Documentos - Elimina pobreza atrav\u00e9s da Educa\u00e7\u00e3o","isPartOf":{"@id":"https:\/\/www.deltacultura.org\/pt-pt\/#website"},"primaryImageOfPage":{"@id":"https:\/\/www.deltacultura.org\/pt-pt\/sobre-nos\/documentos\/#primaryimage"},"image":{"@id":"https:\/\/www.deltacultura.org\/pt-pt\/sobre-nos\/documentos\/#primaryimage"},"thumbnailUrl":"https:\/\/www.deltacultura.org\/wp-content\/uploads\/2023\/09\/header-dokumente.jpg","datePublished":"2023-05-08T13:22:49+00:00","dateModified":"2024-02-05T15:32:28+00:00","breadcrumb":{"@id":"https:\/\/www.deltacultura.org\/pt-pt\/sobre-nos\/documentos\/#breadcrumb"},"inLanguage":"pt-PT","potentialAction":[{"@type":"ReadAction","target":["https:\/\/www.deltacultura.org\/pt-pt\/sobre-nos\/documentos\/"]}]},{"@type":"ImageObject","inLanguage":"pt-PT","@id":"https:\/\/www.deltacultura.org\/pt-pt\/sobre-nos\/documentos\/#primaryimage","url":"https:\/\/www.deltacultura.org\/wp-content\/uploads\/2023\/09\/header-dokumente.jpg","contentUrl":"https:\/\/www.deltacultura.org\/wp-content\/uploads\/2023\/09\/header-dokumente.jpg","width":1920,"height":1280},{"@type":"BreadcrumbList","@id":"https:\/\/www.deltacultura.org\/pt-pt\/sobre-nos\/documentos\/#breadcrumb","itemListElement":[{"@type":"ListItem","position":1,"name":"Startseite","item":"https:\/\/www.deltacultura.org\/pt-pt\/"},{"@type":"ListItem","position":2,"name":"Sobre N\u00f3s","item":"https:\/\/www.deltacultura.org\/pt-pt\/ueber-uns\/"},{"@type":"ListItem","position":3,"name":"Documentos"}]},{"@type":"WebSite","@id":"https:\/\/www.deltacultura.org\/pt-pt\/#website","url":"https:\/\/www.deltacultura.org\/pt-pt\/","name":"Delta Cultura","description":"","publisher":{"@id":"https:\/\/www.deltacultura.org\/pt-pt\/#organization"},"potentialAction":[{"@type":"SearchAction","target":{"@type":"EntryPoint","urlTemplate":"https:\/\/www.deltacultura.org\/pt-pt\/?s={search_term_string}"},"query-input":{"@type":"PropertyValueSpecification","valueRequired":true,"valueName":"search_term_string"}}],"inLanguage":"pt-PT"},{"@type":"Organization","@id":"https:\/\/www.deltacultura.org\/pt-pt\/#organization","name":"Delta Cultura","url":"https:\/\/www.deltacultura.org\/pt-pt\/","logo":{"@type":"ImageObject","inLanguage":"pt-PT","@id":"https:\/\/www.deltacultura.org\/pt-pt\/#\/schema\/logo\/image\/","url":"https:\/\/www.deltacultura.org\/wp-content\/uploads\/2023\/11\/Blanco_DeltaCultura.png","contentUrl":"https:\/\/www.deltacultura.org\/wp-content\/uploads\/2023\/11\/Blanco_DeltaCultura.png","width":487,"height":160,"caption":"Delta Cultura"},"image":{"@id":"https:\/\/www.deltacultura.org\/pt-pt\/#\/schema\/logo\/image\/"},"sameAs":["https:\/\/www.facebook.com\/deltacultura","https:\/\/x.com\/deltacultura","https:\/\/www.instagram.com\/deltacultura\/","https:\/\/www.youtube.com\/channel\/UC4_XsNAaqBgn3R_31jXuwvQ"]}]}},"_links":{"self":[{"href":"https:\/\/www.deltacultura.org\/pt-pt\/wp-json\/wp\/v2\/pages\/5762","targetHints":{"allow":["GET"]}}],"collection":[{"href":"https:\/\/www.deltacultura.org\/pt-pt\/wp-json\/wp\/v2\/pages"}],"about":[{"href":"https:\/\/www.deltacultura.org\/pt-pt\/wp-json\/wp\/v2\/types\/page"}],"author":[{"embeddable":true,"href":"https:\/\/www.deltacultura.org\/pt-pt\/wp-json\/wp\/v2\/users\/1"}],"replies":[{"embeddable":true,"href":"https:\/\/www.deltacultura.org\/pt-pt\/wp-json\/wp\/v2\/comments?post=5762"}],"version-history":[{"count":0,"href":"https:\/\/www.deltacultura.org\/pt-pt\/wp-json\/wp\/v2\/pages\/5762\/revisions"}],"up":[{"embeddable":true,"href":"https:\/\/www.deltacultura.org\/pt-pt\/wp-json\/wp\/v2\/pages\/5739"}],"wp:featuredmedia":[{"embeddable":true,"href":"https:\/\/www.deltacultura.org\/pt-pt\/wp-json\/wp\/v2\/media\/5290"}],"wp:attachment":[{"href":"https:\/\/www.deltacultura.org\/pt-pt\/wp-json\/wp\/v2\/media?parent=5762"}],"curies":[{"name":"wp","href":"https:\/\/api.w.org\/{rel}","templated":true}]}}