{"id":5956,"date":"2023-05-08T10:27:44","date_gmt":"2023-05-08T10:27:44","guid":{"rendered":"https:\/\/deltacultura.designkarussell.com\/centro-educacional\/relatorios-anuais\/"},"modified":"2026-01-27T15:46:33","modified_gmt":"2026-01-27T15:46:33","slug":"relatorios-anuais","status":"publish","type":"page","link":"https:\/\/www.deltacultura.org\/pt-pt\/centro-educacional\/relatorios-anuais\/","title":{"rendered":"Relat\u00f3rios Anuais"},"content":{"rendered":"\t\t<div data-elementor-type=\"wp-page\" data-elementor-id=\"5956\" class=\"elementor elementor-5956 elementor-2263\" data-elementor-post-type=\"page\">\n\t\t\t\t\t\t<section class=\"elementor-section elementor-top-section elementor-element elementor-element-cf88ac7 elementor-section-stretched helpo_no_bg_on_responsive elementor-section-boxed elementor-section-height-default elementor-section-height-default elementor-invisible\" data-id=\"cf88ac7\" data-element_type=\"section\" data-settings=\"{&quot;stretch_section&quot;:&quot;section-stretched&quot;,&quot;background_background&quot;:&quot;gradient&quot;,&quot;animation&quot;:&quot;fadeIn&quot;}\">\n\t\t\t\t\t\t<div class=\"elementor-container elementor-column-gap-default\">\n\t\t\t\t\t<div class=\"elementor-column elementor-col-50 elementor-top-column elementor-element elementor-element-1fbd462 elementor-hidden-mobile\" data-id=\"1fbd462\" data-element_type=\"column\">\n\t\t\t<div class=\"elementor-widget-wrap elementor-element-populated\">\n\t\t\t\t\t\t<div class=\"elementor-element elementor-element-cd159a3 elementor-hidden-tablet elementor-hidden-phone elementor-widget elementor-widget-helpo_image\" data-id=\"cd159a3\" data-element_type=\"widget\" data-widget_type=\"helpo_image.default\">\n\t\t\t\t<div class=\"elementor-widget-container\">\n\t\t\t\t\t\n        <div class=\"helpo_image_widget\">\n            <div class=\"helpo_image_container helpo_bg_image_position_center_center\">\n                <img decoding=\"async\" class=\"helpo_image_widget_main_image\" src=\"https:\/\/www.deltacultura.org\/wp-content\/uploads\/2023\/06\/IMG_6120-copy.jpg\" alt=\"\" \/>\n\n                                    <img fetchpriority=\"high\" decoding=\"async\" class=\"helpo_image_widget_bg\" src=\"https:\/\/www.deltacultura.org\/wp-content\/uploads\/2020\/03\/about_layout-reverse.png\" alt=\"\" width=\"690\" height=\"690\" \/>\n                                <\/div>\n        <\/div>\n        \t\t\t\t<\/div>\n\t\t\t\t<\/div>\n\t\t\t\t\t<\/div>\n\t\t<\/div>\n\t\t\t\t<div class=\"elementor-column elementor-col-50 elementor-top-column elementor-element elementor-element-154e400\" data-id=\"154e400\" data-element_type=\"column\">\n\t\t\t<div class=\"elementor-widget-wrap elementor-element-populated\">\n\t\t\t\t\t\t<div class=\"elementor-element elementor-element-d5fbdc3 elementor-widget elementor-widget-helpo_heading\" data-id=\"d5fbdc3\" data-element_type=\"widget\" data-widget_type=\"helpo_heading.default\">\n\t\t\t\t<div class=\"elementor-widget-container\">\n\t\t\t\t\t\n        <div class=\"helpo_heading_widget\">\n                                <div class=\"helpo_up_heading\">Espelho de conquistas<\/div>\n                                    <h2 class=\"helpo_heading\">\n\n                    Sucessos, Desafios                         <span>e Crescimento<\/span>\n                                        <\/h2>\n                        <\/div>\n        \t\t\t\t<\/div>\n\t\t\t\t<\/div>\n\t\t\t\t<div class=\"elementor-element elementor-element-ebf9fa5 elementor-widget elementor-widget-text-editor\" data-id=\"ebf9fa5\" data-element_type=\"widget\" data-widget_type=\"text-editor.default\">\n\t\t\t\t<div class=\"elementor-widget-container\">\n\t\t\t\t\t\t\t\t\t<p>Bem-vindos ao nosso arquivo de Relat\u00f3rios Anuais \u2013 a janela para as nossas jornadas anuais de crescimento, desafios e progressos alcan\u00e7ados. Cada relato \u00e9 um marco na nossa hist\u00f3ria, um s\u00edmbolo da nossa determina\u00e7\u00e3o e compromisso. Estes relat\u00f3rios ilustram como a Delta Cultura continua a avan\u00e7ar no seu objetivo de erradicar a pobreza atrav\u00e9s da educa\u00e7\u00e3o e melhorar a vida das crian\u00e7as e jovens que apoiamos. Reserve um momento para navegar nesses cronogramas e descubra o impacto do seu apoio e as conquistas que alcan\u00e7amos juntos.   <\/p>\n\t\t\t\t\t\t\t\t<\/div>\n\t\t\t\t<\/div>\n\t\t\t\t<div class=\"elementor-element elementor-element-a6edd23 elementor-widget elementor-widget-helpo_button\" data-id=\"a6edd23\" data-element_type=\"widget\" data-widget_type=\"helpo_button.default\">\n\t\t\t\t<div class=\"elementor-widget-container\">\n\t\t\t\t\t\n        <div class=\"helpo_button_widget\">\n            <div class=\"helpo_button_container\">\n                <a class=\"helpo_button helpo_button--primary\" href=\"https:\/\/www.deltacultura.org\/wp-content\/uploads\/2026\/01\/relatorio_anual_dccv_2025_pt_108dpi.pdf\" target=\"_blank\">\u00daltimo relat\u00f3rio (2025)<\/a>\n            <\/div>\n        <\/div>\n        \t\t\t\t<\/div>\n\t\t\t\t<\/div>\n\t\t\t\t\t<\/div>\n\t\t<\/div>\n\t\t\t\t\t<\/div>\n\t\t<\/section>\n\t\t\t\t<section class=\"elementor-section elementor-top-section elementor-element elementor-element-5662b9e elementor-section-stretched helpo_no_bg_on_responsive elementor-section-boxed elementor-section-height-default elementor-section-height-default elementor-invisible\" data-id=\"5662b9e\" data-element_type=\"section\" data-settings=\"{&quot;stretch_section&quot;:&quot;section-stretched&quot;,&quot;background_background&quot;:&quot;gradient&quot;,&quot;animation&quot;:&quot;fadeIn&quot;}\">\n\t\t\t\t\t\t<div class=\"elementor-container elementor-column-gap-default\">\n\t\t\t\t\t<div class=\"elementor-column elementor-col-50 elementor-top-column elementor-element elementor-element-783324e\" data-id=\"783324e\" data-element_type=\"column\">\n\t\t\t<div class=\"elementor-widget-wrap elementor-element-populated\">\n\t\t\t\t\t\t<div class=\"elementor-element elementor-element-98377a8 helpo_additional_font elementor-hidden-desktop elementor-widget elementor-widget-text-editor\" data-id=\"98377a8\" data-element_type=\"widget\" data-widget_type=\"text-editor.default\">\n\t\t\t\t<div class=\"elementor-widget-container\">\n\t\t\t\t\t\t\t\t\t<p>Arquivo<\/p>\t\t\t\t\t\t\t\t<\/div>\n\t\t\t\t<\/div>\n\t\t\t\t<div class=\"elementor-element elementor-element-06f26d3 elementor-widget elementor-widget-text-editor\" data-id=\"06f26d3\" data-element_type=\"widget\" data-widget_type=\"text-editor.default\">\n\t\t\t\t<div class=\"elementor-widget-container\">\n\t\t\t\t\t\t\t\t\t<p>O nosso arquivo de relat\u00f3rios anuais \u00e9 uma cr\u00f3nica das nossas conquistas e experi\u00eancias. Oferece informa\u00e7\u00f5es sobre a busca cont\u00ednua para promover a educa\u00e7\u00e3o e combater a pobreza. <\/p>\n\t\t\t\t\t\t\t\t<\/div>\n\t\t\t\t<\/div>\n\t\t\t\t<div class=\"elementor-element elementor-element-6a3d42a elementor-widget elementor-widget-text-editor\" data-id=\"6a3d42a\" data-element_type=\"widget\" data-widget_type=\"text-editor.default\">\n\t\t\t\t<div class=\"elementor-widget-container\">\n\t\t\t\t\t\t\t\t\t<ul><li><a href=\"https:\/\/www.deltacultura.org\/wp-content\/uploads\/2026\/01\/dccv_datacollection_2024_pt_108dpi.pdf\" target=\"_blank\" rel=\"noopener\">Relat\u00f3rio Anual 2024<\/a><\/li><li><a href=\"https:\/\/www.deltacultura.org\/wp-content\/uploads\/2024\/02\/dccv_datacollection_2023_pt_108dpi.pdf\" target=\"_blank\" rel=\"noopener\">Relat\u00f3rio Anual 2023<\/a><\/li><li><a href=\"https:\/\/www.deltacultura.org\/wp-content\/uploads\/2023\/11\/dccv_datacolection_2022_pt_108dpi.pdf\" target=\"_blank\" rel=\"noopener\">Relat\u00f3rio Anual 2022<\/a><\/li><li><a href=\"https:\/\/www.deltacultura.org\/wp-content\/uploads\/2023\/07\/deltacultura-jahresbericht-2021_de.pdf\" target=\"_blank\" rel=\"noopener\"><i class=\"fa fa-file-pdf-o\"><\/i> Relat\u00f3rio Anual 2021<\/a><\/li><li><a href=\"https:\/\/www.deltacultura.org\/wp-content\/uploads\/2023\/07\/deltacultura-jahresbericht-2020_de.pdf\" target=\"_blank\" rel=\"noopener\"><i class=\"fa fa-file-pdf-o\"><\/i> Relat\u00f3rio Anual 2020<\/a><\/li><li><a href=\"https:\/\/www.deltacultura.org\/wp-content\/uploads\/2023\/07\/deltacultura-jahresbericht-2019_de.pdf\" target=\"_blank\" rel=\"noopener\"><i class=\"fa fa-file-pdf-o\"><\/i> Relat\u00f3rio Anual 2019<\/a><\/li><li><a href=\"https:\/\/www.deltacultura.org\/wp-content\/uploads\/2023\/07\/deltacultura-jahresbericht-2018_de.pdf\" target=\"_blank\" rel=\"noopener\"><i class=\"fa fa-file-pdf-o\"><\/i> Relat\u00f3rio Anual 2018<\/a><\/li><li><a href=\"https:\/\/www.deltacultura.org\/wp-content\/uploads\/2023\/07\/deltacultura-jahresbericht-2017_de.pdf\" target=\"_blank\" rel=\"noopener\"><i class=\"fa fa-file-pdf-o\"><\/i> Relat\u00f3rio Anual 2017<\/a><\/li><li><a href=\"https:\/\/www.deltacultura.org\/wp-content\/uploads\/2023\/07\/deltacultura-jahresbericht-2016_de.pdf\" target=\"_blank\" rel=\"noopener\"><i class=\"fa fa-file-pdf-o\"><\/i> Relat\u00f3rio Anual 2016<\/a><\/li><li><a href=\"https:\/\/www.deltacultura.org\/wp-content\/uploads\/2023\/07\/deltacultura-jahresbericht-2015_de.pdf\" target=\"_blank\" rel=\"noopener\"><i class=\"fa fa-file-pdf-o\"><\/i> Relat\u00f3rio Anual 2015<\/a><\/li><\/ul>\t\t\t\t\t\t\t\t<\/div>\n\t\t\t\t<\/div>\n\t\t\t\t\t<\/div>\n\t\t<\/div>\n\t\t\t\t<div class=\"elementor-column elementor-col-50 elementor-top-column elementor-element elementor-element-fb34772 elementor-hidden-tablet elementor-hidden-phone\" data-id=\"fb34772\" data-element_type=\"column\">\n\t\t\t<div class=\"elementor-widget-wrap elementor-element-populated\">\n\t\t\t\t\t\t<div class=\"elementor-element elementor-element-0c77733 helpo_additional_font elementor-widget elementor-widget-text-editor\" data-id=\"0c77733\" data-element_type=\"widget\" data-widget_type=\"text-editor.default\">\n\t\t\t\t<div class=\"elementor-widget-container\">\n\t\t\t\t\t\t\t\t\t<p>Arquivo<\/p>\t\t\t\t\t\t\t\t<\/div>\n\t\t\t\t<\/div>\n\t\t\t\t\t<\/div>\n\t\t<\/div>\n\t\t\t\t\t<\/div>\n\t\t<\/section>\n\t\t\t\t<\/div>\n\t\t","protected":false},"excerpt":{"rendered":"<p>Bem-vindos ao nosso arquivo de Relat\u00f3rios Anuais \u2013 a janela para as nossas jornadas anuais de crescimento, desafios e progressos alcan\u00e7ados. Cada relato \u00e9 um marco na nossa hist\u00f3ria, um s\u00edmbolo da nossa determina\u00e7\u00e3o e compromisso. Estes relat\u00f3rios ilustram como a Delta Cultura continua a avan\u00e7ar no seu objetivo de erradicar a pobreza atrav\u00e9s da [&hellip;]<\/p>\n","protected":false},"author":1,"featured_media":4870,"parent":5672,"menu_order":0,"comment_status":"closed","ping_status":"closed","template":"","meta":{"inline_featured_image":false,"footnotes":""},"class_list":["post-5956","page","type-page","status-publish","has-post-thumbnail","hentry"],"yoast_head":"<!-- This site is optimized with the Yoast SEO plugin v26.7 - https:\/\/yoast.com\/wordpress\/plugins\/seo\/ -->\n<title>Relat\u00f3rios Anuais - Elimina pobreza atrav\u00e9s da Educa\u00e7\u00e3o<\/title>\n<meta name=\"robots\" content=\"index, follow, max-snippet:-1, max-image-preview:large, max-video-preview:-1\" \/>\n<link rel=\"canonical\" href=\"https:\/\/www.deltacultura.org\/pt-pt\/centro-educacional\/relatorios-anuais\/\" \/>\n<meta property=\"og:locale\" content=\"pt_PT\" \/>\n<meta property=\"og:type\" content=\"article\" \/>\n<meta property=\"og:title\" content=\"Relat\u00f3rios Anuais - Elimina pobreza atrav\u00e9s da Educa\u00e7\u00e3o\" \/>\n<meta property=\"og:description\" content=\"Bem-vindos ao nosso arquivo de Relat\u00f3rios Anuais \u2013 a janela para as nossas jornadas anuais de crescimento, desafios e progressos alcan\u00e7ados. Cada relato \u00e9 um marco na nossa hist\u00f3ria, um s\u00edmbolo da nossa determina\u00e7\u00e3o e compromisso. Estes relat\u00f3rios ilustram como a Delta Cultura continua a avan\u00e7ar no seu objetivo de erradicar a pobreza atrav\u00e9s da [&hellip;]\" \/>\n<meta property=\"og:url\" content=\"https:\/\/www.deltacultura.org\/pt-pt\/centro-educacional\/relatorios-anuais\/\" \/>\n<meta property=\"og:site_name\" content=\"Elimina pobreza atrav\u00e9s da Educa\u00e7\u00e3o\" \/>\n<meta property=\"article:publisher\" content=\"https:\/\/www.facebook.com\/deltacultura\" \/>\n<meta property=\"article:modified_time\" content=\"2026-01-27T15:46:33+00:00\" \/>\n<meta property=\"og:image\" content=\"https:\/\/www.deltacultura.org\/wp-content\/uploads\/2023\/07\/jahresberichte-1.jpg\" \/>\n\t<meta property=\"og:image:width\" content=\"1920\" \/>\n\t<meta property=\"og:image:height\" content=\"1280\" \/>\n\t<meta property=\"og:image:type\" content=\"image\/jpeg\" \/>\n<meta name=\"twitter:card\" content=\"summary_large_image\" \/>\n<meta name=\"twitter:site\" content=\"@deltacultura\" \/>\n<meta name=\"twitter:label1\" content=\"Tempo estimado de leitura\" \/>\n\t<meta name=\"twitter:data1\" content=\"2 minutos\" \/>\n<script type=\"application\/ld+json\" class=\"yoast-schema-graph\">{\"@context\":\"https:\/\/schema.org\",\"@graph\":[{\"@type\":\"WebPage\",\"@id\":\"https:\/\/www.deltacultura.org\/pt-pt\/centro-educacional\/relatorios-anuais\/\",\"url\":\"https:\/\/www.deltacultura.org\/pt-pt\/centro-educacional\/relatorios-anuais\/\",\"name\":\"Relat\u00f3rios Anuais - Elimina pobreza atrav\u00e9s da Educa\u00e7\u00e3o\",\"isPartOf\":{\"@id\":\"https:\/\/www.deltacultura.org\/pt-pt\/#website\"},\"primaryImageOfPage\":{\"@id\":\"https:\/\/www.deltacultura.org\/pt-pt\/centro-educacional\/relatorios-anuais\/#primaryimage\"},\"image\":{\"@id\":\"https:\/\/www.deltacultura.org\/pt-pt\/centro-educacional\/relatorios-anuais\/#primaryimage\"},\"thumbnailUrl\":\"https:\/\/www.deltacultura.org\/wp-content\/uploads\/2023\/07\/jahresberichte-1.jpg\",\"datePublished\":\"2023-05-08T10:27:44+00:00\",\"dateModified\":\"2026-01-27T15:46:33+00:00\",\"breadcrumb\":{\"@id\":\"https:\/\/www.deltacultura.org\/pt-pt\/centro-educacional\/relatorios-anuais\/#breadcrumb\"},\"inLanguage\":\"pt-PT\",\"potentialAction\":[{\"@type\":\"ReadAction\",\"target\":[\"https:\/\/www.deltacultura.org\/pt-pt\/centro-educacional\/relatorios-anuais\/\"]}]},{\"@type\":\"ImageObject\",\"inLanguage\":\"pt-PT\",\"@id\":\"https:\/\/www.deltacultura.org\/pt-pt\/centro-educacional\/relatorios-anuais\/#primaryimage\",\"url\":\"https:\/\/www.deltacultura.org\/wp-content\/uploads\/2023\/07\/jahresberichte-1.jpg\",\"contentUrl\":\"https:\/\/www.deltacultura.org\/wp-content\/uploads\/2023\/07\/jahresberichte-1.jpg\",\"width\":1920,\"height\":1280},{\"@type\":\"BreadcrumbList\",\"@id\":\"https:\/\/www.deltacultura.org\/pt-pt\/centro-educacional\/relatorios-anuais\/#breadcrumb\",\"itemListElement\":[{\"@type\":\"ListItem\",\"position\":1,\"name\":\"Startseite\",\"item\":\"https:\/\/www.deltacultura.org\/pt-pt\/\"},{\"@type\":\"ListItem\",\"position\":2,\"name\":\"Centro de Educa\u00e7\u00e3o\",\"item\":\"https:\/\/www.deltacultura.org\/pt-pt\/bildungszentrum\/\"},{\"@type\":\"ListItem\",\"position\":3,\"name\":\"Relat\u00f3rios Anuais\"}]},{\"@type\":\"WebSite\",\"@id\":\"https:\/\/www.deltacultura.org\/pt-pt\/#website\",\"url\":\"https:\/\/www.deltacultura.org\/pt-pt\/\",\"name\":\"Delta Cultura\",\"description\":\"\",\"publisher\":{\"@id\":\"https:\/\/www.deltacultura.org\/pt-pt\/#organization\"},\"potentialAction\":[{\"@type\":\"SearchAction\",\"target\":{\"@type\":\"EntryPoint\",\"urlTemplate\":\"https:\/\/www.deltacultura.org\/pt-pt\/?s={search_term_string}\"},\"query-input\":{\"@type\":\"PropertyValueSpecification\",\"valueRequired\":true,\"valueName\":\"search_term_string\"}}],\"inLanguage\":\"pt-PT\"},{\"@type\":\"Organization\",\"@id\":\"https:\/\/www.deltacultura.org\/pt-pt\/#organization\",\"name\":\"Delta Cultura\",\"url\":\"https:\/\/www.deltacultura.org\/pt-pt\/\",\"logo\":{\"@type\":\"ImageObject\",\"inLanguage\":\"pt-PT\",\"@id\":\"https:\/\/www.deltacultura.org\/pt-pt\/#\/schema\/logo\/image\/\",\"url\":\"https:\/\/www.deltacultura.org\/wp-content\/uploads\/2023\/11\/Blanco_DeltaCultura.png\",\"contentUrl\":\"https:\/\/www.deltacultura.org\/wp-content\/uploads\/2023\/11\/Blanco_DeltaCultura.png\",\"width\":487,\"height\":160,\"caption\":\"Delta Cultura\"},\"image\":{\"@id\":\"https:\/\/www.deltacultura.org\/pt-pt\/#\/schema\/logo\/image\/\"},\"sameAs\":[\"https:\/\/www.facebook.com\/deltacultura\",\"https:\/\/x.com\/deltacultura\",\"https:\/\/www.instagram.com\/deltacultura\/\",\"https:\/\/www.youtube.com\/channel\/UC4_XsNAaqBgn3R_31jXuwvQ\"]}]}<\/script>\n<!-- \/ Yoast SEO plugin. -->","yoast_head_json":{"title":"Relat\u00f3rios Anuais - Elimina pobreza atrav\u00e9s da Educa\u00e7\u00e3o","robots":{"index":"index","follow":"follow","max-snippet":"max-snippet:-1","max-image-preview":"max-image-preview:large","max-video-preview":"max-video-preview:-1"},"canonical":"https:\/\/www.deltacultura.org\/pt-pt\/centro-educacional\/relatorios-anuais\/","og_locale":"pt_PT","og_type":"article","og_title":"Relat\u00f3rios Anuais - Elimina pobreza atrav\u00e9s da Educa\u00e7\u00e3o","og_description":"Bem-vindos ao nosso arquivo de Relat\u00f3rios Anuais \u2013 a janela para as nossas jornadas anuais de crescimento, desafios e progressos alcan\u00e7ados. Cada relato \u00e9 um marco na nossa hist\u00f3ria, um s\u00edmbolo da nossa determina\u00e7\u00e3o e compromisso. Estes relat\u00f3rios ilustram como a Delta Cultura continua a avan\u00e7ar no seu objetivo de erradicar a pobreza atrav\u00e9s da [&hellip;]","og_url":"https:\/\/www.deltacultura.org\/pt-pt\/centro-educacional\/relatorios-anuais\/","og_site_name":"Elimina pobreza atrav\u00e9s da Educa\u00e7\u00e3o","article_publisher":"https:\/\/www.facebook.com\/deltacultura","article_modified_time":"2026-01-27T15:46:33+00:00","og_image":[{"width":1920,"height":1280,"url":"https:\/\/www.deltacultura.org\/wp-content\/uploads\/2023\/07\/jahresberichte-1.jpg","type":"image\/jpeg"}],"twitter_card":"summary_large_image","twitter_site":"@deltacultura","twitter_misc":{"Tempo estimado de leitura":"2 minutos"},"schema":{"@context":"https:\/\/schema.org","@graph":[{"@type":"WebPage","@id":"https:\/\/www.deltacultura.org\/pt-pt\/centro-educacional\/relatorios-anuais\/","url":"https:\/\/www.deltacultura.org\/pt-pt\/centro-educacional\/relatorios-anuais\/","name":"Relat\u00f3rios Anuais - Elimina pobreza atrav\u00e9s da Educa\u00e7\u00e3o","isPartOf":{"@id":"https:\/\/www.deltacultura.org\/pt-pt\/#website"},"primaryImageOfPage":{"@id":"https:\/\/www.deltacultura.org\/pt-pt\/centro-educacional\/relatorios-anuais\/#primaryimage"},"image":{"@id":"https:\/\/www.deltacultura.org\/pt-pt\/centro-educacional\/relatorios-anuais\/#primaryimage"},"thumbnailUrl":"https:\/\/www.deltacultura.org\/wp-content\/uploads\/2023\/07\/jahresberichte-1.jpg","datePublished":"2023-05-08T10:27:44+00:00","dateModified":"2026-01-27T15:46:33+00:00","breadcrumb":{"@id":"https:\/\/www.deltacultura.org\/pt-pt\/centro-educacional\/relatorios-anuais\/#breadcrumb"},"inLanguage":"pt-PT","potentialAction":[{"@type":"ReadAction","target":["https:\/\/www.deltacultura.org\/pt-pt\/centro-educacional\/relatorios-anuais\/"]}]},{"@type":"ImageObject","inLanguage":"pt-PT","@id":"https:\/\/www.deltacultura.org\/pt-pt\/centro-educacional\/relatorios-anuais\/#primaryimage","url":"https:\/\/www.deltacultura.org\/wp-content\/uploads\/2023\/07\/jahresberichte-1.jpg","contentUrl":"https:\/\/www.deltacultura.org\/wp-content\/uploads\/2023\/07\/jahresberichte-1.jpg","width":1920,"height":1280},{"@type":"BreadcrumbList","@id":"https:\/\/www.deltacultura.org\/pt-pt\/centro-educacional\/relatorios-anuais\/#breadcrumb","itemListElement":[{"@type":"ListItem","position":1,"name":"Startseite","item":"https:\/\/www.deltacultura.org\/pt-pt\/"},{"@type":"ListItem","position":2,"name":"Centro de Educa\u00e7\u00e3o","item":"https:\/\/www.deltacultura.org\/pt-pt\/bildungszentrum\/"},{"@type":"ListItem","position":3,"name":"Relat\u00f3rios Anuais"}]},{"@type":"WebSite","@id":"https:\/\/www.deltacultura.org\/pt-pt\/#website","url":"https:\/\/www.deltacultura.org\/pt-pt\/","name":"Delta Cultura","description":"","publisher":{"@id":"https:\/\/www.deltacultura.org\/pt-pt\/#organization"},"potentialAction":[{"@type":"SearchAction","target":{"@type":"EntryPoint","urlTemplate":"https:\/\/www.deltacultura.org\/pt-pt\/?s={search_term_string}"},"query-input":{"@type":"PropertyValueSpecification","valueRequired":true,"valueName":"search_term_string"}}],"inLanguage":"pt-PT"},{"@type":"Organization","@id":"https:\/\/www.deltacultura.org\/pt-pt\/#organization","name":"Delta Cultura","url":"https:\/\/www.deltacultura.org\/pt-pt\/","logo":{"@type":"ImageObject","inLanguage":"pt-PT","@id":"https:\/\/www.deltacultura.org\/pt-pt\/#\/schema\/logo\/image\/","url":"https:\/\/www.deltacultura.org\/wp-content\/uploads\/2023\/11\/Blanco_DeltaCultura.png","contentUrl":"https:\/\/www.deltacultura.org\/wp-content\/uploads\/2023\/11\/Blanco_DeltaCultura.png","width":487,"height":160,"caption":"Delta Cultura"},"image":{"@id":"https:\/\/www.deltacultura.org\/pt-pt\/#\/schema\/logo\/image\/"},"sameAs":["https:\/\/www.facebook.com\/deltacultura","https:\/\/x.com\/deltacultura","https:\/\/www.instagram.com\/deltacultura\/","https:\/\/www.youtube.com\/channel\/UC4_XsNAaqBgn3R_31jXuwvQ"]}]}},"_links":{"self":[{"href":"https:\/\/www.deltacultura.org\/pt-pt\/wp-json\/wp\/v2\/pages\/5956","targetHints":{"allow":["GET"]}}],"collection":[{"href":"https:\/\/www.deltacultura.org\/pt-pt\/wp-json\/wp\/v2\/pages"}],"about":[{"href":"https:\/\/www.deltacultura.org\/pt-pt\/wp-json\/wp\/v2\/types\/page"}],"author":[{"embeddable":true,"href":"https:\/\/www.deltacultura.org\/pt-pt\/wp-json\/wp\/v2\/users\/1"}],"replies":[{"embeddable":true,"href":"https:\/\/www.deltacultura.org\/pt-pt\/wp-json\/wp\/v2\/comments?post=5956"}],"version-history":[{"count":6,"href":"https:\/\/www.deltacultura.org\/pt-pt\/wp-json\/wp\/v2\/pages\/5956\/revisions"}],"predecessor-version":[{"id":9050,"href":"https:\/\/www.deltacultura.org\/pt-pt\/wp-json\/wp\/v2\/pages\/5956\/revisions\/9050"}],"up":[{"embeddable":true,"href":"https:\/\/www.deltacultura.org\/pt-pt\/wp-json\/wp\/v2\/pages\/5672"}],"wp:featuredmedia":[{"embeddable":true,"href":"https:\/\/www.deltacultura.org\/pt-pt\/wp-json\/wp\/v2\/media\/4870"}],"wp:attachment":[{"href":"https:\/\/www.deltacultura.org\/pt-pt\/wp-json\/wp\/v2\/media?parent=5956"}],"curies":[{"name":"wp","href":"https:\/\/api.w.org\/{rel}","templated":true}]}}