{"id":7251,"date":"2023-11-14T12:01:20","date_gmt":"2023-11-14T12:01:20","guid":{"rendered":"https:\/\/deltacultura.designkarussell.com\/?page_id=7251"},"modified":"2023-11-26T11:17:41","modified_gmt":"2023-11-26T11:17:41","slug":"doar","status":"publish","type":"page","link":"https:\/\/www.deltacultura.org\/pt-pt\/doar\/","title":{"rendered":"Detalhes Banc\u00e1rios"},"content":{"rendered":"\t\t<div data-elementor-type=\"wp-page\" data-elementor-id=\"7251\" class=\"elementor elementor-7251 elementor-7249\" data-elementor-post-type=\"page\">\n\t\t\t\t\t\t<section class=\"elementor-section elementor-top-section elementor-element elementor-element-a09991c elementor-section-boxed elementor-section-height-default elementor-section-height-default\" data-id=\"a09991c\" data-element_type=\"section\" id=\"bankdaten\">\n\t\t\t\t\t\t<div class=\"elementor-container elementor-column-gap-default\">\n\t\t\t\t\t<div class=\"elementor-column elementor-col-100 elementor-top-column elementor-element elementor-element-c36bade\" data-id=\"c36bade\" data-element_type=\"column\">\n\t\t\t<div class=\"elementor-widget-wrap elementor-element-populated\">\n\t\t\t\t\t\t<div class=\"elementor-element elementor-element-4a4410b elementor-widget elementor-widget-helpo_heading\" data-id=\"4a4410b\" data-element_type=\"widget\" data-widget_type=\"helpo_heading.default\">\n\t\t\t\t<div class=\"elementor-widget-container\">\n\t\t\t\t\t\n        <div class=\"helpo_heading_widget\">\n                                <div class=\"helpo_up_heading\">Seu apoio<\/div>\n                                    <h2 class=\"helpo_heading\">\n\n                    nossos                         <span>dados banc\u00e1rios<\/span>\n                                        <\/h2>\n                        <\/div>\n        \t\t\t\t<\/div>\n\t\t\t\t<\/div>\n\t\t\t\t<div class=\"elementor-element elementor-element-4de3765 elementor-widget elementor-widget-text-editor\" data-id=\"4de3765\" data-element_type=\"widget\" data-widget_type=\"text-editor.default\">\n\t\t\t\t<div class=\"elementor-widget-container\">\n\t\t\t\t\t\t\t\t\t<p class=\"p1\" style=\"text-align: center;\">A <strong>Delta Cultura<\/strong> erradica a pobreza <strong>atrav\u00e9s da educa\u00e7\u00e3o<\/strong>. Uma vis\u00e3o que precisa do seu apoio. Sua doa\u00e7\u00e3o nos ajuda a melhorar e aprofundar os <strong>programas educacionais em Tarrafal<\/strong>, para construir uma rede de <strong>educa\u00e7\u00e3o e melhorar a compreens\u00e3o intercultural<\/strong>. Desde 2002 estamos em um bom caminho, no rastreamento das raz\u00f5es da pobreza. Por favor, ajude-nos com tudo isso atrav\u00e9s de:<\/p><p style=\"text-align: center;\">\u00a0<\/p><p style=\"text-align: center;\"><strong>Doa\u00e7\u00f5es individuais<\/strong><br \/><strong>Ordem permanente<\/strong> (n\u00f3s os amamos!)<br \/><strong>Motivar suas<\/strong> <strong>redes<\/strong> a apoiar-nos<\/p>\t\t\t\t\t\t\t\t<\/div>\n\t\t\t\t<\/div>\n\t\t\t\t<section class=\"elementor-section elementor-inner-section elementor-element elementor-element-7dc6451 elementor-section-boxed elementor-section-height-default elementor-section-height-default\" data-id=\"7dc6451\" data-element_type=\"section\">\n\t\t\t\t\t\t<div class=\"elementor-container elementor-column-gap-default\">\n\t\t\t\t\t<div class=\"elementor-column elementor-col-50 elementor-inner-column elementor-element elementor-element-14713d1\" data-id=\"14713d1\" data-element_type=\"column\">\n\t\t\t<div class=\"elementor-widget-wrap elementor-element-populated\">\n\t\t\t\t\t\t<div class=\"elementor-element elementor-element-eafff6c elementor-widget elementor-widget-helpo_heading\" data-id=\"eafff6c\" data-element_type=\"widget\" data-widget_type=\"helpo_heading.default\">\n\t\t\t\t<div class=\"elementor-widget-container\">\n\t\t\t\t\t\n        <div class=\"helpo_heading_widget\">\n                            <h4 class=\"helpo_heading\">\n\n                    \u00c1ustria                <\/h4>\n                        <\/div>\n        \t\t\t\t<\/div>\n\t\t\t\t<\/div>\n\t\t\t\t<div class=\"elementor-element elementor-element-3e4b653 elementor-widget elementor-widget-text-editor\" data-id=\"3e4b653\" data-element_type=\"widget\" data-widget_type=\"text-editor.default\">\n\t\t\t\t<div class=\"elementor-widget-container\">\n\t\t\t\t\t\t\t\t\t<p style=\"text-align: center;\"><strong>Propriet\u00e1rio do banco<\/strong>:<br \/>Delta Culture \u2013 Verein f\u00fcr interkulturelle Kommunikation<\/p><p style=\"text-align: center;\"><strong>IBAN<\/strong>: AT12 1400 0030 1066 6936<\/p><p style=\"text-align: center;\"><strong>BIC<\/strong>: BAWAATWW<\/p>\t\t\t\t\t\t\t\t<\/div>\n\t\t\t\t<\/div>\n\t\t\t\t\t<\/div>\n\t\t<\/div>\n\t\t\t\t<div class=\"elementor-column elementor-col-50 elementor-inner-column elementor-element elementor-element-563bdd2\" data-id=\"563bdd2\" data-element_type=\"column\">\n\t\t\t<div class=\"elementor-widget-wrap elementor-element-populated\">\n\t\t\t\t\t\t<div class=\"elementor-element elementor-element-bf0fa2d elementor-widget elementor-widget-helpo_heading\" data-id=\"bf0fa2d\" data-element_type=\"widget\" data-widget_type=\"helpo_heading.default\">\n\t\t\t\t<div class=\"elementor-widget-container\">\n\t\t\t\t\t\n        <div class=\"helpo_heading_widget\">\n                            <h4 class=\"helpo_heading\">\n\n                    Su\u00ed\u00e7a                <\/h4>\n                        <\/div>\n        \t\t\t\t<\/div>\n\t\t\t\t<\/div>\n\t\t\t\t<div class=\"elementor-element elementor-element-d02822a elementor-widget elementor-widget-text-editor\" data-id=\"d02822a\" data-element_type=\"widget\" data-widget_type=\"text-editor.default\">\n\t\t\t\t<div class=\"elementor-widget-container\">\n\t\t\t\t\t\t\t\t\t<p style=\"text-align: center;\"><strong>Propriet\u00e1rio do banco<\/strong>:<br \/>Post Finance AG<br \/>Delta Cultura Su\u00ed\u00e7a<\/p><p style=\"text-align: center;\"><strong>N\u00famero de contar<\/strong>: 15-787499-7<\/p><p style=\"text-align: center;\"><strong>IBAN<\/strong>: CH82 0900 0000 1578 7499 7<\/p><p style=\"text-align: center;\"><strong>BIC<\/strong>: POFICHBEXXX<\/p>\t\t\t\t\t\t\t\t<\/div>\n\t\t\t\t<\/div>\n\t\t\t\t\t<\/div>\n\t\t<\/div>\n\t\t\t\t\t<\/div>\n\t\t<\/section>\n\t\t\t\t<div class=\"elementor-element elementor-element-8f83af5 elementor-widget-divider--view-line elementor-widget elementor-widget-divider\" data-id=\"8f83af5\" data-element_type=\"widget\" data-widget_type=\"divider.default\">\n\t\t\t\t<div class=\"elementor-widget-container\">\n\t\t\t\t\t\t\t<div class=\"elementor-divider\">\n\t\t\t<span class=\"elementor-divider-separator\">\n\t\t\t\t\t\t<\/span>\n\t\t<\/div>\n\t\t\t\t\t\t<\/div>\n\t\t\t\t<\/div>\n\t\t\t\t<section class=\"elementor-section elementor-inner-section elementor-element elementor-element-d3156c0 elementor-section-boxed elementor-section-height-default elementor-section-height-default\" data-id=\"d3156c0\" data-element_type=\"section\">\n\t\t\t\t\t\t<div class=\"elementor-container elementor-column-gap-default\">\n\t\t\t\t\t<div class=\"elementor-column elementor-col-50 elementor-inner-column elementor-element elementor-element-9a3a64a\" data-id=\"9a3a64a\" data-element_type=\"column\">\n\t\t\t<div class=\"elementor-widget-wrap elementor-element-populated\">\n\t\t\t\t\t\t<div class=\"elementor-element elementor-element-bd7d39a elementor-widget elementor-widget-helpo_heading\" data-id=\"bd7d39a\" data-element_type=\"widget\" data-widget_type=\"helpo_heading.default\">\n\t\t\t\t<div class=\"elementor-widget-container\">\n\t\t\t\t\t\n        <div class=\"helpo_heading_widget\">\n                            <h4 class=\"helpo_heading\">\n\n                    Alemanha                <\/h4>\n                        <\/div>\n        \t\t\t\t<\/div>\n\t\t\t\t<\/div>\n\t\t\t\t<div class=\"elementor-element elementor-element-9bf501e elementor-widget elementor-widget-text-editor\" data-id=\"9bf501e\" data-element_type=\"widget\" data-widget_type=\"text-editor.default\">\n\t\t\t\t<div class=\"elementor-widget-container\">\n\t\t\t\t\t\t\t\t\t<p style=\"text-align: center;\"><strong>Propriet\u00e1rio do banco<\/strong>:<br \/>Delta Cultura \u2013 Verein f\u00fcr interkulturelle Kommunikation e.V.<\/p><p style=\"text-align: center;\"><strong>N\u00famero de contar<\/strong>: 4021003700<\/p><p style=\"text-align: center;\"><strong>N\u00famero de c\u00f3digo do Banco<\/strong>: 430 609 67<\/p><p style=\"text-align: center;\"><strong>BIC<\/strong>: GENO DE M 1 GLS<\/p><p style=\"text-align: center;\"><strong>IBAN<\/strong>: DE11430609674021003700<\/p><p style=\"text-align: center;\">Nota:Sua doa\u00e7\u00e3o \u00e0 Delta Cultura Alemanha \u00e9 dedut\u00edvel, como a nossa associa\u00e7\u00e3o tem o status de ser de utilidade p\u00fablica. O mais tardar at\u00e9 o in\u00edcio do pr\u00f3ximo ano da sua doa\u00e7\u00e3o voc\u00ea receber\u00e1 automaticamente um recibo de doa\u00e7\u00e3o. Por favor coloque o seu nome e endere\u00e7o campo para o motivo do pagamento.<\/p>\t\t\t\t\t\t\t\t<\/div>\n\t\t\t\t<\/div>\n\t\t\t\t\t<\/div>\n\t\t<\/div>\n\t\t\t\t<div class=\"elementor-column elementor-col-50 elementor-inner-column elementor-element elementor-element-bfd2edf\" data-id=\"bfd2edf\" data-element_type=\"column\">\n\t\t\t<div class=\"elementor-widget-wrap elementor-element-populated\">\n\t\t\t\t\t\t<div class=\"elementor-element elementor-element-c277a3c elementor-widget elementor-widget-helpo_heading\" data-id=\"c277a3c\" data-element_type=\"widget\" data-widget_type=\"helpo_heading.default\">\n\t\t\t\t<div class=\"elementor-widget-container\">\n\t\t\t\t\t\n        <div class=\"helpo_heading_widget\">\n                            <h4 class=\"helpo_heading\">\n\n                    Cabo Verde                <\/h4>\n                        <\/div>\n        \t\t\t\t<\/div>\n\t\t\t\t<\/div>\n\t\t\t\t<div class=\"elementor-element elementor-element-e5156b7 elementor-widget elementor-widget-text-editor\" data-id=\"e5156b7\" data-element_type=\"widget\" data-widget_type=\"text-editor.default\">\n\t\t\t\t<div class=\"elementor-widget-container\">\n\t\t\t\t\t\t\t\t\t<p style=\"text-align: center;\"><strong>Banco<\/strong>: Caixa Econ\u00f3mica de Cabo Verde<\/p>\n<p style=\"text-align: center;\"><strong>Nome da conta<\/strong>: Delta Cultura Cabo Verde<\/p>\n<p style=\"text-align: center;\"><strong>Nr<\/strong>: 13774211.10.1<\/p>\n<p style=\"text-align: center;\"><strong>Swift<\/strong>: CXEC CV CV<\/p>\n<p style=\"text-align: center;\"><strong>NIB<\/strong>: 000200001377421110132<\/p>\n<p style=\"text-align: center;\"><strong>IBAN<\/strong>: CV64 000200001377421110132<\/p>\n\t\t\t\t\t\t\t\t<\/div>\n\t\t\t\t<\/div>\n\t\t\t\t\t<\/div>\n\t\t<\/div>\n\t\t\t\t\t<\/div>\n\t\t<\/section>\n\t\t\t\t\t<\/div>\n\t\t<\/div>\n\t\t\t\t\t<\/div>\n\t\t<\/section>\n\t\t\t\t<\/div>\n\t\t","protected":false},"excerpt":{"rendered":"<p>A Delta Cultura erradica a pobreza atrav\u00e9s da educa\u00e7\u00e3o. Uma vis\u00e3o que precisa do seu apoio. Sua doa\u00e7\u00e3o nos ajuda a melhorar e aprofundar os programas educacionais em Tarrafal, para construir uma rede de educa\u00e7\u00e3o e melhorar a compreens\u00e3o intercultural. Desde 2002 estamos em um bom caminho, no rastreamento das raz\u00f5es da pobreza. Por favor, [&hellip;]<\/p>\n","protected":false},"author":1,"featured_media":4868,"parent":0,"menu_order":0,"comment_status":"closed","ping_status":"closed","template":"","meta":{"inline_featured_image":false,"footnotes":""},"class_list":["post-7251","page","type-page","status-publish","has-post-thumbnail","hentry"],"yoast_head":"<!-- This site is optimized with the Yoast SEO plugin v26.7 - https:\/\/yoast.com\/wordpress\/plugins\/seo\/ -->\n<title>Detalhes Banc\u00e1rios - Elimina pobreza atrav\u00e9s da Educa\u00e7\u00e3o<\/title>\n<meta name=\"robots\" content=\"index, follow, max-snippet:-1, max-image-preview:large, max-video-preview:-1\" \/>\n<link rel=\"canonical\" href=\"https:\/\/www.deltacultura.org\/pt-pt\/doar\/\" \/>\n<meta property=\"og:locale\" content=\"pt_PT\" \/>\n<meta property=\"og:type\" content=\"article\" \/>\n<meta property=\"og:title\" content=\"Detalhes Banc\u00e1rios - Elimina pobreza atrav\u00e9s da Educa\u00e7\u00e3o\" \/>\n<meta property=\"og:description\" content=\"A Delta Cultura erradica a pobreza atrav\u00e9s da educa\u00e7\u00e3o. Uma vis\u00e3o que precisa do seu apoio. Sua doa\u00e7\u00e3o nos ajuda a melhorar e aprofundar os programas educacionais em Tarrafal, para construir uma rede de educa\u00e7\u00e3o e melhorar a compreens\u00e3o intercultural. Desde 2002 estamos em um bom caminho, no rastreamento das raz\u00f5es da pobreza. Por favor, [&hellip;]\" \/>\n<meta property=\"og:url\" content=\"https:\/\/www.deltacultura.org\/pt-pt\/doar\/\" \/>\n<meta property=\"og:site_name\" content=\"Elimina pobreza atrav\u00e9s da Educa\u00e7\u00e3o\" \/>\n<meta property=\"article:publisher\" content=\"https:\/\/www.facebook.com\/deltacultura\" \/>\n<meta property=\"article:modified_time\" content=\"2023-11-26T11:17:41+00:00\" \/>\n<meta property=\"og:image\" content=\"https:\/\/www.deltacultura.org\/wp-content\/uploads\/2023\/07\/ziele-rahmenbedingungen-1.jpg\" \/>\n\t<meta property=\"og:image:width\" content=\"1920\" \/>\n\t<meta property=\"og:image:height\" content=\"1280\" \/>\n\t<meta property=\"og:image:type\" content=\"image\/jpeg\" \/>\n<meta name=\"twitter:card\" content=\"summary_large_image\" \/>\n<meta name=\"twitter:site\" content=\"@deltacultura\" \/>\n<meta name=\"twitter:label1\" content=\"Tempo estimado de leitura\" \/>\n\t<meta name=\"twitter:data1\" content=\"2 minutos\" \/>\n<script type=\"application\/ld+json\" class=\"yoast-schema-graph\">{\"@context\":\"https:\/\/schema.org\",\"@graph\":[{\"@type\":\"WebPage\",\"@id\":\"https:\/\/www.deltacultura.org\/pt-pt\/doar\/\",\"url\":\"https:\/\/www.deltacultura.org\/pt-pt\/doar\/\",\"name\":\"Detalhes Banc\u00e1rios - Elimina pobreza atrav\u00e9s da Educa\u00e7\u00e3o\",\"isPartOf\":{\"@id\":\"https:\/\/www.deltacultura.org\/pt-pt\/#website\"},\"primaryImageOfPage\":{\"@id\":\"https:\/\/www.deltacultura.org\/pt-pt\/doar\/#primaryimage\"},\"image\":{\"@id\":\"https:\/\/www.deltacultura.org\/pt-pt\/doar\/#primaryimage\"},\"thumbnailUrl\":\"https:\/\/www.deltacultura.org\/wp-content\/uploads\/2023\/07\/ziele-rahmenbedingungen-1.jpg\",\"datePublished\":\"2023-11-14T12:01:20+00:00\",\"dateModified\":\"2023-11-26T11:17:41+00:00\",\"breadcrumb\":{\"@id\":\"https:\/\/www.deltacultura.org\/pt-pt\/doar\/#breadcrumb\"},\"inLanguage\":\"pt-PT\",\"potentialAction\":[{\"@type\":\"ReadAction\",\"target\":[\"https:\/\/www.deltacultura.org\/pt-pt\/doar\/\"]}]},{\"@type\":\"ImageObject\",\"inLanguage\":\"pt-PT\",\"@id\":\"https:\/\/www.deltacultura.org\/pt-pt\/doar\/#primaryimage\",\"url\":\"https:\/\/www.deltacultura.org\/wp-content\/uploads\/2023\/07\/ziele-rahmenbedingungen-1.jpg\",\"contentUrl\":\"https:\/\/www.deltacultura.org\/wp-content\/uploads\/2023\/07\/ziele-rahmenbedingungen-1.jpg\",\"width\":1920,\"height\":1280},{\"@type\":\"BreadcrumbList\",\"@id\":\"https:\/\/www.deltacultura.org\/pt-pt\/doar\/#breadcrumb\",\"itemListElement\":[{\"@type\":\"ListItem\",\"position\":1,\"name\":\"Startseite\",\"item\":\"https:\/\/www.deltacultura.org\/pt-pt\/\"},{\"@type\":\"ListItem\",\"position\":2,\"name\":\"Detalhes Banc\u00e1rios\"}]},{\"@type\":\"WebSite\",\"@id\":\"https:\/\/www.deltacultura.org\/pt-pt\/#website\",\"url\":\"https:\/\/www.deltacultura.org\/pt-pt\/\",\"name\":\"Delta Cultura\",\"description\":\"\",\"publisher\":{\"@id\":\"https:\/\/www.deltacultura.org\/pt-pt\/#organization\"},\"potentialAction\":[{\"@type\":\"SearchAction\",\"target\":{\"@type\":\"EntryPoint\",\"urlTemplate\":\"https:\/\/www.deltacultura.org\/pt-pt\/?s={search_term_string}\"},\"query-input\":{\"@type\":\"PropertyValueSpecification\",\"valueRequired\":true,\"valueName\":\"search_term_string\"}}],\"inLanguage\":\"pt-PT\"},{\"@type\":\"Organization\",\"@id\":\"https:\/\/www.deltacultura.org\/pt-pt\/#organization\",\"name\":\"Delta Cultura\",\"url\":\"https:\/\/www.deltacultura.org\/pt-pt\/\",\"logo\":{\"@type\":\"ImageObject\",\"inLanguage\":\"pt-PT\",\"@id\":\"https:\/\/www.deltacultura.org\/pt-pt\/#\/schema\/logo\/image\/\",\"url\":\"https:\/\/www.deltacultura.org\/wp-content\/uploads\/2023\/11\/Blanco_DeltaCultura.png\",\"contentUrl\":\"https:\/\/www.deltacultura.org\/wp-content\/uploads\/2023\/11\/Blanco_DeltaCultura.png\",\"width\":487,\"height\":160,\"caption\":\"Delta Cultura\"},\"image\":{\"@id\":\"https:\/\/www.deltacultura.org\/pt-pt\/#\/schema\/logo\/image\/\"},\"sameAs\":[\"https:\/\/www.facebook.com\/deltacultura\",\"https:\/\/x.com\/deltacultura\",\"https:\/\/www.instagram.com\/deltacultura\/\",\"https:\/\/www.youtube.com\/channel\/UC4_XsNAaqBgn3R_31jXuwvQ\"]}]}<\/script>\n<!-- \/ Yoast SEO plugin. -->","yoast_head_json":{"title":"Detalhes Banc\u00e1rios - Elimina pobreza atrav\u00e9s da Educa\u00e7\u00e3o","robots":{"index":"index","follow":"follow","max-snippet":"max-snippet:-1","max-image-preview":"max-image-preview:large","max-video-preview":"max-video-preview:-1"},"canonical":"https:\/\/www.deltacultura.org\/pt-pt\/doar\/","og_locale":"pt_PT","og_type":"article","og_title":"Detalhes Banc\u00e1rios - Elimina pobreza atrav\u00e9s da Educa\u00e7\u00e3o","og_description":"A Delta Cultura erradica a pobreza atrav\u00e9s da educa\u00e7\u00e3o. Uma vis\u00e3o que precisa do seu apoio. Sua doa\u00e7\u00e3o nos ajuda a melhorar e aprofundar os programas educacionais em Tarrafal, para construir uma rede de educa\u00e7\u00e3o e melhorar a compreens\u00e3o intercultural. Desde 2002 estamos em um bom caminho, no rastreamento das raz\u00f5es da pobreza. Por favor, [&hellip;]","og_url":"https:\/\/www.deltacultura.org\/pt-pt\/doar\/","og_site_name":"Elimina pobreza atrav\u00e9s da Educa\u00e7\u00e3o","article_publisher":"https:\/\/www.facebook.com\/deltacultura","article_modified_time":"2023-11-26T11:17:41+00:00","og_image":[{"width":1920,"height":1280,"url":"https:\/\/www.deltacultura.org\/wp-content\/uploads\/2023\/07\/ziele-rahmenbedingungen-1.jpg","type":"image\/jpeg"}],"twitter_card":"summary_large_image","twitter_site":"@deltacultura","twitter_misc":{"Tempo estimado de leitura":"2 minutos"},"schema":{"@context":"https:\/\/schema.org","@graph":[{"@type":"WebPage","@id":"https:\/\/www.deltacultura.org\/pt-pt\/doar\/","url":"https:\/\/www.deltacultura.org\/pt-pt\/doar\/","name":"Detalhes Banc\u00e1rios - Elimina pobreza atrav\u00e9s da Educa\u00e7\u00e3o","isPartOf":{"@id":"https:\/\/www.deltacultura.org\/pt-pt\/#website"},"primaryImageOfPage":{"@id":"https:\/\/www.deltacultura.org\/pt-pt\/doar\/#primaryimage"},"image":{"@id":"https:\/\/www.deltacultura.org\/pt-pt\/doar\/#primaryimage"},"thumbnailUrl":"https:\/\/www.deltacultura.org\/wp-content\/uploads\/2023\/07\/ziele-rahmenbedingungen-1.jpg","datePublished":"2023-11-14T12:01:20+00:00","dateModified":"2023-11-26T11:17:41+00:00","breadcrumb":{"@id":"https:\/\/www.deltacultura.org\/pt-pt\/doar\/#breadcrumb"},"inLanguage":"pt-PT","potentialAction":[{"@type":"ReadAction","target":["https:\/\/www.deltacultura.org\/pt-pt\/doar\/"]}]},{"@type":"ImageObject","inLanguage":"pt-PT","@id":"https:\/\/www.deltacultura.org\/pt-pt\/doar\/#primaryimage","url":"https:\/\/www.deltacultura.org\/wp-content\/uploads\/2023\/07\/ziele-rahmenbedingungen-1.jpg","contentUrl":"https:\/\/www.deltacultura.org\/wp-content\/uploads\/2023\/07\/ziele-rahmenbedingungen-1.jpg","width":1920,"height":1280},{"@type":"BreadcrumbList","@id":"https:\/\/www.deltacultura.org\/pt-pt\/doar\/#breadcrumb","itemListElement":[{"@type":"ListItem","position":1,"name":"Startseite","item":"https:\/\/www.deltacultura.org\/pt-pt\/"},{"@type":"ListItem","position":2,"name":"Detalhes Banc\u00e1rios"}]},{"@type":"WebSite","@id":"https:\/\/www.deltacultura.org\/pt-pt\/#website","url":"https:\/\/www.deltacultura.org\/pt-pt\/","name":"Delta Cultura","description":"","publisher":{"@id":"https:\/\/www.deltacultura.org\/pt-pt\/#organization"},"potentialAction":[{"@type":"SearchAction","target":{"@type":"EntryPoint","urlTemplate":"https:\/\/www.deltacultura.org\/pt-pt\/?s={search_term_string}"},"query-input":{"@type":"PropertyValueSpecification","valueRequired":true,"valueName":"search_term_string"}}],"inLanguage":"pt-PT"},{"@type":"Organization","@id":"https:\/\/www.deltacultura.org\/pt-pt\/#organization","name":"Delta Cultura","url":"https:\/\/www.deltacultura.org\/pt-pt\/","logo":{"@type":"ImageObject","inLanguage":"pt-PT","@id":"https:\/\/www.deltacultura.org\/pt-pt\/#\/schema\/logo\/image\/","url":"https:\/\/www.deltacultura.org\/wp-content\/uploads\/2023\/11\/Blanco_DeltaCultura.png","contentUrl":"https:\/\/www.deltacultura.org\/wp-content\/uploads\/2023\/11\/Blanco_DeltaCultura.png","width":487,"height":160,"caption":"Delta Cultura"},"image":{"@id":"https:\/\/www.deltacultura.org\/pt-pt\/#\/schema\/logo\/image\/"},"sameAs":["https:\/\/www.facebook.com\/deltacultura","https:\/\/x.com\/deltacultura","https:\/\/www.instagram.com\/deltacultura\/","https:\/\/www.youtube.com\/channel\/UC4_XsNAaqBgn3R_31jXuwvQ"]}]}},"_links":{"self":[{"href":"https:\/\/www.deltacultura.org\/pt-pt\/wp-json\/wp\/v2\/pages\/7251","targetHints":{"allow":["GET"]}}],"collection":[{"href":"https:\/\/www.deltacultura.org\/pt-pt\/wp-json\/wp\/v2\/pages"}],"about":[{"href":"https:\/\/www.deltacultura.org\/pt-pt\/wp-json\/wp\/v2\/types\/page"}],"author":[{"embeddable":true,"href":"https:\/\/www.deltacultura.org\/pt-pt\/wp-json\/wp\/v2\/users\/1"}],"replies":[{"embeddable":true,"href":"https:\/\/www.deltacultura.org\/pt-pt\/wp-json\/wp\/v2\/comments?post=7251"}],"version-history":[{"count":0,"href":"https:\/\/www.deltacultura.org\/pt-pt\/wp-json\/wp\/v2\/pages\/7251\/revisions"}],"wp:featuredmedia":[{"embeddable":true,"href":"https:\/\/www.deltacultura.org\/pt-pt\/wp-json\/wp\/v2\/media\/4868"}],"wp:attachment":[{"href":"https:\/\/www.deltacultura.org\/pt-pt\/wp-json\/wp\/v2\/media?parent=7251"}],"curies":[{"name":"wp","href":"https:\/\/api.w.org\/{rel}","templated":true}]}}